{"id":26,"date":"2020-11-27T17:06:37","date_gmt":"2020-11-27T17:06:37","guid":{"rendered":"https:\/\/vorosistvan.hu\/vorosistvanwebaruhaz\/?page_id=26"},"modified":"2024-03-08T19:18:28","modified_gmt":"2024-03-08T19:18:28","slug":"adatvedelmi-szerzodesi-feltetelek","status":"publish","type":"page","link":"https:\/\/vorosistvan.hu\/vorosistvanwebaruhaz\/adatvedelmi-szerzodesi-feltetelek\/","title":{"rendered":"\u00c1LTAL\u00c1NOS SZERZ\u0150D\u00c9SI FELT\u00c9TELEK"},"content":{"rendered":"\n<h2 class=\"wp-block-heading\"><strong><span class=\"has-inline-color has-nv-c-2-color\">A v\u00e1s\u00e1rl\u00e1s menete:<\/span><\/strong><\/h2>\n\n\n\n<p>Az internetes boltunkban a kateg\u00f3ri\u00e1k vagy alkateg\u00f3ri\u00e1k kiv\u00e1laszt\u00e1s\u00e1val lehet b\u00f6ng\u00e9szni a term\u00e9k k\u00f6z\u00f6tt. A term\u00e9k r\u00e9szletes adatai a term\u00e9k k\u00e9p\u00e9re vagy a &#8222;r\u00e9szletek&#8221; gombra kattint\u00e1ssal tekinthet\u0151k meg.<br><br>A term\u00e9k a &#8222;<strong>MENNYIS\u00c9G<\/strong>&#8221; megad\u00e1sa ut\u00e1n a &#8222;<strong>KOS\u00c1R<\/strong>&#8221; gomb megnyom\u00e1s\u00e1val v\u00e1s\u00e1rolhat\u00f3 meg. (Ez a m\u0171velet ebben a l\u00e9p\u00e9sben m\u00e9g nem jelent konkr\u00e9t v\u00e1s\u00e1rl\u00e1st, csak a v\u00e1s\u00e1rl\u00e1shoz vezet\u0151 els\u0151 l\u00e9p\u00e9st.) Ezzel a term\u00e9k a kos\u00e1rba ker\u00fcl, onnan b\u00e1rmikor kivehet\u0151, mennyis\u00e9ge v\u00e1ltoztathat\u00f3.&nbsp;<br><br>A list\u00e1ba rakott term\u00e9keket a jobb oldalon l\u00e1that\u00f3&nbsp;<strong>&#8222;KOS\u00c1R&#8221;&nbsp;&nbsp;<\/strong>modulban&nbsp;lehet ellen\u0151rizni. Itt a megrendel\u00e9s elk\u00fcld\u00e9se el\u0151tt m\u00e9g lehet v\u00e1ltoztatni a mennyis\u00e9geken, illetve t\u00f6r\u00f6lni a list\u00e1b\u00f3l. Ezut\u00e1n a kos\u00e1r tartalma alatt l\u00e9v\u0151 &#8222;<strong>P\u00c9NZT\u00c1RHOZ<\/strong>&#8221; feliratra kattintva megjelenik a&nbsp;&#8222;<strong>K\u00c9RJ\u00dcK ADJA MEG ADATAIT<\/strong>!&#8221; elnevez\u00e9s\u0171 \u0171rlap, melynek kit\u00f6lt\u00e9se ut\u00e1n lehet v\u00e9gleges\u00edteni a megrendel\u00e9st. Ezen az \u0171rlapon kell felt\u00fcntetni a v\u00e1lasztott fizet\u00e9si m\u00f3dot is a&nbsp;<strong>&#8222;Megjegyz\u00e9s&#8221;<\/strong>&nbsp;rovatban.<br><\/p>\n\n\n\n<h2 class=\"wp-block-heading\"><strong><span class=\"has-inline-color has-nv-c-2-color\">Rendel\u00e9s:<\/span><\/strong><\/h2>\n\n\n\n<p>A megrendel\u00e9s elk\u00fcld\u00e9s\u00e9vel \u00e9s annak visszaigazol\u00e1s\u00e1val szerz\u0151d\u00e9s j\u00f6n l\u00e9tre <br><br><strong>V\u00f6r\u00f6s Istv\u00e1n Produkci\u00f3 Kft. <br>(Sz\u00e9khely: 2132 .G\u00f6d, F\u00fczike u.47. <br>Ad\u00f3sz\u00e1m: 12407466-1-13, <br>C\u00e9gjegyz\u00e9ksz\u00e1m: Cg.13-09-134810),<\/strong><br><br>mint Elad\u00f3 \u00e9s a Megrendel\u0151, mint Vev\u0151 k\u00f6z\u00f6tt:<br><br>Az Elad\u00f3 k\u00f6teles a Vev\u0151 \u00e1ltal &nbsp;megrendelt term\u00e9keket a Megrendel\u0151lapon megjel\u00f6lt sz\u00e1ll\u00edt\u00e1si c\u00edmre eljuttatni.&nbsp;<br>A Vev\u0151 k\u00f6teles az \u00e1ltala megjel\u00f6lt c\u00edmre kisz\u00e1ll\u00edtott term\u00e9keket \u00e1tvenni \u00e9s a v\u00e9tel\u00e1rat, ill. sz\u00e1ll\u00edt\u00e1si d\u00edjat a post\u00e1s r\u00e9sz\u00e9re kifizetni, amennyiben nem bankk\u00e1rty\u00e1val, banki \u00e1tutal\u00e1ssal&nbsp;vagy postai csekken&nbsp;t\u00f6rt\u00e9nt a fizet\u00e9s.&nbsp;<br>Rendel\u00e9se elk\u00fcld\u00e9se ut\u00e1n 24 \u00f3r\u00e1n bel\u00fcl visszaigazol\u00e1st kap arr\u00f3l, hogy rendel\u00e9se feldolgoz\u00e1sra ker\u00fclt. Szint\u00e9n 24 \u00f3ra \u00e1ll rendelkez\u00e9s\u00e9re ahhoz, hogy rendel\u00e9s\u00e9t lemondja, vagy m\u00f3dos\u00edtsa. Els\u0151 rendel\u00e9s\u00e9nek elk\u00fcld\u00e9se ut\u00e1n \u00fcgyf\u00e9lszolg\u00e1latunk megkeresheti \u00d6nt, amennyiben a rendel\u00e9s pontos lebonyol\u00edt\u00e1s\u00e1hoz sz\u00fcks\u00e9ges adatok hi\u00e1nyoznak.<br>A web\u00e1ruh\u00e1zban minden term\u00e9k az \u00e1ru brutt\u00f3 \u00e1r\u00e1t tartalmazza, nem tartalmazza viszont a sz\u00e1ll\u00edt\u00e1si k\u00f6lts\u00e9get!&nbsp;<br><\/p>\n\n\n\n<h2 class=\"wp-block-heading\"><strong><span class=\"has-inline-color has-nv-c-2-color\">Sz\u00e1ll\u00edt\u00e1s, fizet\u00e9s:<\/span><\/strong><\/h2>\n\n\n\n<h4 class=\"wp-block-heading\"><em>1.&nbsp;Bankk\u00e1rty\u00e1s fizet\u00e9s (Barion), banki \u00e1tutal\u00e1s&nbsp;eset\u00e9n:<\/em><\/h4>\n\n\n\n<p>A k\u00e9nyelmes \u00e9s biztons\u00e1gos online fizet\u00e9st a<strong> <\/strong><br><br><strong>Barion Payment Zrt. biztos\u00edtja.<br>Magyar Nemzeti Bank enged\u00e9ly sz\u00e1ma: H-EN-I-1064\/2013<\/strong><br><strong><br><\/strong>Bankk\u00e1rtya adatai \u00e1ruh\u00e1zunkhoz nem jutnak el.<\/p>\n\n\n\n<p><\/p>\n\n\n\n<p><em>2. OTP Sz\u00e9p k\u00e1rty\u00e1s fizet\u00e9s<\/em> .<\/p>\n\n\n\n<p><a href=\"https:\/\/www.barion.com\/hu\/tajekoztato-biztonsagos-online-fizetesrol\" target=\"_blank\" rel=\"noreferrer noopener\"><\/a><\/p>\n\n\n\n<h3 class=\"wp-block-heading\">3<em>.&nbsp;Szem\u00e9lyes \u00e1tv\u00e9tel&nbsp;<\/em><\/h3>\n\n\n\n<p>a&nbsp;koncerteken lehets\u00e9ges.<\/p>\n\n\n\n<h3 class=\"wp-block-heading\"><em>4. Elk\u00fcld\u00e9s e-mailban &#8211; koncertjegyn\u00e9l.<\/em><\/h3>\n\n\n\n<p><\/p>\n\n\n\n<h2 class=\"wp-block-heading\"><span style=\"background-color:rgba(0, 0, 0, 0)\" class=\"has-inline-color has-nv-c-2-color\"><strong>Lemond\u00e1s, rendezv\u00e9ny elmarad\u00e1sa<\/strong>:<\/span><\/h2>\n\n\n\n<p>Szabadt\u00e9ren megrendezett Rendezv\u00e9ny eset\u00e9ben a Produkci\u00f3nak lehet\u0151s\u00e9ge van tartal\u00e9k rendezv\u00e9nynapot (es\u0151nap) meghirdetni. Amennyiben az es\u0151nap d\u00e1tuma meghirdet\u00e9sre ker\u00fclt, a Produkci\u00f3 b\u00e1rmikor d\u00f6nthet \u00fagy, hogy a Rendezv\u00e9nyt az es\u0151napon tartja meg. A Szolg\u00e1ltat\u00f3 e d\u00f6nt\u00e9sr\u0151l a V\u00e1s\u00e1rl\u00f3kat vorosistvanwebaruhaz oldalon kereszt\u00fcl halad\u00e9ktalanul t\u00e1j\u00e9koztatja. A V\u00e1s\u00e1rl\u00f3 tudom\u00e1sul veszi, hogy a Rendezv\u00e9ny es\u0151napon val\u00f3 megtart\u00e1sa miatt nem illeti meg el\u00e1ll\u00e1si jog.<\/p>\n\n\n\n<p>A V\u00f6r\u00f6s Istv\u00e1n Produkci\u00f3 az id\u0151pont v\u00e1toztat\u00e1s jog\u00e1t minden esem\u00e9nye kapcs\u00e1n fenntartja, annak ellen\u00e9re,hogy minden t\u0151le elv\u00e1rhat\u00f3t megtesz annak \u00e9rdek\u00e9ben, hogy a rendezv\u00e9ny a megh\u00edrdetett id\u0151pontban val\u00f3suljon meg. A V\u00e1s\u00e1rl\u00f3 tudom\u00e1sul veszi, hogy a Rendezv\u00e9ny elmarad\u00e1sa eset\u00e9n a Produkci\u00f3 alternat\u00edv id\u0151pontot hat\u00e1roz meg , melyre az elmaradt koncert jegyek \u00e9rv\u00e9nyesek, vagy visszav\u00e1lthat\u00f3k.&nbsp;<\/p>\n\n\n\n<p>Amennyiben h\u00e1bor\u00fa, l\u00e1zad\u00e1s, terrorcselekm\u00e9ny, sztr\u00e1jk, baleset, t\u0171z, blok\u00e1d, \u00e1rv\u00edz, j\u00e1rv\u00e1ny\u00fcgyi hat\u00f3s\u00e1gi hat\u00e1rozat vagy int\u00e9zked\u00e9s, term\u00e9szeti katasztr\u00f3fa, s\u00falyos energiaell\u00e1t\u00e1si zavar vagy m\u00e1s olyan el\u0151re nem l\u00e1that\u00f3 \u00e9s elh\u00e1r\u00edthatatlan akad\u00e1ly k\u00f6vetkezm\u00e9nyek\u00e9ppen, amely&nbsp; a Produkci\u00f3 hat\u00f3k\u00f6r\u00e9n k\u00edv\u00fcl esik, \u00e9s a szerz\u0151d\u00e9ses k\u00f6telezetts\u00e9g\u00e9nek nem tud eleget tenni, a Produkci\u00f3 nem tartozik felel\u0151ss\u00e9ggel semmilyen vesztes\u00e9g\u00e9rt vagy k\u00e1r\u00e9rt, amely ezen esem\u00e9nyek k\u00f6vetkezt\u00e9ben el\u0151\u00e1llt. Amennyiben a fent felsorolt k\u00f6r\u00fclm\u00e9nyek k\u00f6vetkezm\u00e9nyek\u00e9ppen egy Rendezv\u00e9ny lemond\u00e1sra ker\u00fcl, err\u0151l a Produkci\u00f3 a lehet\u0151 leghamarabb \u00e9rtes\u00edti a V\u00e1s\u00e1rl\u00f3kat.&nbsp;<strong>Az akad\u00e1ly megsz\u0171n\u00e9se ut\u00e1n a Produkci\u00f3 saj\u00e1t d\u00f6nt\u00e9se szerint p\u00f3tolja az elmaradt rendezv\u00e9nyt,<\/strong>&nbsp;ha ezt a lemond\u00e1ssal \u00e9rintett Rendezv\u00e9nyek sz\u00e1ma, az akad\u00e1ly jellege ezt lehet\u0151v\u00e9 teszi.&nbsp;<strong>A jelen pontban felsorolt okokb\u00f3l t\u00f6rt\u00e9n\u0151 Rendezv\u00e9ny-elmarad\u00e1s eset\u00e9n a V\u00f6r\u00f6s Istv\u00e1n Produkci\u00f3 a bel\u00e9p\u0151jegy v\u00e9tel\u00e1r\u00e1nak visszafizet\u00e9s\u00e9re nem k\u00f6teles.<\/strong><br><\/p>\n\n\n\n<h2 class=\"wp-block-heading\"><strong><span class=\"has-inline-color has-nv-c-2-color\">Adatv\u00e9delem:<\/span><\/strong><\/h2>\n\n\n\n<p>A V\u00f6r\u00f6s Istv\u00e1n Produkci\u00f3 Kft. a birtok\u00e1ba jutott adatokat bizalmasan kezeli, kiz\u00e1r\u00f3lag a rendel\u00e9sek teljes\u00edt\u00e9s\u00e9hez haszn\u00e1lja fel, semmilyen form\u00e1ban nem adja tov\u00e1bb azokat harmadik f\u00e9l r\u00e9sz\u00e9re.<br><br>Az adatok kezel\u00e9sekor a 2011. \u00e9vi CXII. t\u00f6rv\u00e9nyben el\u0151\u00edrtaknak megfelel\u0151en j\u00e1runk el.<\/p>\n","protected":false},"excerpt":{"rendered":"<p>A v\u00e1s\u00e1rl\u00e1s menete: Az internetes boltunkban a kateg\u00f3ri\u00e1k vagy alkateg\u00f3ri\u00e1k kiv\u00e1laszt\u00e1s\u00e1val lehet b\u00f6ng\u00e9szni a term\u00e9k k\u00f6z\u00f6tt. A term\u00e9k r\u00e9szletes adatai a term\u00e9k k\u00e9p\u00e9re vagy a &#8222;r\u00e9szletek&#8221; gombra kattint\u00e1ssal tekinthet\u0151k meg. A term\u00e9k a &#8222;MENNYIS\u00c9G&#8221; megad\u00e1sa ut\u00e1n a &#8222;KOS\u00c1R&#8221; gomb megnyom\u00e1s\u00e1val v\u00e1s\u00e1rolhat\u00f3 meg. (Ez a m\u0171velet ebben a l\u00e9p\u00e9sben m\u00e9g nem jelent konkr\u00e9t v\u00e1s\u00e1rl\u00e1st, csak a&hellip;&nbsp;<a href=\"https:\/\/vorosistvan.hu\/vorosistvanwebaruhaz\/adatvedelmi-szerzodesi-feltetelek\/\" rel=\"bookmark\">Read More &raquo;<span class=\"screen-reader-text\">\u00c1LTAL\u00c1NOS SZERZ\u0150D\u00c9SI FELT\u00c9TELEK<\/span><\/a><\/p>\n","protected":false},"author":1,"featured_media":0,"parent":0,"menu_order":0,"comment_status":"closed","ping_status":"closed","template":"","meta":{"neve_meta_sidebar":"full-width","neve_meta_container":"default","neve_meta_enable_content_width":"on","neve_meta_content_width":100,"neve_meta_title_alignment":"left","neve_meta_author_avatar":"","neve_post_elements_order":"","neve_meta_disable_header":"","neve_meta_disable_footer":"","neve_meta_disable_title":"","footnotes":""},"class_list":["post-26","page","type-page","status-publish","hentry"],"yoast_head":"<!-- This site is optimized with the Yoast SEO plugin v27.4 - https:\/\/yoast.com\/product\/yoast-seo-wordpress\/ -->\n<title>\u00c1LTAL\u00c1NOS SZERZ\u0150D\u00c9SI FELT\u00c9TELEK - V\u00f6r\u00f6s Istv\u00e1n web\u00e1ruh\u00e1z<\/title>\n<meta name=\"robots\" content=\"index, follow, max-snippet:-1, max-image-preview:large, max-video-preview:-1\" \/>\n<link rel=\"canonical\" href=\"https:\/\/vorosistvan.hu\/vorosistvanwebaruhaz\/adatvedelmi-szerzodesi-feltetelek\/\" \/>\n<meta property=\"og:locale\" content=\"hu_HU\" \/>\n<meta property=\"og:type\" content=\"article\" \/>\n<meta property=\"og:title\" content=\"\u00c1LTAL\u00c1NOS SZERZ\u0150D\u00c9SI FELT\u00c9TELEK - V\u00f6r\u00f6s Istv\u00e1n web\u00e1ruh\u00e1z\" \/>\n<meta property=\"og:description\" content=\"A v\u00e1s\u00e1rl\u00e1s menete: Az internetes boltunkban a kateg\u00f3ri\u00e1k vagy alkateg\u00f3ri\u00e1k kiv\u00e1laszt\u00e1s\u00e1val lehet b\u00f6ng\u00e9szni a term\u00e9k k\u00f6z\u00f6tt. A term\u00e9k r\u00e9szletes adatai a term\u00e9k k\u00e9p\u00e9re vagy a &#8222;r\u00e9szletek&#8221; gombra kattint\u00e1ssal tekinthet\u0151k meg. A term\u00e9k a &#8222;MENNYIS\u00c9G&#8221; megad\u00e1sa ut\u00e1n a &#8222;KOS\u00c1R&#8221; gomb megnyom\u00e1s\u00e1val v\u00e1s\u00e1rolhat\u00f3 meg. (Ez a m\u0171velet ebben a l\u00e9p\u00e9sben m\u00e9g nem jelent konkr\u00e9t v\u00e1s\u00e1rl\u00e1st, csak a&hellip;&nbsp;Read More &raquo;\u00c1LTAL\u00c1NOS SZERZ\u0150D\u00c9SI FELT\u00c9TELEK\" \/>\n<meta property=\"og:url\" content=\"https:\/\/vorosistvan.hu\/vorosistvanwebaruhaz\/adatvedelmi-szerzodesi-feltetelek\/\" \/>\n<meta property=\"og:site_name\" content=\"V\u00f6r\u00f6s Istv\u00e1n web\u00e1ruh\u00e1z\" \/>\n<meta property=\"article:modified_time\" content=\"2024-03-08T19:18:28+00:00\" \/>\n<meta name=\"twitter:card\" content=\"summary_large_image\" \/>\n<meta name=\"twitter:label1\" content=\"Becs\u00fclt olvas\u00e1si id\u0151\" \/>\n\t<meta name=\"twitter:data1\" content=\"4 perc\" \/>\n<script type=\"application\/ld+json\" class=\"yoast-schema-graph\">{\"@context\":\"https:\\\/\\\/schema.org\",\"@graph\":[{\"@type\":\"WebPage\",\"@id\":\"https:\\\/\\\/vorosistvan.hu\\\/vorosistvanwebaruhaz\\\/adatvedelmi-szerzodesi-feltetelek\\\/\",\"url\":\"https:\\\/\\\/vorosistvan.hu\\\/vorosistvanwebaruhaz\\\/adatvedelmi-szerzodesi-feltetelek\\\/\",\"name\":\"\u00c1LTAL\u00c1NOS SZERZ\u0150D\u00c9SI FELT\u00c9TELEK - V\u00f6r\u00f6s Istv\u00e1n web\u00e1ruh\u00e1z\",\"isPartOf\":{\"@id\":\"https:\\\/\\\/vorosistvan.hu\\\/vorosistvanwebaruhaz\\\/#website\"},\"datePublished\":\"2020-11-27T17:06:37+00:00\",\"dateModified\":\"2024-03-08T19:18:28+00:00\",\"breadcrumb\":{\"@id\":\"https:\\\/\\\/vorosistvan.hu\\\/vorosistvanwebaruhaz\\\/adatvedelmi-szerzodesi-feltetelek\\\/#breadcrumb\"},\"inLanguage\":\"hu\",\"potentialAction\":[{\"@type\":\"ReadAction\",\"target\":[\"https:\\\/\\\/vorosistvan.hu\\\/vorosistvanwebaruhaz\\\/adatvedelmi-szerzodesi-feltetelek\\\/\"]}]},{\"@type\":\"BreadcrumbList\",\"@id\":\"https:\\\/\\\/vorosistvan.hu\\\/vorosistvanwebaruhaz\\\/adatvedelmi-szerzodesi-feltetelek\\\/#breadcrumb\",\"itemListElement\":[{\"@type\":\"ListItem\",\"position\":1,\"name\":\"Kezd\u0151lap\",\"item\":\"https:\\\/\\\/vorosistvan.hu\\\/vorosistvanwebaruhaz\\\/\"},{\"@type\":\"ListItem\",\"position\":2,\"name\":\"\u00c1LTAL\u00c1NOS SZERZ\u0150D\u00c9SI FELT\u00c9TELEK\"}]},{\"@type\":\"WebSite\",\"@id\":\"https:\\\/\\\/vorosistvan.hu\\\/vorosistvanwebaruhaz\\\/#website\",\"url\":\"https:\\\/\\\/vorosistvan.hu\\\/vorosistvanwebaruhaz\\\/\",\"name\":\"V\u00f6r\u00f6s Istv\u00e1n web\u00e1ruh\u00e1z\",\"description\":\"\",\"potentialAction\":[{\"@type\":\"SearchAction\",\"target\":{\"@type\":\"EntryPoint\",\"urlTemplate\":\"https:\\\/\\\/vorosistvan.hu\\\/vorosistvanwebaruhaz\\\/?s={search_term_string}\"},\"query-input\":{\"@type\":\"PropertyValueSpecification\",\"valueRequired\":true,\"valueName\":\"search_term_string\"}}],\"inLanguage\":\"hu\"}]}<\/script>\n<!-- \/ Yoast SEO plugin. -->","yoast_head_json":{"title":"\u00c1LTAL\u00c1NOS SZERZ\u0150D\u00c9SI FELT\u00c9TELEK - V\u00f6r\u00f6s Istv\u00e1n web\u00e1ruh\u00e1z","robots":{"index":"index","follow":"follow","max-snippet":"max-snippet:-1","max-image-preview":"max-image-preview:large","max-video-preview":"max-video-preview:-1"},"canonical":"https:\/\/vorosistvan.hu\/vorosistvanwebaruhaz\/adatvedelmi-szerzodesi-feltetelek\/","og_locale":"hu_HU","og_type":"article","og_title":"\u00c1LTAL\u00c1NOS SZERZ\u0150D\u00c9SI FELT\u00c9TELEK - V\u00f6r\u00f6s Istv\u00e1n web\u00e1ruh\u00e1z","og_description":"A v\u00e1s\u00e1rl\u00e1s menete: Az internetes boltunkban a kateg\u00f3ri\u00e1k vagy alkateg\u00f3ri\u00e1k kiv\u00e1laszt\u00e1s\u00e1val lehet b\u00f6ng\u00e9szni a term\u00e9k k\u00f6z\u00f6tt. A term\u00e9k r\u00e9szletes adatai a term\u00e9k k\u00e9p\u00e9re vagy a &#8222;r\u00e9szletek&#8221; gombra kattint\u00e1ssal tekinthet\u0151k meg. A term\u00e9k a &#8222;MENNYIS\u00c9G&#8221; megad\u00e1sa ut\u00e1n a &#8222;KOS\u00c1R&#8221; gomb megnyom\u00e1s\u00e1val v\u00e1s\u00e1rolhat\u00f3 meg. (Ez a m\u0171velet ebben a l\u00e9p\u00e9sben m\u00e9g nem jelent konkr\u00e9t v\u00e1s\u00e1rl\u00e1st, csak a&hellip;&nbsp;Read More &raquo;\u00c1LTAL\u00c1NOS SZERZ\u0150D\u00c9SI FELT\u00c9TELEK","og_url":"https:\/\/vorosistvan.hu\/vorosistvanwebaruhaz\/adatvedelmi-szerzodesi-feltetelek\/","og_site_name":"V\u00f6r\u00f6s Istv\u00e1n web\u00e1ruh\u00e1z","article_modified_time":"2024-03-08T19:18:28+00:00","twitter_card":"summary_large_image","twitter_misc":{"Becs\u00fclt olvas\u00e1si id\u0151":"4 perc"},"schema":{"@context":"https:\/\/schema.org","@graph":[{"@type":"WebPage","@id":"https:\/\/vorosistvan.hu\/vorosistvanwebaruhaz\/adatvedelmi-szerzodesi-feltetelek\/","url":"https:\/\/vorosistvan.hu\/vorosistvanwebaruhaz\/adatvedelmi-szerzodesi-feltetelek\/","name":"\u00c1LTAL\u00c1NOS SZERZ\u0150D\u00c9SI FELT\u00c9TELEK - V\u00f6r\u00f6s Istv\u00e1n web\u00e1ruh\u00e1z","isPartOf":{"@id":"https:\/\/vorosistvan.hu\/vorosistvanwebaruhaz\/#website"},"datePublished":"2020-11-27T17:06:37+00:00","dateModified":"2024-03-08T19:18:28+00:00","breadcrumb":{"@id":"https:\/\/vorosistvan.hu\/vorosistvanwebaruhaz\/adatvedelmi-szerzodesi-feltetelek\/#breadcrumb"},"inLanguage":"hu","potentialAction":[{"@type":"ReadAction","target":["https:\/\/vorosistvan.hu\/vorosistvanwebaruhaz\/adatvedelmi-szerzodesi-feltetelek\/"]}]},{"@type":"BreadcrumbList","@id":"https:\/\/vorosistvan.hu\/vorosistvanwebaruhaz\/adatvedelmi-szerzodesi-feltetelek\/#breadcrumb","itemListElement":[{"@type":"ListItem","position":1,"name":"Kezd\u0151lap","item":"https:\/\/vorosistvan.hu\/vorosistvanwebaruhaz\/"},{"@type":"ListItem","position":2,"name":"\u00c1LTAL\u00c1NOS SZERZ\u0150D\u00c9SI FELT\u00c9TELEK"}]},{"@type":"WebSite","@id":"https:\/\/vorosistvan.hu\/vorosistvanwebaruhaz\/#website","url":"https:\/\/vorosistvan.hu\/vorosistvanwebaruhaz\/","name":"V\u00f6r\u00f6s Istv\u00e1n web\u00e1ruh\u00e1z","description":"","potentialAction":[{"@type":"SearchAction","target":{"@type":"EntryPoint","urlTemplate":"https:\/\/vorosistvan.hu\/vorosistvanwebaruhaz\/?s={search_term_string}"},"query-input":{"@type":"PropertyValueSpecification","valueRequired":true,"valueName":"search_term_string"}}],"inLanguage":"hu"}]}},"_links":{"self":[{"href":"https:\/\/vorosistvan.hu\/vorosistvanwebaruhaz\/wp-json\/wp\/v2\/pages\/26","targetHints":{"allow":["GET"]}}],"collection":[{"href":"https:\/\/vorosistvan.hu\/vorosistvanwebaruhaz\/wp-json\/wp\/v2\/pages"}],"about":[{"href":"https:\/\/vorosistvan.hu\/vorosistvanwebaruhaz\/wp-json\/wp\/v2\/types\/page"}],"author":[{"embeddable":true,"href":"https:\/\/vorosistvan.hu\/vorosistvanwebaruhaz\/wp-json\/wp\/v2\/users\/1"}],"replies":[{"embeddable":true,"href":"https:\/\/vorosistvan.hu\/vorosistvanwebaruhaz\/wp-json\/wp\/v2\/comments?post=26"}],"version-history":[{"count":3,"href":"https:\/\/vorosistvan.hu\/vorosistvanwebaruhaz\/wp-json\/wp\/v2\/pages\/26\/revisions"}],"predecessor-version":[{"id":7700,"href":"https:\/\/vorosistvan.hu\/vorosistvanwebaruhaz\/wp-json\/wp\/v2\/pages\/26\/revisions\/7700"}],"wp:attachment":[{"href":"https:\/\/vorosistvan.hu\/vorosistvanwebaruhaz\/wp-json\/wp\/v2\/media?parent=26"}],"curies":[{"name":"wp","href":"https:\/\/api.w.org\/{rel}","templated":true}]}}