{"id":60,"date":"2020-11-27T19:45:32","date_gmt":"2020-11-27T19:45:32","guid":{"rendered":"https:\/\/vorosistvan.hu\/vorosistvanwebaruhaz\/?page_id=60"},"modified":"2024-03-08T19:11:31","modified_gmt":"2024-03-08T19:11:31","slug":"vasarloi-tajekoztato","status":"publish","type":"page","link":"https:\/\/vorosistvan.hu\/vorosistvanwebaruhaz\/vasarloi-tajekoztato\/","title":{"rendered":"V\u00c1S\u00c1RL\u00d3I T\u00c1J\u00c9KOZTAT\u00d3"},"content":{"rendered":"<h2><span style=\"text-decoration: underline;\" data-mce-mark=\"1\"><strong>A v\u00e1s\u00e1rl\u00e1s menete:<\/strong><\/span><\/h2>\n<p align=\"left\">Az internetes boltunkban a kateg\u00f3ri\u00e1k vagy alkateg\u00f3ri\u00e1k kiv\u00e1laszt\u00e1s\u00e1val lehet b\u00f6ng\u00e9szni a term\u00e9k k\u00f6z\u00f6tt. A term\u00e9k r\u00e9szletes adatai a term\u00e9k k\u00e9p\u00e9re vagy a &#8222;r\u00e9szletek&#8221; gombra kattint\u00e1ssal tekinthet\u0151k meg.<\/p>\n<p>A term\u00e9k a &#8222;<strong>MENNYIS\u00c9G<\/strong>&#8221; megad\u00e1sa ut\u00e1n a &#8222;<strong>KOS\u00c1R<\/strong>&#8221; gomb megnyom\u00e1s\u00e1val v\u00e1s\u00e1rolhat\u00f3 meg. (Ez a m\u0171velet ebben a l\u00e9p\u00e9sben m\u00e9g nem jelent konkr\u00e9t v\u00e1s\u00e1rl\u00e1st, csak a v\u00e1s\u00e1rl\u00e1shoz vezet\u0151 els\u0151 l\u00e9p\u00e9st.) Ezzel a term\u00e9k a kos\u00e1rba ker\u00fcl, onnan b\u00e1rmikor kivehet\u0151, mennyis\u00e9ge v\u00e1ltoztathat\u00f3.<\/p>\n<p>A list\u00e1ba rakott term\u00e9keket a jobb oldalon l\u00e1that\u00f3 <strong>&#8222;KOS\u00c1R<strong>&#8222;<\/strong> \u00a0<\/strong>modulban\u00a0lehet ellen\u0151rizni. Itt a megrendel\u00e9s elk\u00fcld\u00e9se el\u0151tt m\u00e9g lehet v\u00e1ltoztatni a mennyis\u00e9geken, illetve t\u00f6r\u00f6lni a list\u00e1b\u00f3l. Ezut\u00e1n a kos\u00e1r tartalma alatt l\u00e9v\u0151 &#8222;<strong>KASSZ\u00c1HOZ<\/strong>&#8221; feliratra kattintva megjelenik a\u00a0&#8222;<strong>K\u00c9RJ\u00dcK ADJA MEG ADATAIT<\/strong>!&#8221; elnevez\u00e9s\u0171 \u0171rlap, melynek kit\u00f6lt\u00e9se ut\u00e1n lehet v\u00e9gleges\u00edteni a megrendel\u00e9st. Ezen az \u0171rlapon kell felt\u00fcntetni a v\u00e1lasztott fizet\u00e9si m\u00f3dot is a <strong>&#8222;Megjegyz\u00e9s&#8221;<\/strong> rovatban.<\/p>\n<h2 align=\"left\"><span style=\"text-decoration: underline;\" data-mce-mark=\"1\"><strong>Rendel\u00e9s:<\/strong><\/span><\/h2>\n<p align=\"left\">A megrendel\u00e9s elk\u00fcld\u00e9s\u00e9vel \u00e9s annak visszaigazol\u00e1s\u00e1val szerz\u0151d\u00e9s j\u00f6n l\u00e9tre V\u00f6r\u00f6s Istv\u00e1n Produkci\u00f3 Kft. (Sz\u00e9khely: 2132 .G\u00f6d,F\u00fczike u.47. Ad\u00f3sz\u00e1m: 12407466-1-13, C\u00e9gjegyz\u00e9ksz\u00e1m: Cg.13-09-134810), mint Elad\u00f3 \u00e9s a Megrendel\u0151, mint Vev\u0151 k\u00f6z\u00f6tt:<\/p>\n<p>Az Elad\u00f3 k\u00f6teles a Vev\u0151 \u00e1ltal \u00a0megrendelt term\u00e9keket a Megrendel\u0151lapon megjel\u00f6lt sz\u00e1ll\u00edt\u00e1si c\u00edmre eljuttatni.<\/p>\n<p>A Vev\u0151 k\u00f6teles az \u00e1ltala megjel\u00f6lt c\u00edmre kisz\u00e1ll\u00edtott term\u00e9keket \u00e1tvenni \u00e9s a v\u00e9tel\u00e1rat, ill. sz\u00e1ll\u00edt\u00e1si d\u00edjat a post\u00e1s r\u00e9sz\u00e9re kifizetni, amennyiben nem bankk\u00e1rty\u00e1val, banki \u00e1tutal\u00e1ssal \u00a0t\u00f6rt\u00e9nt a fizet\u00e9s.<\/p>\n<p>Rendel\u00e9se elk\u00fcld\u00e9se ut\u00e1n 24 \u00f3r\u00e1n bel\u00fcl visszaigazol\u00e1st kap arr\u00f3l, hogy rendel\u00e9se feldolgoz\u00e1sra ker\u00fclt. Szint\u00e9n 24 \u00f3ra \u00e1ll rendelkez\u00e9s\u00e9re ahhoz, hogy rendel\u00e9s\u00e9t lemondja, vagy m\u00f3dos\u00edtsa. Els\u0151 rendel\u00e9s\u00e9nek elk\u00fcld\u00e9se ut\u00e1n \u00fcgyf\u00e9lszolg\u00e1latunk megkeresheti \u00d6nt, amennyiben a rendel\u00e9s pontos lebonyol\u00edt\u00e1s\u00e1hoz sz\u00fcks\u00e9ges adatok hi\u00e1nyoznak.<\/p>\n<p>A web\u00e1ruh\u00e1zban minden term\u00e9k az \u00e1ru brutt\u00f3 \u00e1r\u00e1t tartalmazza, nem tartalmazza viszont a sz\u00e1ll\u00edt\u00e1si k\u00f6lts\u00e9get!<\/p>\n<h2 align=\"left\"><strong>Sz\u00e1ll\u00edt\u00e1s, fizet\u00e9s:<\/strong><\/h2>\n<p>1.\u00a0<strong>Bankk\u00e1rty\u00e1s fizet\u00e9s (Barion), banki \u00e1tutal\u00e1s<\/strong>\u00a0eset\u00e9n:<\/p>\n<p>A k\u00e9nyelmes \u00e9s biztons\u00e1gos online fizet\u00e9st a Barion Payment Zrt. biztos\u00edtja.<br \/>\nMagyar Nemzeti Bank enged\u00e9ly sz\u00e1ma: H-EN-I-1064\/2013<br \/>\nBankk\u00e1rtya adatai \u00e1ruh\u00e1zunkhoz nem jutnak el.<br \/>\n<img decoding=\"async\" class=\"alignnone  wp-image-1563 lazyload\" data-src=\"https:\/\/vorosistvan.hu\/vorosistvanwebaruhaz\/wp-content\/uploads\/2021\/07\/barion-card-strip-intl_400px-250x26.png\" alt=\"\" width=\"347\" height=\"36\" data-srcset=\"https:\/\/vorosistvan.hu\/vorosistvanwebaruhaz\/wp-content\/uploads\/2021\/07\/barion-card-strip-intl_400px-250x26.png 250w, https:\/\/vorosistvan.hu\/vorosistvanwebaruhaz\/wp-content\/uploads\/2021\/07\/barion-card-strip-intl_400px.png 400w\" data-sizes=\"(max-width: 347px) 100vw, 347px\" src=\"data:image\/svg+xml;base64,PHN2ZyB3aWR0aD0iMSIgaGVpZ2h0PSIxIiB4bWxucz0iaHR0cDovL3d3dy53My5vcmcvMjAwMC9zdmciPjwvc3ZnPg==\" style=\"--smush-placeholder-width: 347px; --smush-placeholder-aspect-ratio: 347\/36;\" \/><\/p>\n<h2><span style=\"background-color: var(--nv-site-bg); color: var(--nv-text-color); font-family: Arial, Helvetica, sans-serif, var(--nv-fallback-ff); font-size: 0.9em; letter-spacing: 0px; text-transform: var(--bodytexttransform);\">2. OTP Sz\u00e9p k\u00e1rty\u00e1val fizet\u00e9s<\/span><\/h2>\n<p><img decoding=\"async\" class=\"alignnone  wp-image-7692 lazyload\" data-src=\"https:\/\/vorosistvan.hu\/vorosistvanwebaruhaz\/wp-content\/uploads\/2024\/03\/otp-szepkartya-20240308-250x71.jpg\" alt=\"\" width=\"345\" height=\"98\" data-srcset=\"https:\/\/vorosistvan.hu\/vorosistvanwebaruhaz\/wp-content\/uploads\/2024\/03\/otp-szepkartya-20240308-250x71.jpg 250w, https:\/\/vorosistvan.hu\/vorosistvanwebaruhaz\/wp-content\/uploads\/2024\/03\/otp-szepkartya-20240308-150x43.jpg 150w, https:\/\/vorosistvan.hu\/vorosistvanwebaruhaz\/wp-content\/uploads\/2024\/03\/otp-szepkartya-20240308.jpg 312w\" data-sizes=\"(max-width: 345px) 100vw, 345px\" src=\"data:image\/svg+xml;base64,PHN2ZyB3aWR0aD0iMSIgaGVpZ2h0PSIxIiB4bWxucz0iaHR0cDovL3d3dy53My5vcmcvMjAwMC9zdmciPjwvc3ZnPg==\" style=\"--smush-placeholder-width: 345px; --smush-placeholder-aspect-ratio: 345\/98;\" \/><\/p>\n<p><span style=\"background-color: var(--nv-site-bg); color: var(--nv-text-color); font-family: Arial, Helvetica, sans-serif, var(--nv-fallback-ff); font-size: 0.9em; letter-spacing: 0px; font-weight: var(--bodyfontweight); text-transform: var(--bodytexttransform);\">A megrendelt \u00e1rut csak az utal\u00e1s meg\u00e9rkez\u00e9sekor adjuk fel post\u00e1ra aj\u00e1nlott lev\u00e9lk\u00e9nt (ez l\u00e9nyegesen olcs\u00f3bb mint az ut\u00e1nv\u00e9t).\u00a0<\/span><\/p>\n<p><em><span style=\"font-size: small;\" data-mce-mark=\"1\"><span style=\"font-size: small;\" data-mce-mark=\"1\"><span style=\"font-size: small;\" data-mce-mark=\"1\"><span style=\"font-size: small;\" data-mce-mark=\"1\"><span style=\"font-size: small;\" data-mce-mark=\"1\">Felad\u00e1si d\u00edjak aj\u00e1nlott lev\u00e9lk\u00e9nt a mindenkori postai d\u00edjszab\u00e1s szerint.<\/span><\/span><\/span><\/span><\/span><\/em><\/p>\n<p align=\"left\">2. <strong>Szem\u00e9lyes \u00e1tv\u00e9tel <\/strong>a\u00a0koncerteken lehets\u00e9ges.<\/p>\n<p align=\"left\">3. <strong>Elk\u00fcld\u00e9s e-mail-ban<\/strong> (koncertjegyn\u00e9l lehets\u00e9ges).<\/p>\n<h3 align=\"left\"><span style=\"text-decoration: underline;\" data-mce-mark=\"1\"><strong style=\"font-size: small;\">Adatv\u00e9delem:<\/strong><\/span><\/h3>\n<p>A V\u00f6r\u00f6s Istv\u00e1n Produkci\u00f3 Kft. a birtok\u00e1ba jutott adatokat bizalmasan kezeli, kiz\u00e1r\u00f3lag a rendel\u00e9sek teljes\u00edt\u00e9s\u00e9hez haszn\u00e1lja fel, semmilyen form\u00e1ban nem adja tov\u00e1bb azokat harmadik f\u00e9l r\u00e9sz\u00e9re.<\/p>\n<p>Az adatok kezel\u00e9sekor a 2011. \u00e9vi CXII. t\u00f6rv\u00e9nyben el\u0151\u00edrtaknak megfelel\u0151en j\u00e1runk el.<\/p>\n","protected":false},"excerpt":{"rendered":"<p>A v\u00e1s\u00e1rl\u00e1s menete: Az internetes boltunkban a kateg\u00f3ri\u00e1k vagy alkateg\u00f3ri\u00e1k kiv\u00e1laszt\u00e1s\u00e1val lehet b\u00f6ng\u00e9szni a term\u00e9k k\u00f6z\u00f6tt. A term\u00e9k r\u00e9szletes adatai a term\u00e9k k\u00e9p\u00e9re vagy a &#8222;r\u00e9szletek&#8221; gombra kattint\u00e1ssal tekinthet\u0151k meg. A term\u00e9k a &#8222;MENNYIS\u00c9G&#8221; megad\u00e1sa ut\u00e1n a &#8222;KOS\u00c1R&#8221; gomb megnyom\u00e1s\u00e1val v\u00e1s\u00e1rolhat\u00f3 meg. (Ez a m\u0171velet ebben a l\u00e9p\u00e9sben m\u00e9g nem jelent konkr\u00e9t v\u00e1s\u00e1rl\u00e1st, csak a&hellip;&nbsp;<a href=\"https:\/\/vorosistvan.hu\/vorosistvanwebaruhaz\/vasarloi-tajekoztato\/\" rel=\"bookmark\">Read More &raquo;<span class=\"screen-reader-text\">V\u00c1S\u00c1RL\u00d3I T\u00c1J\u00c9KOZTAT\u00d3<\/span><\/a><\/p>\n","protected":false},"author":1,"featured_media":0,"parent":0,"menu_order":0,"comment_status":"closed","ping_status":"closed","template":"","meta":{"neve_meta_sidebar":"full-width","neve_meta_container":"default","neve_meta_enable_content_width":"on","neve_meta_content_width":100,"neve_meta_title_alignment":"","neve_meta_author_avatar":"","neve_post_elements_order":"","neve_meta_disable_header":"","neve_meta_disable_footer":"","neve_meta_disable_title":"","footnotes":""},"class_list":["post-60","page","type-page","status-publish","hentry"],"yoast_head":"<!-- This site is optimized with the Yoast SEO plugin v27.4 - https:\/\/yoast.com\/product\/yoast-seo-wordpress\/ -->\n<title>V\u00c1S\u00c1RL\u00d3I T\u00c1J\u00c9KOZTAT\u00d3 - V\u00f6r\u00f6s Istv\u00e1n web\u00e1ruh\u00e1z<\/title>\n<meta name=\"robots\" content=\"index, follow, max-snippet:-1, max-image-preview:large, max-video-preview:-1\" \/>\n<link rel=\"canonical\" href=\"https:\/\/vorosistvan.hu\/vorosistvanwebaruhaz\/vasarloi-tajekoztato\/\" \/>\n<meta property=\"og:locale\" content=\"hu_HU\" \/>\n<meta property=\"og:type\" content=\"article\" \/>\n<meta property=\"og:title\" content=\"V\u00c1S\u00c1RL\u00d3I T\u00c1J\u00c9KOZTAT\u00d3 - V\u00f6r\u00f6s Istv\u00e1n web\u00e1ruh\u00e1z\" \/>\n<meta property=\"og:description\" content=\"A v\u00e1s\u00e1rl\u00e1s menete: Az internetes boltunkban a kateg\u00f3ri\u00e1k vagy alkateg\u00f3ri\u00e1k kiv\u00e1laszt\u00e1s\u00e1val lehet b\u00f6ng\u00e9szni a term\u00e9k k\u00f6z\u00f6tt. A term\u00e9k r\u00e9szletes adatai a term\u00e9k k\u00e9p\u00e9re vagy a &#8222;r\u00e9szletek&#8221; gombra kattint\u00e1ssal tekinthet\u0151k meg. A term\u00e9k a &#8222;MENNYIS\u00c9G&#8221; megad\u00e1sa ut\u00e1n a &#8222;KOS\u00c1R&#8221; gomb megnyom\u00e1s\u00e1val v\u00e1s\u00e1rolhat\u00f3 meg. (Ez a m\u0171velet ebben a l\u00e9p\u00e9sben m\u00e9g nem jelent konkr\u00e9t v\u00e1s\u00e1rl\u00e1st, csak a&hellip;&nbsp;Read More &raquo;V\u00c1S\u00c1RL\u00d3I T\u00c1J\u00c9KOZTAT\u00d3\" \/>\n<meta property=\"og:url\" content=\"https:\/\/vorosistvan.hu\/vorosistvanwebaruhaz\/vasarloi-tajekoztato\/\" \/>\n<meta property=\"og:site_name\" content=\"V\u00f6r\u00f6s Istv\u00e1n web\u00e1ruh\u00e1z\" \/>\n<meta property=\"article:modified_time\" content=\"2024-03-08T19:11:31+00:00\" \/>\n<meta property=\"og:image\" content=\"https:\/\/vorosistvan.hu\/vorosistvanwebaruhaz\/wp-content\/uploads\/2021\/07\/barion-card-strip-intl_400px-250x26.png\" \/>\n<meta name=\"twitter:card\" content=\"summary_large_image\" \/>\n<meta name=\"twitter:label1\" content=\"Becs\u00fclt olvas\u00e1si id\u0151\" \/>\n\t<meta name=\"twitter:data1\" content=\"3 perc\" \/>\n<script type=\"application\/ld+json\" class=\"yoast-schema-graph\">{\"@context\":\"https:\\\/\\\/schema.org\",\"@graph\":[{\"@type\":\"WebPage\",\"@id\":\"https:\\\/\\\/vorosistvan.hu\\\/vorosistvanwebaruhaz\\\/vasarloi-tajekoztato\\\/\",\"url\":\"https:\\\/\\\/vorosistvan.hu\\\/vorosistvanwebaruhaz\\\/vasarloi-tajekoztato\\\/\",\"name\":\"V\u00c1S\u00c1RL\u00d3I T\u00c1J\u00c9KOZTAT\u00d3 - V\u00f6r\u00f6s Istv\u00e1n web\u00e1ruh\u00e1z\",\"isPartOf\":{\"@id\":\"https:\\\/\\\/vorosistvan.hu\\\/vorosistvanwebaruhaz\\\/#website\"},\"primaryImageOfPage\":{\"@id\":\"https:\\\/\\\/vorosistvan.hu\\\/vorosistvanwebaruhaz\\\/vasarloi-tajekoztato\\\/#primaryimage\"},\"image\":{\"@id\":\"https:\\\/\\\/vorosistvan.hu\\\/vorosistvanwebaruhaz\\\/vasarloi-tajekoztato\\\/#primaryimage\"},\"thumbnailUrl\":\"https:\\\/\\\/vorosistvan.hu\\\/vorosistvanwebaruhaz\\\/wp-content\\\/uploads\\\/2021\\\/07\\\/barion-card-strip-intl_400px-250x26.png\",\"datePublished\":\"2020-11-27T19:45:32+00:00\",\"dateModified\":\"2024-03-08T19:11:31+00:00\",\"breadcrumb\":{\"@id\":\"https:\\\/\\\/vorosistvan.hu\\\/vorosistvanwebaruhaz\\\/vasarloi-tajekoztato\\\/#breadcrumb\"},\"inLanguage\":\"hu\",\"potentialAction\":[{\"@type\":\"ReadAction\",\"target\":[\"https:\\\/\\\/vorosistvan.hu\\\/vorosistvanwebaruhaz\\\/vasarloi-tajekoztato\\\/\"]}]},{\"@type\":\"ImageObject\",\"inLanguage\":\"hu\",\"@id\":\"https:\\\/\\\/vorosistvan.hu\\\/vorosistvanwebaruhaz\\\/vasarloi-tajekoztato\\\/#primaryimage\",\"url\":\"https:\\\/\\\/vorosistvan.hu\\\/vorosistvanwebaruhaz\\\/wp-content\\\/uploads\\\/2021\\\/07\\\/barion-card-strip-intl_400px.png\",\"contentUrl\":\"https:\\\/\\\/vorosistvan.hu\\\/vorosistvanwebaruhaz\\\/wp-content\\\/uploads\\\/2021\\\/07\\\/barion-card-strip-intl_400px.png\",\"width\":400,\"height\":42},{\"@type\":\"BreadcrumbList\",\"@id\":\"https:\\\/\\\/vorosistvan.hu\\\/vorosistvanwebaruhaz\\\/vasarloi-tajekoztato\\\/#breadcrumb\",\"itemListElement\":[{\"@type\":\"ListItem\",\"position\":1,\"name\":\"Kezd\u0151lap\",\"item\":\"https:\\\/\\\/vorosistvan.hu\\\/vorosistvanwebaruhaz\\\/\"},{\"@type\":\"ListItem\",\"position\":2,\"name\":\"V\u00c1S\u00c1RL\u00d3I T\u00c1J\u00c9KOZTAT\u00d3\"}]},{\"@type\":\"WebSite\",\"@id\":\"https:\\\/\\\/vorosistvan.hu\\\/vorosistvanwebaruhaz\\\/#website\",\"url\":\"https:\\\/\\\/vorosistvan.hu\\\/vorosistvanwebaruhaz\\\/\",\"name\":\"V\u00f6r\u00f6s Istv\u00e1n web\u00e1ruh\u00e1z\",\"description\":\"\",\"potentialAction\":[{\"@type\":\"SearchAction\",\"target\":{\"@type\":\"EntryPoint\",\"urlTemplate\":\"https:\\\/\\\/vorosistvan.hu\\\/vorosistvanwebaruhaz\\\/?s={search_term_string}\"},\"query-input\":{\"@type\":\"PropertyValueSpecification\",\"valueRequired\":true,\"valueName\":\"search_term_string\"}}],\"inLanguage\":\"hu\"}]}<\/script>\n<!-- \/ Yoast SEO plugin. -->","yoast_head_json":{"title":"V\u00c1S\u00c1RL\u00d3I T\u00c1J\u00c9KOZTAT\u00d3 - V\u00f6r\u00f6s Istv\u00e1n web\u00e1ruh\u00e1z","robots":{"index":"index","follow":"follow","max-snippet":"max-snippet:-1","max-image-preview":"max-image-preview:large","max-video-preview":"max-video-preview:-1"},"canonical":"https:\/\/vorosistvan.hu\/vorosistvanwebaruhaz\/vasarloi-tajekoztato\/","og_locale":"hu_HU","og_type":"article","og_title":"V\u00c1S\u00c1RL\u00d3I T\u00c1J\u00c9KOZTAT\u00d3 - V\u00f6r\u00f6s Istv\u00e1n web\u00e1ruh\u00e1z","og_description":"A v\u00e1s\u00e1rl\u00e1s menete: Az internetes boltunkban a kateg\u00f3ri\u00e1k vagy alkateg\u00f3ri\u00e1k kiv\u00e1laszt\u00e1s\u00e1val lehet b\u00f6ng\u00e9szni a term\u00e9k k\u00f6z\u00f6tt. A term\u00e9k r\u00e9szletes adatai a term\u00e9k k\u00e9p\u00e9re vagy a &#8222;r\u00e9szletek&#8221; gombra kattint\u00e1ssal tekinthet\u0151k meg. A term\u00e9k a &#8222;MENNYIS\u00c9G&#8221; megad\u00e1sa ut\u00e1n a &#8222;KOS\u00c1R&#8221; gomb megnyom\u00e1s\u00e1val v\u00e1s\u00e1rolhat\u00f3 meg. (Ez a m\u0171velet ebben a l\u00e9p\u00e9sben m\u00e9g nem jelent konkr\u00e9t v\u00e1s\u00e1rl\u00e1st, csak a&hellip;&nbsp;Read More &raquo;V\u00c1S\u00c1RL\u00d3I T\u00c1J\u00c9KOZTAT\u00d3","og_url":"https:\/\/vorosistvan.hu\/vorosistvanwebaruhaz\/vasarloi-tajekoztato\/","og_site_name":"V\u00f6r\u00f6s Istv\u00e1n web\u00e1ruh\u00e1z","article_modified_time":"2024-03-08T19:11:31+00:00","og_image":[{"url":"https:\/\/vorosistvan.hu\/vorosistvanwebaruhaz\/wp-content\/uploads\/2021\/07\/barion-card-strip-intl_400px-250x26.png","type":"","width":"","height":""}],"twitter_card":"summary_large_image","twitter_misc":{"Becs\u00fclt olvas\u00e1si id\u0151":"3 perc"},"schema":{"@context":"https:\/\/schema.org","@graph":[{"@type":"WebPage","@id":"https:\/\/vorosistvan.hu\/vorosistvanwebaruhaz\/vasarloi-tajekoztato\/","url":"https:\/\/vorosistvan.hu\/vorosistvanwebaruhaz\/vasarloi-tajekoztato\/","name":"V\u00c1S\u00c1RL\u00d3I T\u00c1J\u00c9KOZTAT\u00d3 - V\u00f6r\u00f6s Istv\u00e1n web\u00e1ruh\u00e1z","isPartOf":{"@id":"https:\/\/vorosistvan.hu\/vorosistvanwebaruhaz\/#website"},"primaryImageOfPage":{"@id":"https:\/\/vorosistvan.hu\/vorosistvanwebaruhaz\/vasarloi-tajekoztato\/#primaryimage"},"image":{"@id":"https:\/\/vorosistvan.hu\/vorosistvanwebaruhaz\/vasarloi-tajekoztato\/#primaryimage"},"thumbnailUrl":"https:\/\/vorosistvan.hu\/vorosistvanwebaruhaz\/wp-content\/uploads\/2021\/07\/barion-card-strip-intl_400px-250x26.png","datePublished":"2020-11-27T19:45:32+00:00","dateModified":"2024-03-08T19:11:31+00:00","breadcrumb":{"@id":"https:\/\/vorosistvan.hu\/vorosistvanwebaruhaz\/vasarloi-tajekoztato\/#breadcrumb"},"inLanguage":"hu","potentialAction":[{"@type":"ReadAction","target":["https:\/\/vorosistvan.hu\/vorosistvanwebaruhaz\/vasarloi-tajekoztato\/"]}]},{"@type":"ImageObject","inLanguage":"hu","@id":"https:\/\/vorosistvan.hu\/vorosistvanwebaruhaz\/vasarloi-tajekoztato\/#primaryimage","url":"https:\/\/vorosistvan.hu\/vorosistvanwebaruhaz\/wp-content\/uploads\/2021\/07\/barion-card-strip-intl_400px.png","contentUrl":"https:\/\/vorosistvan.hu\/vorosistvanwebaruhaz\/wp-content\/uploads\/2021\/07\/barion-card-strip-intl_400px.png","width":400,"height":42},{"@type":"BreadcrumbList","@id":"https:\/\/vorosistvan.hu\/vorosistvanwebaruhaz\/vasarloi-tajekoztato\/#breadcrumb","itemListElement":[{"@type":"ListItem","position":1,"name":"Kezd\u0151lap","item":"https:\/\/vorosistvan.hu\/vorosistvanwebaruhaz\/"},{"@type":"ListItem","position":2,"name":"V\u00c1S\u00c1RL\u00d3I T\u00c1J\u00c9KOZTAT\u00d3"}]},{"@type":"WebSite","@id":"https:\/\/vorosistvan.hu\/vorosistvanwebaruhaz\/#website","url":"https:\/\/vorosistvan.hu\/vorosistvanwebaruhaz\/","name":"V\u00f6r\u00f6s Istv\u00e1n web\u00e1ruh\u00e1z","description":"","potentialAction":[{"@type":"SearchAction","target":{"@type":"EntryPoint","urlTemplate":"https:\/\/vorosistvan.hu\/vorosistvanwebaruhaz\/?s={search_term_string}"},"query-input":{"@type":"PropertyValueSpecification","valueRequired":true,"valueName":"search_term_string"}}],"inLanguage":"hu"}]}},"_links":{"self":[{"href":"https:\/\/vorosistvan.hu\/vorosistvanwebaruhaz\/wp-json\/wp\/v2\/pages\/60","targetHints":{"allow":["GET"]}}],"collection":[{"href":"https:\/\/vorosistvan.hu\/vorosistvanwebaruhaz\/wp-json\/wp\/v2\/pages"}],"about":[{"href":"https:\/\/vorosistvan.hu\/vorosistvanwebaruhaz\/wp-json\/wp\/v2\/types\/page"}],"author":[{"embeddable":true,"href":"https:\/\/vorosistvan.hu\/vorosistvanwebaruhaz\/wp-json\/wp\/v2\/users\/1"}],"replies":[{"embeddable":true,"href":"https:\/\/vorosistvan.hu\/vorosistvanwebaruhaz\/wp-json\/wp\/v2\/comments?post=60"}],"version-history":[{"count":2,"href":"https:\/\/vorosistvan.hu\/vorosistvanwebaruhaz\/wp-json\/wp\/v2\/pages\/60\/revisions"}],"predecessor-version":[{"id":7697,"href":"https:\/\/vorosistvan.hu\/vorosistvanwebaruhaz\/wp-json\/wp\/v2\/pages\/60\/revisions\/7697"}],"wp:attachment":[{"href":"https:\/\/vorosistvan.hu\/vorosistvanwebaruhaz\/wp-json\/wp\/v2\/media?parent=60"}],"curies":[{"name":"wp","href":"https:\/\/api.w.org\/{rel}","templated":true}]}}