{"id":7,"date":"2020-11-27T15:34:07","date_gmt":"2020-11-27T15:34:07","guid":{"rendered":"https:\/\/vorosistvan.hu\/vorosistvanwebaruhaz\/contact\/"},"modified":"2021-05-28T16:43:43","modified_gmt":"2021-05-28T16:43:43","slug":"kapcsolat","status":"publish","type":"page","link":"https:\/\/vorosistvan.hu\/vorosistvanwebaruhaz\/kapcsolat\/","title":{"rendered":"Kapcsolat"},"content":{"rendered":"<h2><strong>Koncertszervez\u00e9s, koncertekkel kapcsolatos t\u00e1j\u00e9koztat\u00f3, \u00e1ltal\u00e1nos inform\u00e1ci\u00f3k:<\/strong><\/h2>\n<h2><strong><span style=\"color: #9c0d0d;\">+36-20-966-3437<\/span><\/strong><\/h2>\n<h2><span style=\"color: #9c0d0d;\"><strong>vip@vorosistvan.hu<\/strong><\/span><\/h2>\n<h2><span style=\"color: #9c0d0d;\"><strong>https:\/\/www.facebook.com\/voros.istvan.produkcio.online\/<\/strong><\/span><\/h2>\n","protected":false},"excerpt":{"rendered":"<p>Koncertszervez\u00e9s, koncertekkel kapcsolatos t\u00e1j\u00e9koztat\u00f3, \u00e1ltal\u00e1nos inform\u00e1ci\u00f3k: +36-20-966-3437 vip@vorosistvan.hu https:\/\/www.facebook.com\/voros.istvan.produkcio.online\/<\/p>\n","protected":false},"author":1,"featured_media":0,"parent":0,"menu_order":2,"comment_status":"closed","ping_status":"closed","template":"","meta":{"neve_meta_sidebar":"full-width","neve_meta_container":"","neve_meta_enable_content_width":"on","neve_meta_content_width":100,"neve_meta_title_alignment":"left","neve_meta_author_avatar":"","neve_post_elements_order":"","neve_meta_disable_header":"","neve_meta_disable_footer":"","neve_meta_disable_title":"","footnotes":""},"class_list":["post-7","page","type-page","status-publish","hentry"],"yoast_head":"<!-- This site is optimized with the Yoast SEO plugin v27.4 - https:\/\/yoast.com\/product\/yoast-seo-wordpress\/ -->\n<title>Kapcsolat - V\u00f6r\u00f6s Istv\u00e1n web\u00e1ruh\u00e1z<\/title>\n<meta name=\"robots\" content=\"index, follow, max-snippet:-1, max-image-preview:large, max-video-preview:-1\" \/>\n<link rel=\"canonical\" href=\"https:\/\/vorosistvan.hu\/vorosistvanwebaruhaz\/kapcsolat\/\" \/>\n<meta property=\"og:locale\" content=\"hu_HU\" \/>\n<meta property=\"og:type\" content=\"article\" \/>\n<meta property=\"og:title\" content=\"Kapcsolat - V\u00f6r\u00f6s Istv\u00e1n web\u00e1ruh\u00e1z\" \/>\n<meta property=\"og:description\" content=\"Koncertszervez\u00e9s, koncertekkel kapcsolatos t\u00e1j\u00e9koztat\u00f3, \u00e1ltal\u00e1nos inform\u00e1ci\u00f3k: +36-20-966-3437 vip@vorosistvan.hu https:\/\/www.facebook.com\/voros.istvan.produkcio.online\/\" \/>\n<meta property=\"og:url\" content=\"https:\/\/vorosistvan.hu\/vorosistvanwebaruhaz\/kapcsolat\/\" \/>\n<meta property=\"og:site_name\" content=\"V\u00f6r\u00f6s Istv\u00e1n web\u00e1ruh\u00e1z\" \/>\n<meta property=\"article:modified_time\" content=\"2021-05-28T16:43:43+00:00\" \/>\n<meta name=\"twitter:card\" content=\"summary_large_image\" \/>\n<script type=\"application\/ld+json\" class=\"yoast-schema-graph\">{\"@context\":\"https:\\\/\\\/schema.org\",\"@graph\":[{\"@type\":\"WebPage\",\"@id\":\"https:\\\/\\\/vorosistvan.hu\\\/vorosistvanwebaruhaz\\\/kapcsolat\\\/\",\"url\":\"https:\\\/\\\/vorosistvan.hu\\\/vorosistvanwebaruhaz\\\/kapcsolat\\\/\",\"name\":\"Kapcsolat - V\u00f6r\u00f6s Istv\u00e1n web\u00e1ruh\u00e1z\",\"isPartOf\":{\"@id\":\"https:\\\/\\\/vorosistvan.hu\\\/vorosistvanwebaruhaz\\\/#website\"},\"datePublished\":\"2020-11-27T15:34:07+00:00\",\"dateModified\":\"2021-05-28T16:43:43+00:00\",\"breadcrumb\":{\"@id\":\"https:\\\/\\\/vorosistvan.hu\\\/vorosistvanwebaruhaz\\\/kapcsolat\\\/#breadcrumb\"},\"inLanguage\":\"hu\",\"potentialAction\":[{\"@type\":\"ReadAction\",\"target\":[\"https:\\\/\\\/vorosistvan.hu\\\/vorosistvanwebaruhaz\\\/kapcsolat\\\/\"]}]},{\"@type\":\"BreadcrumbList\",\"@id\":\"https:\\\/\\\/vorosistvan.hu\\\/vorosistvanwebaruhaz\\\/kapcsolat\\\/#breadcrumb\",\"itemListElement\":[{\"@type\":\"ListItem\",\"position\":1,\"name\":\"Kezd\u0151lap\",\"item\":\"https:\\\/\\\/vorosistvan.hu\\\/vorosistvanwebaruhaz\\\/\"},{\"@type\":\"ListItem\",\"position\":2,\"name\":\"Kapcsolat\"}]},{\"@type\":\"WebSite\",\"@id\":\"https:\\\/\\\/vorosistvan.hu\\\/vorosistvanwebaruhaz\\\/#website\",\"url\":\"https:\\\/\\\/vorosistvan.hu\\\/vorosistvanwebaruhaz\\\/\",\"name\":\"V\u00f6r\u00f6s Istv\u00e1n web\u00e1ruh\u00e1z\",\"description\":\"\",\"potentialAction\":[{\"@type\":\"SearchAction\",\"target\":{\"@type\":\"EntryPoint\",\"urlTemplate\":\"https:\\\/\\\/vorosistvan.hu\\\/vorosistvanwebaruhaz\\\/?s={search_term_string}\"},\"query-input\":{\"@type\":\"PropertyValueSpecification\",\"valueRequired\":true,\"valueName\":\"search_term_string\"}}],\"inLanguage\":\"hu\"}]}<\/script>\n<!-- \/ Yoast SEO plugin. -->","yoast_head_json":{"title":"Kapcsolat - V\u00f6r\u00f6s Istv\u00e1n web\u00e1ruh\u00e1z","robots":{"index":"index","follow":"follow","max-snippet":"max-snippet:-1","max-image-preview":"max-image-preview:large","max-video-preview":"max-video-preview:-1"},"canonical":"https:\/\/vorosistvan.hu\/vorosistvanwebaruhaz\/kapcsolat\/","og_locale":"hu_HU","og_type":"article","og_title":"Kapcsolat - V\u00f6r\u00f6s Istv\u00e1n web\u00e1ruh\u00e1z","og_description":"Koncertszervez\u00e9s, koncertekkel kapcsolatos t\u00e1j\u00e9koztat\u00f3, \u00e1ltal\u00e1nos inform\u00e1ci\u00f3k: +36-20-966-3437 vip@vorosistvan.hu https:\/\/www.facebook.com\/voros.istvan.produkcio.online\/","og_url":"https:\/\/vorosistvan.hu\/vorosistvanwebaruhaz\/kapcsolat\/","og_site_name":"V\u00f6r\u00f6s Istv\u00e1n web\u00e1ruh\u00e1z","article_modified_time":"2021-05-28T16:43:43+00:00","twitter_card":"summary_large_image","schema":{"@context":"https:\/\/schema.org","@graph":[{"@type":"WebPage","@id":"https:\/\/vorosistvan.hu\/vorosistvanwebaruhaz\/kapcsolat\/","url":"https:\/\/vorosistvan.hu\/vorosistvanwebaruhaz\/kapcsolat\/","name":"Kapcsolat - V\u00f6r\u00f6s Istv\u00e1n web\u00e1ruh\u00e1z","isPartOf":{"@id":"https:\/\/vorosistvan.hu\/vorosistvanwebaruhaz\/#website"},"datePublished":"2020-11-27T15:34:07+00:00","dateModified":"2021-05-28T16:43:43+00:00","breadcrumb":{"@id":"https:\/\/vorosistvan.hu\/vorosistvanwebaruhaz\/kapcsolat\/#breadcrumb"},"inLanguage":"hu","potentialAction":[{"@type":"ReadAction","target":["https:\/\/vorosistvan.hu\/vorosistvanwebaruhaz\/kapcsolat\/"]}]},{"@type":"BreadcrumbList","@id":"https:\/\/vorosistvan.hu\/vorosistvanwebaruhaz\/kapcsolat\/#breadcrumb","itemListElement":[{"@type":"ListItem","position":1,"name":"Kezd\u0151lap","item":"https:\/\/vorosistvan.hu\/vorosistvanwebaruhaz\/"},{"@type":"ListItem","position":2,"name":"Kapcsolat"}]},{"@type":"WebSite","@id":"https:\/\/vorosistvan.hu\/vorosistvanwebaruhaz\/#website","url":"https:\/\/vorosistvan.hu\/vorosistvanwebaruhaz\/","name":"V\u00f6r\u00f6s Istv\u00e1n web\u00e1ruh\u00e1z","description":"","potentialAction":[{"@type":"SearchAction","target":{"@type":"EntryPoint","urlTemplate":"https:\/\/vorosistvan.hu\/vorosistvanwebaruhaz\/?s={search_term_string}"},"query-input":{"@type":"PropertyValueSpecification","valueRequired":true,"valueName":"search_term_string"}}],"inLanguage":"hu"}]}},"_links":{"self":[{"href":"https:\/\/vorosistvan.hu\/vorosistvanwebaruhaz\/wp-json\/wp\/v2\/pages\/7","targetHints":{"allow":["GET"]}}],"collection":[{"href":"https:\/\/vorosistvan.hu\/vorosistvanwebaruhaz\/wp-json\/wp\/v2\/pages"}],"about":[{"href":"https:\/\/vorosistvan.hu\/vorosistvanwebaruhaz\/wp-json\/wp\/v2\/types\/page"}],"author":[{"embeddable":true,"href":"https:\/\/vorosistvan.hu\/vorosistvanwebaruhaz\/wp-json\/wp\/v2\/users\/1"}],"replies":[{"embeddable":true,"href":"https:\/\/vorosistvan.hu\/vorosistvanwebaruhaz\/wp-json\/wp\/v2\/comments?post=7"}],"version-history":[{"count":0,"href":"https:\/\/vorosistvan.hu\/vorosistvanwebaruhaz\/wp-json\/wp\/v2\/pages\/7\/revisions"}],"wp:attachment":[{"href":"https:\/\/vorosistvan.hu\/vorosistvanwebaruhaz\/wp-json\/wp\/v2\/media?parent=7"}],"curies":[{"name":"wp","href":"https:\/\/api.w.org\/{rel}","templated":true}]}}