{"id":11378,"date":"2025-11-19T17:19:57","date_gmt":"2025-11-19T17:19:57","guid":{"rendered":"https:\/\/vorosistvan.hu\/vorosistvanwebaruhaz\/?post_type=product&#038;p=11378"},"modified":"2025-12-03T15:37:10","modified_gmt":"2025-12-03T15:37:10","slug":"cd-kavargo-dupla-cd-27-uj-dallal","status":"publish","type":"product","link":"https:\/\/vorosistvan.hu\/vorosistvanwebaruhaz\/termek\/cd-kavargo-dupla-cd-27-uj-dallal\/","title":{"rendered":"CD &#8211; KAVARG\u00d3 &#8211; dupla album 27 \u00faj dallal"},"content":{"rendered":"<h2 style=\"text-align: center;\"><strong><em>\u00a0<\/em><\/strong><\/h2>\n<h2 style=\"text-align: center;\"><strong>KAVARG\u00d3\u00a0 Dupla CD 27 \u00faj\u00a0 dallal<\/strong><\/h2>\n<p>Megjelen\u00e9s \u00e9ve: 2025<\/p>\n<p>Kiad\u00f3: V\u00f6r\u00f6s Istv\u00e1n Produkci\u00f3 Kft.<\/p>\n<p><strong>zene-sz\u00f6veg &#8211; hangszerel\u00e9s : V\u00f6r\u00f6s Istv\u00e1n<\/strong><\/p>\n<p style=\"font-weight: 400;\"><strong>A Kavarg\u00f3 dupla album h\u0171en t\u00fckr\u00f6zi V\u00f6r\u00f6s Istv\u00e1n dalainak soksz\u00edn\u0171s\u00e9g\u00e9t. A dupla album 27\u00a0 \u00faj dala mesters\u00e9ges intelligencia mentes dalokat &#8211; felv\u00e9teleket tartalmaz. Az \u00faj dupla CD 88 percben v\u00e1ltozatos\u00a0 benyom\u00e1sokat, \u00e9rz\u00e9seket v\u00e1ltanak ki a hallgat\u00f3kb\u00f3l.\u00a0<\/strong><\/p>\n<p><strong>A lemez<\/strong><\/p>\n<p><strong>1. Kiford\u00edtott vil\u00e1g\u00a0<\/strong><br \/>\n<strong>2. Meglepi az, hogy itt vagyunk\u00a0<\/strong><br \/>\n<strong>3. H\u00e1ziny\u00fal\u00a0<\/strong><br \/>\n<strong>4. Sose mondd, hogy persze\u00a0<\/strong><br \/>\n<strong>5. L\u00e9gvonal\u00a0<\/strong><br \/>\n<strong>6. Kavarg\u00f3\u00a0<\/strong><br \/>\n<strong>7. Minden elszalasztott pillanat\u00a0<\/strong><br \/>\n<strong>8. Kopogni tilos!\u00a0<\/strong><br \/>\n<strong>9. Emese-mese\u00a0<\/strong><br \/>\n<strong>10. Szabad \u00e9g alatt\u00a0<\/strong><br \/>\n<strong>11. Nom\u00e1d szerelem\u00a0\u00a0<\/strong><br \/>\n<strong>12. F\u00f3ka &#8211; t\u00e1nc\u00a0<\/strong><br \/>\n<strong>13. Ink\u00e1bb j\u00f3\u00a0<\/strong><br \/>\n<strong>14. Hajni \u00e9s Pisti\u00a0<\/strong><\/p>\n<p><strong>B lemez<\/strong><\/p>\n<p><strong>1. Hull\u00e1mvas\u00faton\u00a0<\/strong><br \/>\n<strong>2. Zenegeg\u00a0<\/strong><br \/>\n<strong>3. H\u00e9talv\u00f3\u00a0<\/strong><br \/>\n<strong>4. K\u00e9zr\u0151l-k\u00e9zre (Nem lesz refr\u00e9n a dalban)\u00a0<\/strong><br \/>\n<strong>5. Senki f\u00f6ldj\u00e9n\u00a0<\/strong><br \/>\n<strong>6. K\u00f6z\u00f6ss\u00e9gi\u00a0<\/strong><br \/>\n<strong>7. Egy furcsa boldogs\u00e1g\u00a0<\/strong><br \/>\n<strong>8. 139-8-7-5\u00a0<\/strong><br \/>\n<strong>9. Talizunk\u00a0<\/strong><br \/>\n<strong>10. Helyek var\u00e1zsa\u00a0<\/strong><br \/>\n<strong>11. Nyaralunk\u00a0<\/strong><br \/>\n<strong>12. Sz\u00f3besz\u00e9d (Igaz is + nem is)\u00a0<\/strong><br \/>\n<strong>13. K\u00f6z\u00f6s s\u00e1tor\u00a0<\/strong><\/p>\n","protected":false},"excerpt":{"rendered":"<p>\u00a0 KAVARG\u00d3\u00a0 Dupla CD 27 \u00faj\u00a0 dallal Megjelen\u00e9s \u00e9ve: 2025 Kiad\u00f3: V\u00f6r\u00f6s Istv\u00e1n Produkci\u00f3 Kft. zene-sz\u00f6veg &#8211; hangszerel\u00e9s : V\u00f6r\u00f6s Istv\u00e1n A Kavarg\u00f3 dupla album h\u0171en t\u00fckr\u00f6zi V\u00f6r\u00f6s Istv\u00e1n dalainak soksz\u00edn\u0171s\u00e9g\u00e9t. A dupla album 27\u00a0 \u00faj dala mesters\u00e9ges intelligencia mentes dalokat &#8211; felv\u00e9teleket tartalmaz. Az \u00faj dupla CD 88 percben v\u00e1ltozatos\u00a0 benyom\u00e1sokat, \u00e9rz\u00e9seket v\u00e1ltanak ki&hellip;&nbsp;<a href=\"https:\/\/vorosistvan.hu\/vorosistvanwebaruhaz\/termek\/cd-kavargo-dupla-cd-27-uj-dallal\/\" rel=\"bookmark\">Read More &raquo;<span class=\"screen-reader-text\">CD &#8211; KAVARG\u00d3 &#8211; dupla album 27 \u00faj dallal<\/span><\/a><\/p>\n","protected":false},"author":1,"featured_media":11379,"comment_status":"closed","ping_status":"closed","template":"","meta":{"neve_meta_sidebar":"","neve_meta_container":"","neve_meta_enable_content_width":"on","neve_meta_content_width":70,"neve_meta_title_alignment":"","neve_meta_author_avatar":"","neve_post_elements_order":"","neve_meta_disable_header":"","neve_meta_disable_footer":"","neve_meta_disable_title":""},"product_brand":[],"product_cat":[22],"product_tag":[],"class_list":{"0":"post-11378","1":"product","2":"type-product","3":"status-publish","4":"has-post-thumbnail","6":"product_cat-cd-lemezek","7":"product_shipping_class-cd","9":"first","10":"instock","11":"shipping-taxable","12":"purchasable","13":"product-type-simple"},"yoast_head":"<!-- This site is optimized with the Yoast SEO plugin v27.4 - https:\/\/yoast.com\/product\/yoast-seo-wordpress\/ -->\n<title>CD - KAVARG\u00d3 - dupla album 27 \u00faj dallal - V\u00f6r\u00f6s Istv\u00e1n web\u00e1ruh\u00e1z<\/title>\n<meta name=\"description\" content=\"CD - KAVARG\u00d3 - dupla album 27 \u00faj dallal V\u00f6r\u00f6s Istv\u00e1n: CD - KAVARG\u00d3 - dupla CD 27 \u00faj dallal - www.vorosistvan.hu\" \/>\n<meta name=\"robots\" content=\"index, follow, max-snippet:-1, max-image-preview:large, max-video-preview:-1\" \/>\n<link rel=\"canonical\" href=\"https:\/\/vorosistvan.hu\/vorosistvanwebaruhaz\/termek\/cd-kavargo-dupla-cd-27-uj-dallal\/\" \/>\n<meta property=\"og:locale\" content=\"hu_HU\" \/>\n<meta property=\"og:type\" content=\"article\" \/>\n<meta property=\"og:title\" content=\"CD - KAVARG\u00d3 - dupla album 27 \u00faj dallal - V\u00f6r\u00f6s Istv\u00e1n web\u00e1ruh\u00e1z\" \/>\n<meta property=\"og:description\" content=\"CD - KAVARG\u00d3 - dupla album 27 \u00faj dallal V\u00f6r\u00f6s Istv\u00e1n: CD - KAVARG\u00d3 - dupla CD 27 \u00faj dallal - www.vorosistvan.hu\" \/>\n<meta property=\"og:url\" content=\"https:\/\/vorosistvan.hu\/vorosistvanwebaruhaz\/termek\/cd-kavargo-dupla-cd-27-uj-dallal\/\" \/>\n<meta property=\"og:site_name\" content=\"V\u00f6r\u00f6s Istv\u00e1n web\u00e1ruh\u00e1z\" \/>\n<meta property=\"article:modified_time\" content=\"2025-12-03T15:37:10+00:00\" \/>\n<meta property=\"og:image\" content=\"https:\/\/vorosistvan.hu\/vorosistvanwebaruhaz\/wp-content\/uploads\/2025\/11\/Kavargo_front-borito.jpg\" \/>\n\t<meta property=\"og:image:width\" content=\"1657\" \/>\n\t<meta property=\"og:image:height\" content=\"1533\" \/>\n\t<meta property=\"og:image:type\" content=\"image\/jpeg\" \/>\n<meta name=\"twitter:card\" content=\"summary_large_image\" \/>\n<meta name=\"twitter:label1\" content=\"Becs\u00fclt olvas\u00e1si id\u0151\" \/>\n\t<meta name=\"twitter:data1\" content=\"1 perc\" \/>\n<script type=\"application\/ld+json\" class=\"yoast-schema-graph\">{\"@context\":\"https:\\\/\\\/schema.org\",\"@graph\":[{\"@type\":\"WebPage\",\"@id\":\"https:\\\/\\\/vorosistvan.hu\\\/vorosistvanwebaruhaz\\\/termek\\\/cd-kavargo-dupla-cd-27-uj-dallal\\\/\",\"url\":\"https:\\\/\\\/vorosistvan.hu\\\/vorosistvanwebaruhaz\\\/termek\\\/cd-kavargo-dupla-cd-27-uj-dallal\\\/\",\"name\":\"CD - KAVARG\u00d3 - dupla album 27 \u00faj dallal - V\u00f6r\u00f6s Istv\u00e1n web\u00e1ruh\u00e1z\",\"isPartOf\":{\"@id\":\"https:\\\/\\\/vorosistvan.hu\\\/vorosistvanwebaruhaz\\\/#website\"},\"primaryImageOfPage\":{\"@id\":\"https:\\\/\\\/vorosistvan.hu\\\/vorosistvanwebaruhaz\\\/termek\\\/cd-kavargo-dupla-cd-27-uj-dallal\\\/#primaryimage\"},\"image\":{\"@id\":\"https:\\\/\\\/vorosistvan.hu\\\/vorosistvanwebaruhaz\\\/termek\\\/cd-kavargo-dupla-cd-27-uj-dallal\\\/#primaryimage\"},\"thumbnailUrl\":\"https:\\\/\\\/vorosistvan.hu\\\/vorosistvanwebaruhaz\\\/wp-content\\\/uploads\\\/2025\\\/11\\\/Kavargo_front-borito.jpg\",\"datePublished\":\"2025-11-19T17:19:57+00:00\",\"dateModified\":\"2025-12-03T15:37:10+00:00\",\"description\":\"CD - KAVARG\u00d3 - dupla album 27 \u00faj dallal V\u00f6r\u00f6s Istv\u00e1n: CD - KAVARG\u00d3 - dupla CD 27 \u00faj dallal - www.vorosistvan.hu\",\"breadcrumb\":{\"@id\":\"https:\\\/\\\/vorosistvan.hu\\\/vorosistvanwebaruhaz\\\/termek\\\/cd-kavargo-dupla-cd-27-uj-dallal\\\/#breadcrumb\"},\"inLanguage\":\"hu\",\"potentialAction\":[{\"@type\":\"ReadAction\",\"target\":[\"https:\\\/\\\/vorosistvan.hu\\\/vorosistvanwebaruhaz\\\/termek\\\/cd-kavargo-dupla-cd-27-uj-dallal\\\/\"]}]},{\"@type\":\"ImageObject\",\"inLanguage\":\"hu\",\"@id\":\"https:\\\/\\\/vorosistvan.hu\\\/vorosistvanwebaruhaz\\\/termek\\\/cd-kavargo-dupla-cd-27-uj-dallal\\\/#primaryimage\",\"url\":\"https:\\\/\\\/vorosistvan.hu\\\/vorosistvanwebaruhaz\\\/wp-content\\\/uploads\\\/2025\\\/11\\\/Kavargo_front-borito.jpg\",\"contentUrl\":\"https:\\\/\\\/vorosistvan.hu\\\/vorosistvanwebaruhaz\\\/wp-content\\\/uploads\\\/2025\\\/11\\\/Kavargo_front-borito.jpg\",\"width\":1657,\"height\":1533},{\"@type\":\"BreadcrumbList\",\"@id\":\"https:\\\/\\\/vorosistvan.hu\\\/vorosistvanwebaruhaz\\\/termek\\\/cd-kavargo-dupla-cd-27-uj-dallal\\\/#breadcrumb\",\"itemListElement\":[{\"@type\":\"ListItem\",\"position\":1,\"name\":\"Kezd\u0151lap\",\"item\":\"https:\\\/\\\/vorosistvan.hu\\\/vorosistvanwebaruhaz\\\/\"},{\"@type\":\"ListItem\",\"position\":2,\"name\":\"TERM\u00c9KEK\",\"item\":\"https:\\\/\\\/vorosistvan.hu\\\/vorosistvanwebaruhaz\\\/termekek\\\/\"},{\"@type\":\"ListItem\",\"position\":3,\"name\":\"CD &#8211; KAVARG\u00d3 &#8211; dupla album 27 \u00faj dallal\"}]},{\"@type\":\"WebSite\",\"@id\":\"https:\\\/\\\/vorosistvan.hu\\\/vorosistvanwebaruhaz\\\/#website\",\"url\":\"https:\\\/\\\/vorosistvan.hu\\\/vorosistvanwebaruhaz\\\/\",\"name\":\"V\u00f6r\u00f6s Istv\u00e1n web\u00e1ruh\u00e1z\",\"description\":\"\",\"potentialAction\":[{\"@type\":\"SearchAction\",\"target\":{\"@type\":\"EntryPoint\",\"urlTemplate\":\"https:\\\/\\\/vorosistvan.hu\\\/vorosistvanwebaruhaz\\\/?s={search_term_string}\"},\"query-input\":{\"@type\":\"PropertyValueSpecification\",\"valueRequired\":true,\"valueName\":\"search_term_string\"}}],\"inLanguage\":\"hu\"}]}<\/script>\n<!-- \/ Yoast SEO plugin. -->","yoast_head_json":{"title":"CD - KAVARG\u00d3 - dupla album 27 \u00faj dallal - V\u00f6r\u00f6s Istv\u00e1n web\u00e1ruh\u00e1z","description":"CD - KAVARG\u00d3 - dupla album 27 \u00faj dallal V\u00f6r\u00f6s Istv\u00e1n: CD - KAVARG\u00d3 - dupla CD 27 \u00faj dallal - www.vorosistvan.hu","robots":{"index":"index","follow":"follow","max-snippet":"max-snippet:-1","max-image-preview":"max-image-preview:large","max-video-preview":"max-video-preview:-1"},"canonical":"https:\/\/vorosistvan.hu\/vorosistvanwebaruhaz\/termek\/cd-kavargo-dupla-cd-27-uj-dallal\/","og_locale":"hu_HU","og_type":"article","og_title":"CD - KAVARG\u00d3 - dupla album 27 \u00faj dallal - V\u00f6r\u00f6s Istv\u00e1n web\u00e1ruh\u00e1z","og_description":"CD - KAVARG\u00d3 - dupla album 27 \u00faj dallal V\u00f6r\u00f6s Istv\u00e1n: CD - KAVARG\u00d3 - dupla CD 27 \u00faj dallal - www.vorosistvan.hu","og_url":"https:\/\/vorosistvan.hu\/vorosistvanwebaruhaz\/termek\/cd-kavargo-dupla-cd-27-uj-dallal\/","og_site_name":"V\u00f6r\u00f6s Istv\u00e1n web\u00e1ruh\u00e1z","article_modified_time":"2025-12-03T15:37:10+00:00","og_image":[{"width":1657,"height":1533,"url":"https:\/\/vorosistvan.hu\/vorosistvanwebaruhaz\/wp-content\/uploads\/2025\/11\/Kavargo_front-borito.jpg","type":"image\/jpeg"}],"twitter_card":"summary_large_image","twitter_misc":{"Becs\u00fclt olvas\u00e1si id\u0151":"1 perc"},"schema":{"@context":"https:\/\/schema.org","@graph":[{"@type":"WebPage","@id":"https:\/\/vorosistvan.hu\/vorosistvanwebaruhaz\/termek\/cd-kavargo-dupla-cd-27-uj-dallal\/","url":"https:\/\/vorosistvan.hu\/vorosistvanwebaruhaz\/termek\/cd-kavargo-dupla-cd-27-uj-dallal\/","name":"CD - KAVARG\u00d3 - dupla album 27 \u00faj dallal - V\u00f6r\u00f6s Istv\u00e1n web\u00e1ruh\u00e1z","isPartOf":{"@id":"https:\/\/vorosistvan.hu\/vorosistvanwebaruhaz\/#website"},"primaryImageOfPage":{"@id":"https:\/\/vorosistvan.hu\/vorosistvanwebaruhaz\/termek\/cd-kavargo-dupla-cd-27-uj-dallal\/#primaryimage"},"image":{"@id":"https:\/\/vorosistvan.hu\/vorosistvanwebaruhaz\/termek\/cd-kavargo-dupla-cd-27-uj-dallal\/#primaryimage"},"thumbnailUrl":"https:\/\/vorosistvan.hu\/vorosistvanwebaruhaz\/wp-content\/uploads\/2025\/11\/Kavargo_front-borito.jpg","datePublished":"2025-11-19T17:19:57+00:00","dateModified":"2025-12-03T15:37:10+00:00","description":"CD - KAVARG\u00d3 - dupla album 27 \u00faj dallal V\u00f6r\u00f6s Istv\u00e1n: CD - KAVARG\u00d3 - dupla CD 27 \u00faj dallal - www.vorosistvan.hu","breadcrumb":{"@id":"https:\/\/vorosistvan.hu\/vorosistvanwebaruhaz\/termek\/cd-kavargo-dupla-cd-27-uj-dallal\/#breadcrumb"},"inLanguage":"hu","potentialAction":[{"@type":"ReadAction","target":["https:\/\/vorosistvan.hu\/vorosistvanwebaruhaz\/termek\/cd-kavargo-dupla-cd-27-uj-dallal\/"]}]},{"@type":"ImageObject","inLanguage":"hu","@id":"https:\/\/vorosistvan.hu\/vorosistvanwebaruhaz\/termek\/cd-kavargo-dupla-cd-27-uj-dallal\/#primaryimage","url":"https:\/\/vorosistvan.hu\/vorosistvanwebaruhaz\/wp-content\/uploads\/2025\/11\/Kavargo_front-borito.jpg","contentUrl":"https:\/\/vorosistvan.hu\/vorosistvanwebaruhaz\/wp-content\/uploads\/2025\/11\/Kavargo_front-borito.jpg","width":1657,"height":1533},{"@type":"BreadcrumbList","@id":"https:\/\/vorosistvan.hu\/vorosistvanwebaruhaz\/termek\/cd-kavargo-dupla-cd-27-uj-dallal\/#breadcrumb","itemListElement":[{"@type":"ListItem","position":1,"name":"Kezd\u0151lap","item":"https:\/\/vorosistvan.hu\/vorosistvanwebaruhaz\/"},{"@type":"ListItem","position":2,"name":"TERM\u00c9KEK","item":"https:\/\/vorosistvan.hu\/vorosistvanwebaruhaz\/termekek\/"},{"@type":"ListItem","position":3,"name":"CD &#8211; KAVARG\u00d3 &#8211; dupla album 27 \u00faj dallal"}]},{"@type":"WebSite","@id":"https:\/\/vorosistvan.hu\/vorosistvanwebaruhaz\/#website","url":"https:\/\/vorosistvan.hu\/vorosistvanwebaruhaz\/","name":"V\u00f6r\u00f6s Istv\u00e1n web\u00e1ruh\u00e1z","description":"","potentialAction":[{"@type":"SearchAction","target":{"@type":"EntryPoint","urlTemplate":"https:\/\/vorosistvan.hu\/vorosistvanwebaruhaz\/?s={search_term_string}"},"query-input":{"@type":"PropertyValueSpecification","valueRequired":true,"valueName":"search_term_string"}}],"inLanguage":"hu"}]}},"_links":{"self":[{"href":"https:\/\/vorosistvan.hu\/vorosistvanwebaruhaz\/wp-json\/wp\/v2\/product\/11378","targetHints":{"allow":["GET"]}}],"collection":[{"href":"https:\/\/vorosistvan.hu\/vorosistvanwebaruhaz\/wp-json\/wp\/v2\/product"}],"about":[{"href":"https:\/\/vorosistvan.hu\/vorosistvanwebaruhaz\/wp-json\/wp\/v2\/types\/product"}],"author":[{"embeddable":true,"href":"https:\/\/vorosistvan.hu\/vorosistvanwebaruhaz\/wp-json\/wp\/v2\/users\/1"}],"replies":[{"embeddable":true,"href":"https:\/\/vorosistvan.hu\/vorosistvanwebaruhaz\/wp-json\/wp\/v2\/comments?post=11378"}],"wp:featuredmedia":[{"embeddable":true,"href":"https:\/\/vorosistvan.hu\/vorosistvanwebaruhaz\/wp-json\/wp\/v2\/media\/11379"}],"wp:attachment":[{"href":"https:\/\/vorosistvan.hu\/vorosistvanwebaruhaz\/wp-json\/wp\/v2\/media?parent=11378"}],"wp:term":[{"taxonomy":"product_brand","embeddable":true,"href":"https:\/\/vorosistvan.hu\/vorosistvanwebaruhaz\/wp-json\/wp\/v2\/product_brand?post=11378"},{"taxonomy":"product_cat","embeddable":true,"href":"https:\/\/vorosistvan.hu\/vorosistvanwebaruhaz\/wp-json\/wp\/v2\/product_cat?post=11378"},{"taxonomy":"product_tag","embeddable":true,"href":"https:\/\/vorosistvan.hu\/vorosistvanwebaruhaz\/wp-json\/wp\/v2\/product_tag?post=11378"}],"curies":[{"name":"wp","href":"https:\/\/api.w.org\/{rel}","templated":true}]}}