{"id":1370,"date":"2021-05-26T15:11:38","date_gmt":"2021-05-26T15:11:38","guid":{"rendered":"https:\/\/vorosistvan.hu\/vorosistvanwebaruhaz\/?post_type=product&#038;p=1370"},"modified":"2023-11-02T20:36:28","modified_gmt":"2023-11-02T20:36:28","slug":"cd-igy-is-lehet-hallgass-ha-jot-akarsz-a-legjobb-voros-istvan-dalok-6-akusztikus-verziok","status":"publish","type":"product","link":"https:\/\/vorosistvan.hu\/vorosistvanwebaruhaz\/termek\/cd-igy-is-lehet-hallgass-ha-jot-akarsz-a-legjobb-voros-istvan-dalok-6-akusztikus-verziok\/","title":{"rendered":"CD \u00cdgy is lehet &#8211; Hallgass, ha j\u00f3t akarsz! A legjobb V\u00f6r\u00f6s Istv\u00e1n dalok 6. (akusztikus verzi\u00f3k)"},"content":{"rendered":"<h2 style=\"text-align: center;\"><strong><em>\u00cdgy is lehet<br \/>\n<\/em><\/strong><\/h2>\n<h2 style=\"text-align: center;\"><strong>Hallgass,ha j\u00f3t akarsz! \u00a0A legjobb V\u00f6r\u00f6s Istv\u00e1n dalok 6. <\/strong>(akusztikus verzi\u00f3k)<\/h2>\n<p>Megjelen\u00e9s \u00e9ve: 2021<\/p>\n<p>Kiad\u00f3: V\u00f6r\u00f6s Istv\u00e1n Produkci\u00f3 Kft.<\/p>\n<ol>\n<li><strong>Balatoni r\u00f6mi (\u00faj)<\/strong><\/li>\n<li><strong>Elt\u00e9kozolt sz\u00e1zadok<\/strong><\/li>\n<li><strong>Engedj be a j\u00f3ba<\/strong><\/li>\n<li><strong>Kalandorok<\/strong><\/li>\n<li><strong>V\u00e9gre elrep\u00fclhet\u00fcnk<\/strong><\/li>\n<li><strong>Neked valaki kell<\/strong><\/li>\n<li><strong>L\u00e9lekveszt\u0151n utazunk<\/strong><\/li>\n<li><strong>A Workinson-\u00fcgy<\/strong><\/li>\n<li><strong>Kinek van igaza<\/strong><\/li>\n<li><strong>Szorul a hurok<\/strong><\/li>\n<li><strong>Hagyd, hogyha menni akar &#8211; duett Szal\u00f3ki Anettel<\/strong><\/li>\n<li><strong>Sz\u0171k nek\u00fcnk ez a v\u00e1ros<\/strong><\/li>\n<li><strong>Virradat<\/strong><\/li>\n<li><strong>\u00c1lmod\u00f3 csillag<\/strong><\/li>\n<\/ol>\n<p><strong>\u00a0<\/strong><\/p>\n","protected":false},"excerpt":{"rendered":"<p>\u00cdgy is lehet Hallgass,ha j\u00f3t akarsz! \u00a0A legjobb V\u00f6r\u00f6s Istv\u00e1n dalok 6. (akusztikus verzi\u00f3k) Megjelen\u00e9s \u00e9ve: 2021 Kiad\u00f3: V\u00f6r\u00f6s Istv\u00e1n Produkci\u00f3 Kft. Balatoni r\u00f6mi (\u00faj) Elt\u00e9kozolt sz\u00e1zadok Engedj be a j\u00f3ba Kalandorok V\u00e9gre elrep\u00fclhet\u00fcnk Neked valaki kell L\u00e9lekveszt\u0151n utazunk A Workinson-\u00fcgy Kinek van igaza Szorul a hurok Hagyd, hogyha menni akar &#8211; duett Szal\u00f3ki Anettel&hellip;&nbsp;<a href=\"https:\/\/vorosistvan.hu\/vorosistvanwebaruhaz\/termek\/cd-igy-is-lehet-hallgass-ha-jot-akarsz-a-legjobb-voros-istvan-dalok-6-akusztikus-verziok\/\" rel=\"bookmark\">Read More &raquo;<span class=\"screen-reader-text\">CD \u00cdgy is lehet &#8211; Hallgass, ha j\u00f3t akarsz! A legjobb V\u00f6r\u00f6s Istv\u00e1n dalok 6. (akusztikus verzi\u00f3k)<\/span><\/a><\/p>\n","protected":false},"author":1,"featured_media":1371,"comment_status":"closed","ping_status":"closed","template":"","meta":{"neve_meta_sidebar":"","neve_meta_container":"","neve_meta_enable_content_width":"on","neve_meta_content_width":70,"neve_meta_title_alignment":"","neve_meta_author_avatar":"","neve_post_elements_order":"","neve_meta_disable_header":"","neve_meta_disable_footer":"","neve_meta_disable_title":""},"product_brand":[],"product_cat":[22],"product_tag":[],"class_list":{"0":"post-1370","1":"product","2":"type-product","3":"status-publish","4":"has-post-thumbnail","6":"product_cat-cd-lemezek","7":"product_shipping_class-cd","9":"first","10":"instock","11":"shipping-taxable","12":"purchasable","13":"product-type-simple"},"yoast_head":"<!-- This site is optimized with the Yoast SEO plugin v27.4 - https:\/\/yoast.com\/product\/yoast-seo-wordpress\/ -->\n<title>\u00cdgy is lehet Hallgass, ha j\u00f3t akarsz! A legjobb V\u00f6r\u00f6s Istv\u00e1n dalok 6.<\/title>\n<meta name=\"description\" content=\"CD \u00cdgy is lehet - Hallgass, ha j\u00f3t akarsz! A legjobb V\u00f6r\u00f6s Istv\u00e1n dalok 6. (akusztikus verzi\u00f3k) 14 dal \u00fajra hangszerelve , r\u00f6gz\u00edtve.\" \/>\n<meta name=\"robots\" content=\"index, follow, max-snippet:-1, max-image-preview:large, max-video-preview:-1\" \/>\n<link rel=\"canonical\" href=\"https:\/\/vorosistvan.hu\/vorosistvanwebaruhaz\/termek\/cd-igy-is-lehet-hallgass-ha-jot-akarsz-a-legjobb-voros-istvan-dalok-6-akusztikus-verziok\/\" \/>\n<meta property=\"og:locale\" content=\"hu_HU\" \/>\n<meta property=\"og:type\" content=\"article\" \/>\n<meta property=\"og:title\" content=\"\u00cdgy is lehet Hallgass, ha j\u00f3t akarsz! A legjobb V\u00f6r\u00f6s Istv\u00e1n dalok 6.\" \/>\n<meta property=\"og:description\" content=\"CD \u00cdgy is lehet - Hallgass, ha j\u00f3t akarsz! A legjobb V\u00f6r\u00f6s Istv\u00e1n dalok 6. (akusztikus verzi\u00f3k) 14 dal \u00fajra hangszerelve , r\u00f6gz\u00edtve.\" \/>\n<meta property=\"og:url\" content=\"https:\/\/vorosistvan.hu\/vorosistvanwebaruhaz\/termek\/cd-igy-is-lehet-hallgass-ha-jot-akarsz-a-legjobb-voros-istvan-dalok-6-akusztikus-verziok\/\" \/>\n<meta property=\"og:site_name\" content=\"V\u00f6r\u00f6s Istv\u00e1n web\u00e1ruh\u00e1z\" \/>\n<meta property=\"article:modified_time\" content=\"2023-11-02T20:36:28+00:00\" \/>\n<meta property=\"og:image\" content=\"https:\/\/vorosistvan.hu\/vorosistvanwebaruhaz\/wp-content\/uploads\/2021\/05\/Front.jpg\" \/>\n\t<meta property=\"og:image:width\" content=\"808\" \/>\n\t<meta property=\"og:image:height\" content=\"741\" \/>\n\t<meta property=\"og:image:type\" content=\"image\/jpeg\" \/>\n<meta name=\"twitter:card\" content=\"summary_large_image\" \/>\n<meta name=\"twitter:label1\" content=\"Becs\u00fclt olvas\u00e1si id\u0151\" \/>\n\t<meta name=\"twitter:data1\" content=\"1 perc\" \/>\n<script type=\"application\/ld+json\" class=\"yoast-schema-graph\">{\"@context\":\"https:\\\/\\\/schema.org\",\"@graph\":[{\"@type\":\"WebPage\",\"@id\":\"https:\\\/\\\/vorosistvan.hu\\\/vorosistvanwebaruhaz\\\/termek\\\/cd-igy-is-lehet-hallgass-ha-jot-akarsz-a-legjobb-voros-istvan-dalok-6-akusztikus-verziok\\\/\",\"url\":\"https:\\\/\\\/vorosistvan.hu\\\/vorosistvanwebaruhaz\\\/termek\\\/cd-igy-is-lehet-hallgass-ha-jot-akarsz-a-legjobb-voros-istvan-dalok-6-akusztikus-verziok\\\/\",\"name\":\"\u00cdgy is lehet Hallgass, ha j\u00f3t akarsz! A legjobb V\u00f6r\u00f6s Istv\u00e1n dalok 6.\",\"isPartOf\":{\"@id\":\"https:\\\/\\\/vorosistvan.hu\\\/vorosistvanwebaruhaz\\\/#website\"},\"primaryImageOfPage\":{\"@id\":\"https:\\\/\\\/vorosistvan.hu\\\/vorosistvanwebaruhaz\\\/termek\\\/cd-igy-is-lehet-hallgass-ha-jot-akarsz-a-legjobb-voros-istvan-dalok-6-akusztikus-verziok\\\/#primaryimage\"},\"image\":{\"@id\":\"https:\\\/\\\/vorosistvan.hu\\\/vorosistvanwebaruhaz\\\/termek\\\/cd-igy-is-lehet-hallgass-ha-jot-akarsz-a-legjobb-voros-istvan-dalok-6-akusztikus-verziok\\\/#primaryimage\"},\"thumbnailUrl\":\"https:\\\/\\\/vorosistvan.hu\\\/vorosistvanwebaruhaz\\\/wp-content\\\/uploads\\\/2021\\\/05\\\/Front.jpg\",\"datePublished\":\"2021-05-26T15:11:38+00:00\",\"dateModified\":\"2023-11-02T20:36:28+00:00\",\"description\":\"CD \u00cdgy is lehet - Hallgass, ha j\u00f3t akarsz! A legjobb V\u00f6r\u00f6s Istv\u00e1n dalok 6. (akusztikus verzi\u00f3k) 14 dal \u00fajra hangszerelve , r\u00f6gz\u00edtve.\",\"breadcrumb\":{\"@id\":\"https:\\\/\\\/vorosistvan.hu\\\/vorosistvanwebaruhaz\\\/termek\\\/cd-igy-is-lehet-hallgass-ha-jot-akarsz-a-legjobb-voros-istvan-dalok-6-akusztikus-verziok\\\/#breadcrumb\"},\"inLanguage\":\"hu\",\"potentialAction\":[{\"@type\":\"ReadAction\",\"target\":[\"https:\\\/\\\/vorosistvan.hu\\\/vorosistvanwebaruhaz\\\/termek\\\/cd-igy-is-lehet-hallgass-ha-jot-akarsz-a-legjobb-voros-istvan-dalok-6-akusztikus-verziok\\\/\"]}]},{\"@type\":\"ImageObject\",\"inLanguage\":\"hu\",\"@id\":\"https:\\\/\\\/vorosistvan.hu\\\/vorosistvanwebaruhaz\\\/termek\\\/cd-igy-is-lehet-hallgass-ha-jot-akarsz-a-legjobb-voros-istvan-dalok-6-akusztikus-verziok\\\/#primaryimage\",\"url\":\"https:\\\/\\\/vorosistvan.hu\\\/vorosistvanwebaruhaz\\\/wp-content\\\/uploads\\\/2021\\\/05\\\/Front.jpg\",\"contentUrl\":\"https:\\\/\\\/vorosistvan.hu\\\/vorosistvanwebaruhaz\\\/wp-content\\\/uploads\\\/2021\\\/05\\\/Front.jpg\",\"width\":808,\"height\":741},{\"@type\":\"BreadcrumbList\",\"@id\":\"https:\\\/\\\/vorosistvan.hu\\\/vorosistvanwebaruhaz\\\/termek\\\/cd-igy-is-lehet-hallgass-ha-jot-akarsz-a-legjobb-voros-istvan-dalok-6-akusztikus-verziok\\\/#breadcrumb\",\"itemListElement\":[{\"@type\":\"ListItem\",\"position\":1,\"name\":\"Kezd\u0151lap\",\"item\":\"https:\\\/\\\/vorosistvan.hu\\\/vorosistvanwebaruhaz\\\/\"},{\"@type\":\"ListItem\",\"position\":2,\"name\":\"TERM\u00c9KEK\",\"item\":\"https:\\\/\\\/vorosistvan.hu\\\/vorosistvanwebaruhaz\\\/termekek\\\/\"},{\"@type\":\"ListItem\",\"position\":3,\"name\":\"CD \u00cdgy is lehet &#8211; Hallgass, ha j\u00f3t akarsz! A legjobb V\u00f6r\u00f6s Istv\u00e1n dalok 6. (akusztikus verzi\u00f3k)\"}]},{\"@type\":\"WebSite\",\"@id\":\"https:\\\/\\\/vorosistvan.hu\\\/vorosistvanwebaruhaz\\\/#website\",\"url\":\"https:\\\/\\\/vorosistvan.hu\\\/vorosistvanwebaruhaz\\\/\",\"name\":\"V\u00f6r\u00f6s Istv\u00e1n web\u00e1ruh\u00e1z\",\"description\":\"\",\"potentialAction\":[{\"@type\":\"SearchAction\",\"target\":{\"@type\":\"EntryPoint\",\"urlTemplate\":\"https:\\\/\\\/vorosistvan.hu\\\/vorosistvanwebaruhaz\\\/?s={search_term_string}\"},\"query-input\":{\"@type\":\"PropertyValueSpecification\",\"valueRequired\":true,\"valueName\":\"search_term_string\"}}],\"inLanguage\":\"hu\"}]}<\/script>\n<!-- \/ Yoast SEO plugin. -->","yoast_head_json":{"title":"\u00cdgy is lehet Hallgass, ha j\u00f3t akarsz! A legjobb V\u00f6r\u00f6s Istv\u00e1n dalok 6.","description":"CD \u00cdgy is lehet - Hallgass, ha j\u00f3t akarsz! A legjobb V\u00f6r\u00f6s Istv\u00e1n dalok 6. (akusztikus verzi\u00f3k) 14 dal \u00fajra hangszerelve , r\u00f6gz\u00edtve.","robots":{"index":"index","follow":"follow","max-snippet":"max-snippet:-1","max-image-preview":"max-image-preview:large","max-video-preview":"max-video-preview:-1"},"canonical":"https:\/\/vorosistvan.hu\/vorosistvanwebaruhaz\/termek\/cd-igy-is-lehet-hallgass-ha-jot-akarsz-a-legjobb-voros-istvan-dalok-6-akusztikus-verziok\/","og_locale":"hu_HU","og_type":"article","og_title":"\u00cdgy is lehet Hallgass, ha j\u00f3t akarsz! A legjobb V\u00f6r\u00f6s Istv\u00e1n dalok 6.","og_description":"CD \u00cdgy is lehet - Hallgass, ha j\u00f3t akarsz! A legjobb V\u00f6r\u00f6s Istv\u00e1n dalok 6. (akusztikus verzi\u00f3k) 14 dal \u00fajra hangszerelve , r\u00f6gz\u00edtve.","og_url":"https:\/\/vorosistvan.hu\/vorosistvanwebaruhaz\/termek\/cd-igy-is-lehet-hallgass-ha-jot-akarsz-a-legjobb-voros-istvan-dalok-6-akusztikus-verziok\/","og_site_name":"V\u00f6r\u00f6s Istv\u00e1n web\u00e1ruh\u00e1z","article_modified_time":"2023-11-02T20:36:28+00:00","og_image":[{"width":808,"height":741,"url":"https:\/\/vorosistvan.hu\/vorosistvanwebaruhaz\/wp-content\/uploads\/2021\/05\/Front.jpg","type":"image\/jpeg"}],"twitter_card":"summary_large_image","twitter_misc":{"Becs\u00fclt olvas\u00e1si id\u0151":"1 perc"},"schema":{"@context":"https:\/\/schema.org","@graph":[{"@type":"WebPage","@id":"https:\/\/vorosistvan.hu\/vorosistvanwebaruhaz\/termek\/cd-igy-is-lehet-hallgass-ha-jot-akarsz-a-legjobb-voros-istvan-dalok-6-akusztikus-verziok\/","url":"https:\/\/vorosistvan.hu\/vorosistvanwebaruhaz\/termek\/cd-igy-is-lehet-hallgass-ha-jot-akarsz-a-legjobb-voros-istvan-dalok-6-akusztikus-verziok\/","name":"\u00cdgy is lehet Hallgass, ha j\u00f3t akarsz! A legjobb V\u00f6r\u00f6s Istv\u00e1n dalok 6.","isPartOf":{"@id":"https:\/\/vorosistvan.hu\/vorosistvanwebaruhaz\/#website"},"primaryImageOfPage":{"@id":"https:\/\/vorosistvan.hu\/vorosistvanwebaruhaz\/termek\/cd-igy-is-lehet-hallgass-ha-jot-akarsz-a-legjobb-voros-istvan-dalok-6-akusztikus-verziok\/#primaryimage"},"image":{"@id":"https:\/\/vorosistvan.hu\/vorosistvanwebaruhaz\/termek\/cd-igy-is-lehet-hallgass-ha-jot-akarsz-a-legjobb-voros-istvan-dalok-6-akusztikus-verziok\/#primaryimage"},"thumbnailUrl":"https:\/\/vorosistvan.hu\/vorosistvanwebaruhaz\/wp-content\/uploads\/2021\/05\/Front.jpg","datePublished":"2021-05-26T15:11:38+00:00","dateModified":"2023-11-02T20:36:28+00:00","description":"CD \u00cdgy is lehet - Hallgass, ha j\u00f3t akarsz! A legjobb V\u00f6r\u00f6s Istv\u00e1n dalok 6. (akusztikus verzi\u00f3k) 14 dal \u00fajra hangszerelve , r\u00f6gz\u00edtve.","breadcrumb":{"@id":"https:\/\/vorosistvan.hu\/vorosistvanwebaruhaz\/termek\/cd-igy-is-lehet-hallgass-ha-jot-akarsz-a-legjobb-voros-istvan-dalok-6-akusztikus-verziok\/#breadcrumb"},"inLanguage":"hu","potentialAction":[{"@type":"ReadAction","target":["https:\/\/vorosistvan.hu\/vorosistvanwebaruhaz\/termek\/cd-igy-is-lehet-hallgass-ha-jot-akarsz-a-legjobb-voros-istvan-dalok-6-akusztikus-verziok\/"]}]},{"@type":"ImageObject","inLanguage":"hu","@id":"https:\/\/vorosistvan.hu\/vorosistvanwebaruhaz\/termek\/cd-igy-is-lehet-hallgass-ha-jot-akarsz-a-legjobb-voros-istvan-dalok-6-akusztikus-verziok\/#primaryimage","url":"https:\/\/vorosistvan.hu\/vorosistvanwebaruhaz\/wp-content\/uploads\/2021\/05\/Front.jpg","contentUrl":"https:\/\/vorosistvan.hu\/vorosistvanwebaruhaz\/wp-content\/uploads\/2021\/05\/Front.jpg","width":808,"height":741},{"@type":"BreadcrumbList","@id":"https:\/\/vorosistvan.hu\/vorosistvanwebaruhaz\/termek\/cd-igy-is-lehet-hallgass-ha-jot-akarsz-a-legjobb-voros-istvan-dalok-6-akusztikus-verziok\/#breadcrumb","itemListElement":[{"@type":"ListItem","position":1,"name":"Kezd\u0151lap","item":"https:\/\/vorosistvan.hu\/vorosistvanwebaruhaz\/"},{"@type":"ListItem","position":2,"name":"TERM\u00c9KEK","item":"https:\/\/vorosistvan.hu\/vorosistvanwebaruhaz\/termekek\/"},{"@type":"ListItem","position":3,"name":"CD \u00cdgy is lehet &#8211; Hallgass, ha j\u00f3t akarsz! A legjobb V\u00f6r\u00f6s Istv\u00e1n dalok 6. (akusztikus verzi\u00f3k)"}]},{"@type":"WebSite","@id":"https:\/\/vorosistvan.hu\/vorosistvanwebaruhaz\/#website","url":"https:\/\/vorosistvan.hu\/vorosistvanwebaruhaz\/","name":"V\u00f6r\u00f6s Istv\u00e1n web\u00e1ruh\u00e1z","description":"","potentialAction":[{"@type":"SearchAction","target":{"@type":"EntryPoint","urlTemplate":"https:\/\/vorosistvan.hu\/vorosistvanwebaruhaz\/?s={search_term_string}"},"query-input":{"@type":"PropertyValueSpecification","valueRequired":true,"valueName":"search_term_string"}}],"inLanguage":"hu"}]}},"_links":{"self":[{"href":"https:\/\/vorosistvan.hu\/vorosistvanwebaruhaz\/wp-json\/wp\/v2\/product\/1370","targetHints":{"allow":["GET"]}}],"collection":[{"href":"https:\/\/vorosistvan.hu\/vorosistvanwebaruhaz\/wp-json\/wp\/v2\/product"}],"about":[{"href":"https:\/\/vorosistvan.hu\/vorosistvanwebaruhaz\/wp-json\/wp\/v2\/types\/product"}],"author":[{"embeddable":true,"href":"https:\/\/vorosistvan.hu\/vorosistvanwebaruhaz\/wp-json\/wp\/v2\/users\/1"}],"replies":[{"embeddable":true,"href":"https:\/\/vorosistvan.hu\/vorosistvanwebaruhaz\/wp-json\/wp\/v2\/comments?post=1370"}],"wp:featuredmedia":[{"embeddable":true,"href":"https:\/\/vorosistvan.hu\/vorosistvanwebaruhaz\/wp-json\/wp\/v2\/media\/1371"}],"wp:attachment":[{"href":"https:\/\/vorosistvan.hu\/vorosistvanwebaruhaz\/wp-json\/wp\/v2\/media?parent=1370"}],"wp:term":[{"taxonomy":"product_brand","embeddable":true,"href":"https:\/\/vorosistvan.hu\/vorosistvanwebaruhaz\/wp-json\/wp\/v2\/product_brand?post=1370"},{"taxonomy":"product_cat","embeddable":true,"href":"https:\/\/vorosistvan.hu\/vorosistvanwebaruhaz\/wp-json\/wp\/v2\/product_cat?post=1370"},{"taxonomy":"product_tag","embeddable":true,"href":"https:\/\/vorosistvan.hu\/vorosistvanwebaruhaz\/wp-json\/wp\/v2\/product_tag?post=1370"}],"curies":[{"name":"wp","href":"https:\/\/api.w.org\/{rel}","templated":true}]}}