{"id":330,"date":"2020-11-30T14:37:08","date_gmt":"2020-11-30T14:37:08","guid":{"rendered":"https:\/\/vorosistvan.hu\/vorosistvanwebaruhaz\/?post_type=product&#038;p=330"},"modified":"2023-11-02T21:29:01","modified_gmt":"2023-11-02T21:29:01","slug":"cd-hallgass-ha-jot-akarsz-1","status":"publish","type":"product","link":"https:\/\/vorosistvan.hu\/vorosistvanwebaruhaz\/termek\/cd-hallgass-ha-jot-akarsz-1\/","title":{"rendered":"CD Hallgass, ha j\u00f3t akarsz 1."},"content":{"rendered":"<h3><span style=\"color: #c60606;\"><strong>V\u00d6R\u00d6S ISTV\u00c1N: Hallgass, ha j\u00f3t akarsz! A Legjobb V\u00f6r\u00f6s Istv\u00e1n dalok 1. \/ CD<\/strong><\/span><\/h3>\n<p><strong>2012 \u2013 VIP \u2013 CD<br \/>\nKiad\u00f3: V\u00f6r\u00f6s Istv\u00e1n Produkci\u00f3<\/strong><\/p>\n<p><em>Dalok:<\/em><\/p>\n<p>1. Engedj be a j\u00f3ba<br \/>\n2. Hagyd, hogyha menni akar<br \/>\n3. Sz\u0171k nek\u00fcnk ez a v\u00e1ros<br \/>\n4. Ti\u00e9d a vil\u00e1g<br \/>\n5. Minden viharon \u00e1t<br \/>\n6. Valakit mindig k\u00fcld az \u00e9g<br \/>\n7. Mag\u00e1nyos utaz\u00f3<br \/>\n8. Kalandra fel<br \/>\n9. Egy kis der\u0171 a sz\u00edvemen<br \/>\n10. \u00c9rted s\u00edr az \u00e9g<br \/>\n11. A vadabbik \u00e9nem<br \/>\n12. Hitt\u00fcnk a t\u00fcnd\u00e9rmes\u00e9knek<br \/>\n13. Szeretni k\u00e9ne<br \/>\n14. Felem\u00e1s \u00e1llapot<br \/>\n15. Bonyolult n\u0151i l\u00e9lek<br \/>\n16. V\u00e1rlak lenn a t\u00e9ren<br \/>\n17. Mindenki bolond<br \/>\n18. Hajsza k\u00f6zben<\/p>\n","protected":false},"excerpt":{"rendered":"<p>V\u00d6R\u00d6S ISTV\u00c1N: Hallgass, ha j\u00f3t akarsz! A Legjobb V\u00f6r\u00f6s Istv\u00e1n dalok 1. \/ CD 2012 \u2013 VIP \u2013 CD Kiad\u00f3: V\u00f6r\u00f6s Istv\u00e1n Produkci\u00f3 Dalok: 1. Engedj be a j\u00f3ba 2. Hagyd, hogyha menni akar 3. Sz\u0171k nek\u00fcnk ez a v\u00e1ros 4. Ti\u00e9d a vil\u00e1g 5. Minden viharon \u00e1t 6. Valakit mindig k\u00fcld az \u00e9g 7.&hellip;&nbsp;<a href=\"https:\/\/vorosistvan.hu\/vorosistvanwebaruhaz\/termek\/cd-hallgass-ha-jot-akarsz-1\/\" rel=\"bookmark\">Read More &raquo;<span class=\"screen-reader-text\">CD Hallgass, ha j\u00f3t akarsz 1.<\/span><\/a><\/p>\n","protected":false},"author":1,"featured_media":946,"comment_status":"closed","ping_status":"closed","template":"","meta":{"neve_meta_sidebar":"","neve_meta_container":"","neve_meta_enable_content_width":"off","neve_meta_content_width":100,"neve_meta_title_alignment":"","neve_meta_author_avatar":"","neve_post_elements_order":"","neve_meta_disable_header":"","neve_meta_disable_footer":"","neve_meta_disable_title":""},"product_brand":[],"product_cat":[22],"product_tag":[],"class_list":{"0":"post-330","1":"product","2":"type-product","3":"status-publish","4":"has-post-thumbnail","6":"product_cat-cd-lemezek","7":"product_shipping_class-cd","9":"first","10":"instock","11":"shipping-taxable","12":"purchasable","13":"product-type-simple"},"yoast_head":"<!-- This site is optimized with the Yoast SEO plugin v27.4 - https:\/\/yoast.com\/product\/yoast-seo-wordpress\/ -->\n<title>Hallgass, ha j\u00f3t akarsz! A Legjobb V\u00f6r\u00f6s Istv\u00e1n dalok 1. \/ CD<\/title>\n<meta name=\"description\" content=\"V\u00f6r\u00f6s Istv\u00e1n Hallgass, ha j\u00f3t akarsz! A Legjobb V\u00f6r\u00f6s Istv\u00e1n dalok 1. \/ CD 18 dalt tartalmaz\u00f3 album \u00fajra hangszerelve, felj\u00e1tszva.\" \/>\n<meta name=\"robots\" content=\"index, follow, max-snippet:-1, max-image-preview:large, max-video-preview:-1\" \/>\n<link rel=\"canonical\" href=\"https:\/\/vorosistvan.hu\/vorosistvanwebaruhaz\/termek\/cd-hallgass-ha-jot-akarsz-1\/\" \/>\n<meta property=\"og:locale\" content=\"hu_HU\" \/>\n<meta property=\"og:type\" content=\"article\" \/>\n<meta property=\"og:title\" content=\"Hallgass, ha j\u00f3t akarsz! A Legjobb V\u00f6r\u00f6s Istv\u00e1n dalok 1. \/ CD\" \/>\n<meta property=\"og:description\" content=\"V\u00f6r\u00f6s Istv\u00e1n Hallgass, ha j\u00f3t akarsz! A Legjobb V\u00f6r\u00f6s Istv\u00e1n dalok 1. \/ CD 18 dalt tartalmaz\u00f3 album \u00fajra hangszerelve, felj\u00e1tszva.\" \/>\n<meta property=\"og:url\" content=\"https:\/\/vorosistvan.hu\/vorosistvanwebaruhaz\/termek\/cd-hallgass-ha-jot-akarsz-1\/\" \/>\n<meta property=\"og:site_name\" content=\"V\u00f6r\u00f6s Istv\u00e1n web\u00e1ruh\u00e1z\" \/>\n<meta property=\"article:modified_time\" content=\"2023-11-02T21:29:01+00:00\" \/>\n<meta property=\"og:image\" content=\"https:\/\/vorosistvan.hu\/vorosistvanwebaruhaz\/wp-content\/uploads\/2020\/11\/019_hallgass_1.jpg\" \/>\n\t<meta property=\"og:image:width\" content=\"354\" \/>\n\t<meta property=\"og:image:height\" content=\"354\" \/>\n\t<meta property=\"og:image:type\" content=\"image\/jpeg\" \/>\n<meta name=\"twitter:card\" content=\"summary_large_image\" \/>\n<meta name=\"twitter:label1\" content=\"Becs\u00fclt olvas\u00e1si id\u0151\" \/>\n\t<meta name=\"twitter:data1\" content=\"1 perc\" \/>\n<script type=\"application\/ld+json\" class=\"yoast-schema-graph\">{\"@context\":\"https:\\\/\\\/schema.org\",\"@graph\":[{\"@type\":\"WebPage\",\"@id\":\"https:\\\/\\\/vorosistvan.hu\\\/vorosistvanwebaruhaz\\\/termek\\\/cd-hallgass-ha-jot-akarsz-1\\\/\",\"url\":\"https:\\\/\\\/vorosistvan.hu\\\/vorosistvanwebaruhaz\\\/termek\\\/cd-hallgass-ha-jot-akarsz-1\\\/\",\"name\":\"Hallgass, ha j\u00f3t akarsz! A Legjobb V\u00f6r\u00f6s Istv\u00e1n dalok 1. \\\/ CD\",\"isPartOf\":{\"@id\":\"https:\\\/\\\/vorosistvan.hu\\\/vorosistvanwebaruhaz\\\/#website\"},\"primaryImageOfPage\":{\"@id\":\"https:\\\/\\\/vorosistvan.hu\\\/vorosistvanwebaruhaz\\\/termek\\\/cd-hallgass-ha-jot-akarsz-1\\\/#primaryimage\"},\"image\":{\"@id\":\"https:\\\/\\\/vorosistvan.hu\\\/vorosistvanwebaruhaz\\\/termek\\\/cd-hallgass-ha-jot-akarsz-1\\\/#primaryimage\"},\"thumbnailUrl\":\"https:\\\/\\\/vorosistvan.hu\\\/vorosistvanwebaruhaz\\\/wp-content\\\/uploads\\\/2020\\\/11\\\/019_hallgass_1.jpg\",\"datePublished\":\"2020-11-30T14:37:08+00:00\",\"dateModified\":\"2023-11-02T21:29:01+00:00\",\"description\":\"V\u00f6r\u00f6s Istv\u00e1n Hallgass, ha j\u00f3t akarsz! A Legjobb V\u00f6r\u00f6s Istv\u00e1n dalok 1. \\\/ CD 18 dalt tartalmaz\u00f3 album \u00fajra hangszerelve, felj\u00e1tszva.\",\"breadcrumb\":{\"@id\":\"https:\\\/\\\/vorosistvan.hu\\\/vorosistvanwebaruhaz\\\/termek\\\/cd-hallgass-ha-jot-akarsz-1\\\/#breadcrumb\"},\"inLanguage\":\"hu\",\"potentialAction\":[{\"@type\":\"ReadAction\",\"target\":[\"https:\\\/\\\/vorosistvan.hu\\\/vorosistvanwebaruhaz\\\/termek\\\/cd-hallgass-ha-jot-akarsz-1\\\/\"]}]},{\"@type\":\"ImageObject\",\"inLanguage\":\"hu\",\"@id\":\"https:\\\/\\\/vorosistvan.hu\\\/vorosistvanwebaruhaz\\\/termek\\\/cd-hallgass-ha-jot-akarsz-1\\\/#primaryimage\",\"url\":\"https:\\\/\\\/vorosistvan.hu\\\/vorosistvanwebaruhaz\\\/wp-content\\\/uploads\\\/2020\\\/11\\\/019_hallgass_1.jpg\",\"contentUrl\":\"https:\\\/\\\/vorosistvan.hu\\\/vorosistvanwebaruhaz\\\/wp-content\\\/uploads\\\/2020\\\/11\\\/019_hallgass_1.jpg\",\"width\":354,\"height\":354},{\"@type\":\"BreadcrumbList\",\"@id\":\"https:\\\/\\\/vorosistvan.hu\\\/vorosistvanwebaruhaz\\\/termek\\\/cd-hallgass-ha-jot-akarsz-1\\\/#breadcrumb\",\"itemListElement\":[{\"@type\":\"ListItem\",\"position\":1,\"name\":\"Kezd\u0151lap\",\"item\":\"https:\\\/\\\/vorosistvan.hu\\\/vorosistvanwebaruhaz\\\/\"},{\"@type\":\"ListItem\",\"position\":2,\"name\":\"TERM\u00c9KEK\",\"item\":\"https:\\\/\\\/vorosistvan.hu\\\/vorosistvanwebaruhaz\\\/termekek\\\/\"},{\"@type\":\"ListItem\",\"position\":3,\"name\":\"CD Hallgass, ha j\u00f3t akarsz 1.\"}]},{\"@type\":\"WebSite\",\"@id\":\"https:\\\/\\\/vorosistvan.hu\\\/vorosistvanwebaruhaz\\\/#website\",\"url\":\"https:\\\/\\\/vorosistvan.hu\\\/vorosistvanwebaruhaz\\\/\",\"name\":\"V\u00f6r\u00f6s Istv\u00e1n web\u00e1ruh\u00e1z\",\"description\":\"\",\"potentialAction\":[{\"@type\":\"SearchAction\",\"target\":{\"@type\":\"EntryPoint\",\"urlTemplate\":\"https:\\\/\\\/vorosistvan.hu\\\/vorosistvanwebaruhaz\\\/?s={search_term_string}\"},\"query-input\":{\"@type\":\"PropertyValueSpecification\",\"valueRequired\":true,\"valueName\":\"search_term_string\"}}],\"inLanguage\":\"hu\"}]}<\/script>\n<!-- \/ Yoast SEO plugin. -->","yoast_head_json":{"title":"Hallgass, ha j\u00f3t akarsz! A Legjobb V\u00f6r\u00f6s Istv\u00e1n dalok 1. \/ CD","description":"V\u00f6r\u00f6s Istv\u00e1n Hallgass, ha j\u00f3t akarsz! A Legjobb V\u00f6r\u00f6s Istv\u00e1n dalok 1. \/ CD 18 dalt tartalmaz\u00f3 album \u00fajra hangszerelve, felj\u00e1tszva.","robots":{"index":"index","follow":"follow","max-snippet":"max-snippet:-1","max-image-preview":"max-image-preview:large","max-video-preview":"max-video-preview:-1"},"canonical":"https:\/\/vorosistvan.hu\/vorosistvanwebaruhaz\/termek\/cd-hallgass-ha-jot-akarsz-1\/","og_locale":"hu_HU","og_type":"article","og_title":"Hallgass, ha j\u00f3t akarsz! A Legjobb V\u00f6r\u00f6s Istv\u00e1n dalok 1. \/ CD","og_description":"V\u00f6r\u00f6s Istv\u00e1n Hallgass, ha j\u00f3t akarsz! A Legjobb V\u00f6r\u00f6s Istv\u00e1n dalok 1. \/ CD 18 dalt tartalmaz\u00f3 album \u00fajra hangszerelve, felj\u00e1tszva.","og_url":"https:\/\/vorosistvan.hu\/vorosistvanwebaruhaz\/termek\/cd-hallgass-ha-jot-akarsz-1\/","og_site_name":"V\u00f6r\u00f6s Istv\u00e1n web\u00e1ruh\u00e1z","article_modified_time":"2023-11-02T21:29:01+00:00","og_image":[{"width":354,"height":354,"url":"https:\/\/vorosistvan.hu\/vorosistvanwebaruhaz\/wp-content\/uploads\/2020\/11\/019_hallgass_1.jpg","type":"image\/jpeg"}],"twitter_card":"summary_large_image","twitter_misc":{"Becs\u00fclt olvas\u00e1si id\u0151":"1 perc"},"schema":{"@context":"https:\/\/schema.org","@graph":[{"@type":"WebPage","@id":"https:\/\/vorosistvan.hu\/vorosistvanwebaruhaz\/termek\/cd-hallgass-ha-jot-akarsz-1\/","url":"https:\/\/vorosistvan.hu\/vorosistvanwebaruhaz\/termek\/cd-hallgass-ha-jot-akarsz-1\/","name":"Hallgass, ha j\u00f3t akarsz! A Legjobb V\u00f6r\u00f6s Istv\u00e1n dalok 1. \/ CD","isPartOf":{"@id":"https:\/\/vorosistvan.hu\/vorosistvanwebaruhaz\/#website"},"primaryImageOfPage":{"@id":"https:\/\/vorosistvan.hu\/vorosistvanwebaruhaz\/termek\/cd-hallgass-ha-jot-akarsz-1\/#primaryimage"},"image":{"@id":"https:\/\/vorosistvan.hu\/vorosistvanwebaruhaz\/termek\/cd-hallgass-ha-jot-akarsz-1\/#primaryimage"},"thumbnailUrl":"https:\/\/vorosistvan.hu\/vorosistvanwebaruhaz\/wp-content\/uploads\/2020\/11\/019_hallgass_1.jpg","datePublished":"2020-11-30T14:37:08+00:00","dateModified":"2023-11-02T21:29:01+00:00","description":"V\u00f6r\u00f6s Istv\u00e1n Hallgass, ha j\u00f3t akarsz! A Legjobb V\u00f6r\u00f6s Istv\u00e1n dalok 1. \/ CD 18 dalt tartalmaz\u00f3 album \u00fajra hangszerelve, felj\u00e1tszva.","breadcrumb":{"@id":"https:\/\/vorosistvan.hu\/vorosistvanwebaruhaz\/termek\/cd-hallgass-ha-jot-akarsz-1\/#breadcrumb"},"inLanguage":"hu","potentialAction":[{"@type":"ReadAction","target":["https:\/\/vorosistvan.hu\/vorosistvanwebaruhaz\/termek\/cd-hallgass-ha-jot-akarsz-1\/"]}]},{"@type":"ImageObject","inLanguage":"hu","@id":"https:\/\/vorosistvan.hu\/vorosistvanwebaruhaz\/termek\/cd-hallgass-ha-jot-akarsz-1\/#primaryimage","url":"https:\/\/vorosistvan.hu\/vorosistvanwebaruhaz\/wp-content\/uploads\/2020\/11\/019_hallgass_1.jpg","contentUrl":"https:\/\/vorosistvan.hu\/vorosistvanwebaruhaz\/wp-content\/uploads\/2020\/11\/019_hallgass_1.jpg","width":354,"height":354},{"@type":"BreadcrumbList","@id":"https:\/\/vorosistvan.hu\/vorosistvanwebaruhaz\/termek\/cd-hallgass-ha-jot-akarsz-1\/#breadcrumb","itemListElement":[{"@type":"ListItem","position":1,"name":"Kezd\u0151lap","item":"https:\/\/vorosistvan.hu\/vorosistvanwebaruhaz\/"},{"@type":"ListItem","position":2,"name":"TERM\u00c9KEK","item":"https:\/\/vorosistvan.hu\/vorosistvanwebaruhaz\/termekek\/"},{"@type":"ListItem","position":3,"name":"CD Hallgass, ha j\u00f3t akarsz 1."}]},{"@type":"WebSite","@id":"https:\/\/vorosistvan.hu\/vorosistvanwebaruhaz\/#website","url":"https:\/\/vorosistvan.hu\/vorosistvanwebaruhaz\/","name":"V\u00f6r\u00f6s Istv\u00e1n web\u00e1ruh\u00e1z","description":"","potentialAction":[{"@type":"SearchAction","target":{"@type":"EntryPoint","urlTemplate":"https:\/\/vorosistvan.hu\/vorosistvanwebaruhaz\/?s={search_term_string}"},"query-input":{"@type":"PropertyValueSpecification","valueRequired":true,"valueName":"search_term_string"}}],"inLanguage":"hu"}]}},"_links":{"self":[{"href":"https:\/\/vorosistvan.hu\/vorosistvanwebaruhaz\/wp-json\/wp\/v2\/product\/330","targetHints":{"allow":["GET"]}}],"collection":[{"href":"https:\/\/vorosistvan.hu\/vorosistvanwebaruhaz\/wp-json\/wp\/v2\/product"}],"about":[{"href":"https:\/\/vorosistvan.hu\/vorosistvanwebaruhaz\/wp-json\/wp\/v2\/types\/product"}],"author":[{"embeddable":true,"href":"https:\/\/vorosistvan.hu\/vorosistvanwebaruhaz\/wp-json\/wp\/v2\/users\/1"}],"replies":[{"embeddable":true,"href":"https:\/\/vorosistvan.hu\/vorosistvanwebaruhaz\/wp-json\/wp\/v2\/comments?post=330"}],"wp:featuredmedia":[{"embeddable":true,"href":"https:\/\/vorosistvan.hu\/vorosistvanwebaruhaz\/wp-json\/wp\/v2\/media\/946"}],"wp:attachment":[{"href":"https:\/\/vorosistvan.hu\/vorosistvanwebaruhaz\/wp-json\/wp\/v2\/media?parent=330"}],"wp:term":[{"taxonomy":"product_brand","embeddable":true,"href":"https:\/\/vorosistvan.hu\/vorosistvanwebaruhaz\/wp-json\/wp\/v2\/product_brand?post=330"},{"taxonomy":"product_cat","embeddable":true,"href":"https:\/\/vorosistvan.hu\/vorosistvanwebaruhaz\/wp-json\/wp\/v2\/product_cat?post=330"},{"taxonomy":"product_tag","embeddable":true,"href":"https:\/\/vorosistvan.hu\/vorosistvanwebaruhaz\/wp-json\/wp\/v2\/product_tag?post=330"}],"curies":[{"name":"wp","href":"https:\/\/api.w.org\/{rel}","templated":true}]}}