{"id":336,"date":"2004-09-30T15:01:14","date_gmt":"2004-09-30T15:01:14","guid":{"rendered":"https:\/\/vorosistvan.hu\/vorosistvanwebaruhaz\/?post_type=product&#038;p=336"},"modified":"2021-01-13T16:13:34","modified_gmt":"2021-01-13T16:13:34","slug":"cd-tetteneres","status":"publish","type":"product","link":"https:\/\/vorosistvan.hu\/vorosistvanwebaruhaz\/termek\/cd-tetteneres\/","title":{"rendered":"CD Tetten\u00e9r\u00e9s"},"content":{"rendered":"<h3><span style=\"color: #c60606;\"><strong>V\u00d6R\u00d6S ISTV\u00c1N: Tetten\u00e9r\u00e9s \/ CD<\/strong><\/span><\/h3>\n<p><strong>2004 \u2013 VIP \u2013 CD\u00a0<\/strong><\/p>\n<p><em>Dalok:<\/em><\/p>\n<p>1. V\u00e1rjuk ki a v\u00e9g\u00e9t<br \/>\n2. Kalandra fel<br \/>\n3. Nagy a k\u00eds\u00e9rt\u00e9s<br \/>\n4. L\u00e9lekveszt\u0151n utazunk<br \/>\n5. Valakit mindig k\u00fcld az \u00e9g<br \/>\n6. \u00c9s v\u00e9g\u00fcl a F\u00e9ny<br \/>\n7. Egy kis der\u0171 a sz\u00edvemen<br \/>\n8. Hitt\u00fcnk a t\u00fcnd\u00e9rmes\u00e9knek<br \/>\n9. Szuper a show<br \/>\n10. Mindent, csak azt nem<br \/>\n11. El\u00e9g egy mosoly<br \/>\n12. Tetten\u00e9r\u00e9s<\/p>\n","protected":false},"excerpt":{"rendered":"<p>V\u00d6R\u00d6S ISTV\u00c1N: Tetten\u00e9r\u00e9s \/ CD 2004 \u2013 VIP \u2013 CD\u00a0 Dalok: 1. V\u00e1rjuk ki a v\u00e9g\u00e9t 2. Kalandra fel 3. Nagy a k\u00eds\u00e9rt\u00e9s 4. L\u00e9lekveszt\u0151n utazunk 5. Valakit mindig k\u00fcld az \u00e9g 6. \u00c9s v\u00e9g\u00fcl a F\u00e9ny 7. Egy kis der\u0171 a sz\u00edvemen 8. Hitt\u00fcnk a t\u00fcnd\u00e9rmes\u00e9knek 9. Szuper a show 10. Mindent, csak azt&hellip;&nbsp;<a href=\"https:\/\/vorosistvan.hu\/vorosistvanwebaruhaz\/termek\/cd-tetteneres\/\" rel=\"bookmark\">Read More &raquo;<span class=\"screen-reader-text\">CD Tetten\u00e9r\u00e9s<\/span><\/a><\/p>\n","protected":false},"author":1,"featured_media":944,"comment_status":"closed","ping_status":"closed","template":"","meta":{"neve_meta_sidebar":"","neve_meta_container":"","neve_meta_enable_content_width":"off","neve_meta_content_width":0,"neve_meta_title_alignment":"","neve_meta_author_avatar":"","neve_post_elements_order":"","neve_meta_disable_header":"","neve_meta_disable_footer":"","neve_meta_disable_title":""},"product_brand":[],"product_cat":[22],"product_tag":[],"class_list":{"0":"post-336","1":"product","2":"type-product","3":"status-publish","4":"has-post-thumbnail","6":"product_cat-cd-lemezek","7":"product_shipping_class-cd","9":"first","10":"instock","11":"shipping-taxable","12":"purchasable","13":"product-type-simple"},"yoast_head":"<!-- This site is optimized with the Yoast SEO plugin v27.4 - https:\/\/yoast.com\/product\/yoast-seo-wordpress\/ -->\n<title>CD Tetten\u00e9r\u00e9s - V\u00f6r\u00f6s Istv\u00e1n web\u00e1ruh\u00e1z<\/title>\n<meta name=\"robots\" content=\"index, follow, max-snippet:-1, max-image-preview:large, max-video-preview:-1\" \/>\n<link rel=\"canonical\" href=\"https:\/\/vorosistvan.hu\/vorosistvanwebaruhaz\/termek\/cd-tetteneres\/\" \/>\n<meta property=\"og:locale\" content=\"hu_HU\" \/>\n<meta property=\"og:type\" content=\"article\" \/>\n<meta property=\"og:title\" content=\"CD Tetten\u00e9r\u00e9s - V\u00f6r\u00f6s Istv\u00e1n web\u00e1ruh\u00e1z\" \/>\n<meta property=\"og:description\" content=\"V\u00d6R\u00d6S ISTV\u00c1N: Tetten\u00e9r\u00e9s \/ CD 2004 \u2013 VIP \u2013 CD\u00a0 Dalok: 1. V\u00e1rjuk ki a v\u00e9g\u00e9t 2. Kalandra fel 3. Nagy a k\u00eds\u00e9rt\u00e9s 4. L\u00e9lekveszt\u0151n utazunk 5. Valakit mindig k\u00fcld az \u00e9g 6. \u00c9s v\u00e9g\u00fcl a F\u00e9ny 7. Egy kis der\u0171 a sz\u00edvemen 8. Hitt\u00fcnk a t\u00fcnd\u00e9rmes\u00e9knek 9. Szuper a show 10. Mindent, csak azt&hellip;&nbsp;Read More &raquo;CD Tetten\u00e9r\u00e9s\" \/>\n<meta property=\"og:url\" content=\"https:\/\/vorosistvan.hu\/vorosistvanwebaruhaz\/termek\/cd-tetteneres\/\" \/>\n<meta property=\"og:site_name\" content=\"V\u00f6r\u00f6s Istv\u00e1n web\u00e1ruh\u00e1z\" \/>\n<meta property=\"article:modified_time\" content=\"2021-01-13T16:13:34+00:00\" \/>\n<meta property=\"og:image\" content=\"https:\/\/vorosistvan.hu\/vorosistvanwebaruhaz\/wp-content\/uploads\/2020\/11\/016_tetteneres.jpg\" \/>\n\t<meta property=\"og:image:width\" content=\"354\" \/>\n\t<meta property=\"og:image:height\" content=\"354\" \/>\n\t<meta property=\"og:image:type\" content=\"image\/jpeg\" \/>\n<meta name=\"twitter:card\" content=\"summary_large_image\" \/>\n<script type=\"application\/ld+json\" class=\"yoast-schema-graph\">{\"@context\":\"https:\\\/\\\/schema.org\",\"@graph\":[{\"@type\":\"WebPage\",\"@id\":\"https:\\\/\\\/vorosistvan.hu\\\/vorosistvanwebaruhaz\\\/termek\\\/cd-tetteneres\\\/\",\"url\":\"https:\\\/\\\/vorosistvan.hu\\\/vorosistvanwebaruhaz\\\/termek\\\/cd-tetteneres\\\/\",\"name\":\"CD Tetten\u00e9r\u00e9s - V\u00f6r\u00f6s Istv\u00e1n web\u00e1ruh\u00e1z\",\"isPartOf\":{\"@id\":\"https:\\\/\\\/vorosistvan.hu\\\/vorosistvanwebaruhaz\\\/#website\"},\"primaryImageOfPage\":{\"@id\":\"https:\\\/\\\/vorosistvan.hu\\\/vorosistvanwebaruhaz\\\/termek\\\/cd-tetteneres\\\/#primaryimage\"},\"image\":{\"@id\":\"https:\\\/\\\/vorosistvan.hu\\\/vorosistvanwebaruhaz\\\/termek\\\/cd-tetteneres\\\/#primaryimage\"},\"thumbnailUrl\":\"https:\\\/\\\/vorosistvan.hu\\\/vorosistvanwebaruhaz\\\/wp-content\\\/uploads\\\/2020\\\/11\\\/016_tetteneres.jpg\",\"datePublished\":\"2004-09-30T15:01:14+00:00\",\"dateModified\":\"2021-01-13T16:13:34+00:00\",\"breadcrumb\":{\"@id\":\"https:\\\/\\\/vorosistvan.hu\\\/vorosistvanwebaruhaz\\\/termek\\\/cd-tetteneres\\\/#breadcrumb\"},\"inLanguage\":\"hu\",\"potentialAction\":[{\"@type\":\"ReadAction\",\"target\":[\"https:\\\/\\\/vorosistvan.hu\\\/vorosistvanwebaruhaz\\\/termek\\\/cd-tetteneres\\\/\"]}]},{\"@type\":\"ImageObject\",\"inLanguage\":\"hu\",\"@id\":\"https:\\\/\\\/vorosistvan.hu\\\/vorosistvanwebaruhaz\\\/termek\\\/cd-tetteneres\\\/#primaryimage\",\"url\":\"https:\\\/\\\/vorosistvan.hu\\\/vorosistvanwebaruhaz\\\/wp-content\\\/uploads\\\/2020\\\/11\\\/016_tetteneres.jpg\",\"contentUrl\":\"https:\\\/\\\/vorosistvan.hu\\\/vorosistvanwebaruhaz\\\/wp-content\\\/uploads\\\/2020\\\/11\\\/016_tetteneres.jpg\",\"width\":354,\"height\":354},{\"@type\":\"BreadcrumbList\",\"@id\":\"https:\\\/\\\/vorosistvan.hu\\\/vorosistvanwebaruhaz\\\/termek\\\/cd-tetteneres\\\/#breadcrumb\",\"itemListElement\":[{\"@type\":\"ListItem\",\"position\":1,\"name\":\"Kezd\u0151lap\",\"item\":\"https:\\\/\\\/vorosistvan.hu\\\/vorosistvanwebaruhaz\\\/\"},{\"@type\":\"ListItem\",\"position\":2,\"name\":\"TERM\u00c9KEK\",\"item\":\"https:\\\/\\\/vorosistvan.hu\\\/vorosistvanwebaruhaz\\\/termekek\\\/\"},{\"@type\":\"ListItem\",\"position\":3,\"name\":\"CD Tetten\u00e9r\u00e9s\"}]},{\"@type\":\"WebSite\",\"@id\":\"https:\\\/\\\/vorosistvan.hu\\\/vorosistvanwebaruhaz\\\/#website\",\"url\":\"https:\\\/\\\/vorosistvan.hu\\\/vorosistvanwebaruhaz\\\/\",\"name\":\"V\u00f6r\u00f6s Istv\u00e1n web\u00e1ruh\u00e1z\",\"description\":\"\",\"potentialAction\":[{\"@type\":\"SearchAction\",\"target\":{\"@type\":\"EntryPoint\",\"urlTemplate\":\"https:\\\/\\\/vorosistvan.hu\\\/vorosistvanwebaruhaz\\\/?s={search_term_string}\"},\"query-input\":{\"@type\":\"PropertyValueSpecification\",\"valueRequired\":true,\"valueName\":\"search_term_string\"}}],\"inLanguage\":\"hu\"}]}<\/script>\n<!-- \/ Yoast SEO plugin. -->","yoast_head_json":{"title":"CD Tetten\u00e9r\u00e9s - V\u00f6r\u00f6s Istv\u00e1n web\u00e1ruh\u00e1z","robots":{"index":"index","follow":"follow","max-snippet":"max-snippet:-1","max-image-preview":"max-image-preview:large","max-video-preview":"max-video-preview:-1"},"canonical":"https:\/\/vorosistvan.hu\/vorosistvanwebaruhaz\/termek\/cd-tetteneres\/","og_locale":"hu_HU","og_type":"article","og_title":"CD Tetten\u00e9r\u00e9s - V\u00f6r\u00f6s Istv\u00e1n web\u00e1ruh\u00e1z","og_description":"V\u00d6R\u00d6S ISTV\u00c1N: Tetten\u00e9r\u00e9s \/ CD 2004 \u2013 VIP \u2013 CD\u00a0 Dalok: 1. V\u00e1rjuk ki a v\u00e9g\u00e9t 2. Kalandra fel 3. Nagy a k\u00eds\u00e9rt\u00e9s 4. L\u00e9lekveszt\u0151n utazunk 5. Valakit mindig k\u00fcld az \u00e9g 6. \u00c9s v\u00e9g\u00fcl a F\u00e9ny 7. Egy kis der\u0171 a sz\u00edvemen 8. Hitt\u00fcnk a t\u00fcnd\u00e9rmes\u00e9knek 9. Szuper a show 10. Mindent, csak azt&hellip;&nbsp;Read More &raquo;CD Tetten\u00e9r\u00e9s","og_url":"https:\/\/vorosistvan.hu\/vorosistvanwebaruhaz\/termek\/cd-tetteneres\/","og_site_name":"V\u00f6r\u00f6s Istv\u00e1n web\u00e1ruh\u00e1z","article_modified_time":"2021-01-13T16:13:34+00:00","og_image":[{"width":354,"height":354,"url":"https:\/\/vorosistvan.hu\/vorosistvanwebaruhaz\/wp-content\/uploads\/2020\/11\/016_tetteneres.jpg","type":"image\/jpeg"}],"twitter_card":"summary_large_image","schema":{"@context":"https:\/\/schema.org","@graph":[{"@type":"WebPage","@id":"https:\/\/vorosistvan.hu\/vorosistvanwebaruhaz\/termek\/cd-tetteneres\/","url":"https:\/\/vorosistvan.hu\/vorosistvanwebaruhaz\/termek\/cd-tetteneres\/","name":"CD Tetten\u00e9r\u00e9s - V\u00f6r\u00f6s Istv\u00e1n web\u00e1ruh\u00e1z","isPartOf":{"@id":"https:\/\/vorosistvan.hu\/vorosistvanwebaruhaz\/#website"},"primaryImageOfPage":{"@id":"https:\/\/vorosistvan.hu\/vorosistvanwebaruhaz\/termek\/cd-tetteneres\/#primaryimage"},"image":{"@id":"https:\/\/vorosistvan.hu\/vorosistvanwebaruhaz\/termek\/cd-tetteneres\/#primaryimage"},"thumbnailUrl":"https:\/\/vorosistvan.hu\/vorosistvanwebaruhaz\/wp-content\/uploads\/2020\/11\/016_tetteneres.jpg","datePublished":"2004-09-30T15:01:14+00:00","dateModified":"2021-01-13T16:13:34+00:00","breadcrumb":{"@id":"https:\/\/vorosistvan.hu\/vorosistvanwebaruhaz\/termek\/cd-tetteneres\/#breadcrumb"},"inLanguage":"hu","potentialAction":[{"@type":"ReadAction","target":["https:\/\/vorosistvan.hu\/vorosistvanwebaruhaz\/termek\/cd-tetteneres\/"]}]},{"@type":"ImageObject","inLanguage":"hu","@id":"https:\/\/vorosistvan.hu\/vorosistvanwebaruhaz\/termek\/cd-tetteneres\/#primaryimage","url":"https:\/\/vorosistvan.hu\/vorosistvanwebaruhaz\/wp-content\/uploads\/2020\/11\/016_tetteneres.jpg","contentUrl":"https:\/\/vorosistvan.hu\/vorosistvanwebaruhaz\/wp-content\/uploads\/2020\/11\/016_tetteneres.jpg","width":354,"height":354},{"@type":"BreadcrumbList","@id":"https:\/\/vorosistvan.hu\/vorosistvanwebaruhaz\/termek\/cd-tetteneres\/#breadcrumb","itemListElement":[{"@type":"ListItem","position":1,"name":"Kezd\u0151lap","item":"https:\/\/vorosistvan.hu\/vorosistvanwebaruhaz\/"},{"@type":"ListItem","position":2,"name":"TERM\u00c9KEK","item":"https:\/\/vorosistvan.hu\/vorosistvanwebaruhaz\/termekek\/"},{"@type":"ListItem","position":3,"name":"CD Tetten\u00e9r\u00e9s"}]},{"@type":"WebSite","@id":"https:\/\/vorosistvan.hu\/vorosistvanwebaruhaz\/#website","url":"https:\/\/vorosistvan.hu\/vorosistvanwebaruhaz\/","name":"V\u00f6r\u00f6s Istv\u00e1n web\u00e1ruh\u00e1z","description":"","potentialAction":[{"@type":"SearchAction","target":{"@type":"EntryPoint","urlTemplate":"https:\/\/vorosistvan.hu\/vorosistvanwebaruhaz\/?s={search_term_string}"},"query-input":{"@type":"PropertyValueSpecification","valueRequired":true,"valueName":"search_term_string"}}],"inLanguage":"hu"}]}},"_links":{"self":[{"href":"https:\/\/vorosistvan.hu\/vorosistvanwebaruhaz\/wp-json\/wp\/v2\/product\/336","targetHints":{"allow":["GET"]}}],"collection":[{"href":"https:\/\/vorosistvan.hu\/vorosistvanwebaruhaz\/wp-json\/wp\/v2\/product"}],"about":[{"href":"https:\/\/vorosistvan.hu\/vorosistvanwebaruhaz\/wp-json\/wp\/v2\/types\/product"}],"author":[{"embeddable":true,"href":"https:\/\/vorosistvan.hu\/vorosistvanwebaruhaz\/wp-json\/wp\/v2\/users\/1"}],"replies":[{"embeddable":true,"href":"https:\/\/vorosistvan.hu\/vorosistvanwebaruhaz\/wp-json\/wp\/v2\/comments?post=336"}],"wp:featuredmedia":[{"embeddable":true,"href":"https:\/\/vorosistvan.hu\/vorosistvanwebaruhaz\/wp-json\/wp\/v2\/media\/944"}],"wp:attachment":[{"href":"https:\/\/vorosistvan.hu\/vorosistvanwebaruhaz\/wp-json\/wp\/v2\/media?parent=336"}],"wp:term":[{"taxonomy":"product_brand","embeddable":true,"href":"https:\/\/vorosistvan.hu\/vorosistvanwebaruhaz\/wp-json\/wp\/v2\/product_brand?post=336"},{"taxonomy":"product_cat","embeddable":true,"href":"https:\/\/vorosistvan.hu\/vorosistvanwebaruhaz\/wp-json\/wp\/v2\/product_cat?post=336"},{"taxonomy":"product_tag","embeddable":true,"href":"https:\/\/vorosistvan.hu\/vorosistvanwebaruhaz\/wp-json\/wp\/v2\/product_tag?post=336"}],"curies":[{"name":"wp","href":"https:\/\/api.w.org\/{rel}","templated":true}]}}