{"id":370,"date":"2020-11-30T19:53:46","date_gmt":"2020-11-30T19:53:46","guid":{"rendered":"https:\/\/vorosistvan.hu\/vorosistvanwebaruhaz\/?post_type=product&#038;p=370"},"modified":"2025-02-19T15:17:16","modified_gmt":"2025-02-19T15:17:16","slug":"cd-hallgass-ha-jot-akarsz-3","status":"publish","type":"product","link":"https:\/\/vorosistvan.hu\/vorosistvanwebaruhaz\/termek\/cd-hallgass-ha-jot-akarsz-3\/","title":{"rendered":"CD Hallgass, ha j\u00f3t akarsz 3."},"content":{"rendered":"<h3><span style=\"color: #c60606;\"><strong>V\u00d6R\u00d6S ISTV\u00c1N: Hallgass, ha j\u00f3t akarsz! A Legjobb V\u00f6r\u00f6s Istv\u00e1n dalok 3. \/ CD<\/strong><\/span><\/h3>\n<p><strong>2014 \u2013 VIP \u2013 CD<br \/>\nKiad\u00f3: V\u00f6r\u00f6s Istv\u00e1n Produkci\u00f3<\/strong><\/p>\n<p><em>Dalok:<\/em><\/p>\n<p>1. \u00c9letm\u0171v\u00e9sz<br \/>\n2. Tele van a v\u00e1ros szerelemmel<br \/>\n3. H\u00e1romsz\u00f6gek<br \/>\n4. V\u00e1rjuk ki a v\u00e9g\u00e9t<br \/>\n5. Ellopott percek<br \/>\n6. Legal\u00e1bb egyszer<br \/>\n7. Kifogyott a puszizs\u00e1k<br \/>\n8. Kar\u00e1csony \u00e9jjel\u00e9n<br \/>\n9. P\u00e1r \u00f3r\u00e1s \u00f6r\u00f6m<br \/>\n10. Egy kis der\u0171 a h\u00farokon<br \/>\n11. Cs\u00f6rg\u0151-t\u00e1nc<br \/>\n12. Neh\u00e9z eset<br \/>\n13. Megv\u00e1r a Balaton<br \/>\n14. Kietlen hajnalon<br \/>\n15. Nagy dob\u00e1s<br \/>\n16. Veled \u00fajra kezden\u00e9m<br \/>\n17. Mi legyen a dalban<br \/>\n18. Sz\u00e1llj el szabadon<br \/>\n19. Nagy a k\u00eds\u00e9rt\u00e9s<br \/>\n20. A siker titka a csal\u00e1d (strandmet\u00e1l-verzi\u00f3)<\/p>\n","protected":false},"excerpt":{"rendered":"<p>V\u00d6R\u00d6S ISTV\u00c1N: Hallgass, ha j\u00f3t akarsz! A Legjobb V\u00f6r\u00f6s Istv\u00e1n dalok 3. \/ CD 2014 \u2013 VIP \u2013 CD Kiad\u00f3: V\u00f6r\u00f6s Istv\u00e1n Produkci\u00f3 Dalok: 1. \u00c9letm\u0171v\u00e9sz 2. Tele van a v\u00e1ros szerelemmel 3. H\u00e1romsz\u00f6gek 4. V\u00e1rjuk ki a v\u00e9g\u00e9t 5. Ellopott percek 6. Legal\u00e1bb egyszer 7. Kifogyott a puszizs\u00e1k 8. Kar\u00e1csony \u00e9jjel\u00e9n 9. P\u00e1r \u00f3r\u00e1s&hellip;&nbsp;<a href=\"https:\/\/vorosistvan.hu\/vorosistvanwebaruhaz\/termek\/cd-hallgass-ha-jot-akarsz-3\/\" rel=\"bookmark\">Read More &raquo;<span class=\"screen-reader-text\">CD Hallgass, ha j\u00f3t akarsz 3.<\/span><\/a><\/p>\n","protected":false},"author":1,"featured_media":371,"comment_status":"closed","ping_status":"closed","template":"","meta":{"neve_meta_sidebar":"","neve_meta_container":"","neve_meta_enable_content_width":"off","neve_meta_content_width":100,"neve_meta_title_alignment":"","neve_meta_author_avatar":"","neve_post_elements_order":"","neve_meta_disable_header":"","neve_meta_disable_footer":"","neve_meta_disable_title":""},"product_brand":[],"product_cat":[22],"product_tag":[],"class_list":{"0":"post-370","1":"product","2":"type-product","3":"status-publish","4":"has-post-thumbnail","6":"product_cat-cd-lemezek","7":"product_shipping_class-cd","9":"first","10":"outofstock","11":"shipping-taxable","12":"purchasable","13":"product-type-simple"},"yoast_head":"<!-- This site is optimized with the Yoast SEO plugin v27.4 - https:\/\/yoast.com\/product\/yoast-seo-wordpress\/ -->\n<title>Hallgass, ha j\u00f3t akarsz! A Legjobb V\u00f6r\u00f6s Istv\u00e1n dalok 3. \/ CD<\/title>\n<meta name=\"description\" content=\"V\u00f6r\u00f6s Istv\u00e1n: Hallgass, ha j\u00f3t akarsz! A Legjobb V\u00f6r\u00f6s Istv\u00e1n dalok 3. \/ CD 20 dalt tartalmaz\u00f3 album \u00fajra hangszerelve, felj\u00e1tszva.\" \/>\n<meta name=\"robots\" content=\"index, follow, max-snippet:-1, max-image-preview:large, max-video-preview:-1\" \/>\n<link rel=\"canonical\" href=\"https:\/\/vorosistvan.hu\/vorosistvanwebaruhaz\/termek\/cd-hallgass-ha-jot-akarsz-3\/\" \/>\n<meta property=\"og:locale\" content=\"hu_HU\" \/>\n<meta property=\"og:type\" content=\"article\" \/>\n<meta property=\"og:title\" content=\"Hallgass, ha j\u00f3t akarsz! A Legjobb V\u00f6r\u00f6s Istv\u00e1n dalok 3. \/ CD\" \/>\n<meta property=\"og:description\" content=\"V\u00f6r\u00f6s Istv\u00e1n: Hallgass, ha j\u00f3t akarsz! A Legjobb V\u00f6r\u00f6s Istv\u00e1n dalok 3. \/ CD 20 dalt tartalmaz\u00f3 album \u00fajra hangszerelve, felj\u00e1tszva.\" \/>\n<meta property=\"og:url\" content=\"https:\/\/vorosistvan.hu\/vorosistvanwebaruhaz\/termek\/cd-hallgass-ha-jot-akarsz-3\/\" \/>\n<meta property=\"og:site_name\" content=\"V\u00f6r\u00f6s Istv\u00e1n web\u00e1ruh\u00e1z\" \/>\n<meta property=\"article:modified_time\" content=\"2025-02-19T15:17:16+00:00\" \/>\n<meta property=\"og:image\" content=\"https:\/\/vorosistvan.hu\/vorosistvanwebaruhaz\/wp-content\/uploads\/2020\/11\/Hallgass3_borito_front.jpg\" \/>\n\t<meta property=\"og:image:width\" content=\"600\" \/>\n\t<meta property=\"og:image:height\" content=\"539\" \/>\n\t<meta property=\"og:image:type\" content=\"image\/jpeg\" \/>\n<meta name=\"twitter:card\" content=\"summary_large_image\" \/>\n<meta name=\"twitter:label1\" content=\"Becs\u00fclt olvas\u00e1si id\u0151\" \/>\n\t<meta name=\"twitter:data1\" content=\"1 perc\" \/>\n<script type=\"application\/ld+json\" class=\"yoast-schema-graph\">{\"@context\":\"https:\\\/\\\/schema.org\",\"@graph\":[{\"@type\":\"WebPage\",\"@id\":\"https:\\\/\\\/vorosistvan.hu\\\/vorosistvanwebaruhaz\\\/termek\\\/cd-hallgass-ha-jot-akarsz-3\\\/\",\"url\":\"https:\\\/\\\/vorosistvan.hu\\\/vorosistvanwebaruhaz\\\/termek\\\/cd-hallgass-ha-jot-akarsz-3\\\/\",\"name\":\"Hallgass, ha j\u00f3t akarsz! A Legjobb V\u00f6r\u00f6s Istv\u00e1n dalok 3. \\\/ CD\",\"isPartOf\":{\"@id\":\"https:\\\/\\\/vorosistvan.hu\\\/vorosistvanwebaruhaz\\\/#website\"},\"primaryImageOfPage\":{\"@id\":\"https:\\\/\\\/vorosistvan.hu\\\/vorosistvanwebaruhaz\\\/termek\\\/cd-hallgass-ha-jot-akarsz-3\\\/#primaryimage\"},\"image\":{\"@id\":\"https:\\\/\\\/vorosistvan.hu\\\/vorosistvanwebaruhaz\\\/termek\\\/cd-hallgass-ha-jot-akarsz-3\\\/#primaryimage\"},\"thumbnailUrl\":\"https:\\\/\\\/vorosistvan.hu\\\/vorosistvanwebaruhaz\\\/wp-content\\\/uploads\\\/2020\\\/11\\\/Hallgass3_borito_front.jpg\",\"datePublished\":\"2020-11-30T19:53:46+00:00\",\"dateModified\":\"2025-02-19T15:17:16+00:00\",\"description\":\"V\u00f6r\u00f6s Istv\u00e1n: Hallgass, ha j\u00f3t akarsz! A Legjobb V\u00f6r\u00f6s Istv\u00e1n dalok 3. \\\/ CD 20 dalt tartalmaz\u00f3 album \u00fajra hangszerelve, felj\u00e1tszva.\",\"breadcrumb\":{\"@id\":\"https:\\\/\\\/vorosistvan.hu\\\/vorosistvanwebaruhaz\\\/termek\\\/cd-hallgass-ha-jot-akarsz-3\\\/#breadcrumb\"},\"inLanguage\":\"hu\",\"potentialAction\":[{\"@type\":\"ReadAction\",\"target\":[\"https:\\\/\\\/vorosistvan.hu\\\/vorosistvanwebaruhaz\\\/termek\\\/cd-hallgass-ha-jot-akarsz-3\\\/\"]}]},{\"@type\":\"ImageObject\",\"inLanguage\":\"hu\",\"@id\":\"https:\\\/\\\/vorosistvan.hu\\\/vorosistvanwebaruhaz\\\/termek\\\/cd-hallgass-ha-jot-akarsz-3\\\/#primaryimage\",\"url\":\"https:\\\/\\\/vorosistvan.hu\\\/vorosistvanwebaruhaz\\\/wp-content\\\/uploads\\\/2020\\\/11\\\/Hallgass3_borito_front.jpg\",\"contentUrl\":\"https:\\\/\\\/vorosistvan.hu\\\/vorosistvanwebaruhaz\\\/wp-content\\\/uploads\\\/2020\\\/11\\\/Hallgass3_borito_front.jpg\",\"width\":600,\"height\":539},{\"@type\":\"BreadcrumbList\",\"@id\":\"https:\\\/\\\/vorosistvan.hu\\\/vorosistvanwebaruhaz\\\/termek\\\/cd-hallgass-ha-jot-akarsz-3\\\/#breadcrumb\",\"itemListElement\":[{\"@type\":\"ListItem\",\"position\":1,\"name\":\"Kezd\u0151lap\",\"item\":\"https:\\\/\\\/vorosistvan.hu\\\/vorosistvanwebaruhaz\\\/\"},{\"@type\":\"ListItem\",\"position\":2,\"name\":\"TERM\u00c9KEK\",\"item\":\"https:\\\/\\\/vorosistvan.hu\\\/vorosistvanwebaruhaz\\\/termekek\\\/\"},{\"@type\":\"ListItem\",\"position\":3,\"name\":\"CD Hallgass, ha j\u00f3t akarsz 3.\"}]},{\"@type\":\"WebSite\",\"@id\":\"https:\\\/\\\/vorosistvan.hu\\\/vorosistvanwebaruhaz\\\/#website\",\"url\":\"https:\\\/\\\/vorosistvan.hu\\\/vorosistvanwebaruhaz\\\/\",\"name\":\"V\u00f6r\u00f6s Istv\u00e1n web\u00e1ruh\u00e1z\",\"description\":\"\",\"potentialAction\":[{\"@type\":\"SearchAction\",\"target\":{\"@type\":\"EntryPoint\",\"urlTemplate\":\"https:\\\/\\\/vorosistvan.hu\\\/vorosistvanwebaruhaz\\\/?s={search_term_string}\"},\"query-input\":{\"@type\":\"PropertyValueSpecification\",\"valueRequired\":true,\"valueName\":\"search_term_string\"}}],\"inLanguage\":\"hu\"}]}<\/script>\n<!-- \/ Yoast SEO plugin. -->","yoast_head_json":{"title":"Hallgass, ha j\u00f3t akarsz! A Legjobb V\u00f6r\u00f6s Istv\u00e1n dalok 3. \/ CD","description":"V\u00f6r\u00f6s Istv\u00e1n: Hallgass, ha j\u00f3t akarsz! A Legjobb V\u00f6r\u00f6s Istv\u00e1n dalok 3. \/ CD 20 dalt tartalmaz\u00f3 album \u00fajra hangszerelve, felj\u00e1tszva.","robots":{"index":"index","follow":"follow","max-snippet":"max-snippet:-1","max-image-preview":"max-image-preview:large","max-video-preview":"max-video-preview:-1"},"canonical":"https:\/\/vorosistvan.hu\/vorosistvanwebaruhaz\/termek\/cd-hallgass-ha-jot-akarsz-3\/","og_locale":"hu_HU","og_type":"article","og_title":"Hallgass, ha j\u00f3t akarsz! A Legjobb V\u00f6r\u00f6s Istv\u00e1n dalok 3. \/ CD","og_description":"V\u00f6r\u00f6s Istv\u00e1n: Hallgass, ha j\u00f3t akarsz! A Legjobb V\u00f6r\u00f6s Istv\u00e1n dalok 3. \/ CD 20 dalt tartalmaz\u00f3 album \u00fajra hangszerelve, felj\u00e1tszva.","og_url":"https:\/\/vorosistvan.hu\/vorosistvanwebaruhaz\/termek\/cd-hallgass-ha-jot-akarsz-3\/","og_site_name":"V\u00f6r\u00f6s Istv\u00e1n web\u00e1ruh\u00e1z","article_modified_time":"2025-02-19T15:17:16+00:00","og_image":[{"width":600,"height":539,"url":"https:\/\/vorosistvan.hu\/vorosistvanwebaruhaz\/wp-content\/uploads\/2020\/11\/Hallgass3_borito_front.jpg","type":"image\/jpeg"}],"twitter_card":"summary_large_image","twitter_misc":{"Becs\u00fclt olvas\u00e1si id\u0151":"1 perc"},"schema":{"@context":"https:\/\/schema.org","@graph":[{"@type":"WebPage","@id":"https:\/\/vorosistvan.hu\/vorosistvanwebaruhaz\/termek\/cd-hallgass-ha-jot-akarsz-3\/","url":"https:\/\/vorosistvan.hu\/vorosistvanwebaruhaz\/termek\/cd-hallgass-ha-jot-akarsz-3\/","name":"Hallgass, ha j\u00f3t akarsz! A Legjobb V\u00f6r\u00f6s Istv\u00e1n dalok 3. \/ CD","isPartOf":{"@id":"https:\/\/vorosistvan.hu\/vorosistvanwebaruhaz\/#website"},"primaryImageOfPage":{"@id":"https:\/\/vorosistvan.hu\/vorosistvanwebaruhaz\/termek\/cd-hallgass-ha-jot-akarsz-3\/#primaryimage"},"image":{"@id":"https:\/\/vorosistvan.hu\/vorosistvanwebaruhaz\/termek\/cd-hallgass-ha-jot-akarsz-3\/#primaryimage"},"thumbnailUrl":"https:\/\/vorosistvan.hu\/vorosistvanwebaruhaz\/wp-content\/uploads\/2020\/11\/Hallgass3_borito_front.jpg","datePublished":"2020-11-30T19:53:46+00:00","dateModified":"2025-02-19T15:17:16+00:00","description":"V\u00f6r\u00f6s Istv\u00e1n: Hallgass, ha j\u00f3t akarsz! A Legjobb V\u00f6r\u00f6s Istv\u00e1n dalok 3. \/ CD 20 dalt tartalmaz\u00f3 album \u00fajra hangszerelve, felj\u00e1tszva.","breadcrumb":{"@id":"https:\/\/vorosistvan.hu\/vorosistvanwebaruhaz\/termek\/cd-hallgass-ha-jot-akarsz-3\/#breadcrumb"},"inLanguage":"hu","potentialAction":[{"@type":"ReadAction","target":["https:\/\/vorosistvan.hu\/vorosistvanwebaruhaz\/termek\/cd-hallgass-ha-jot-akarsz-3\/"]}]},{"@type":"ImageObject","inLanguage":"hu","@id":"https:\/\/vorosistvan.hu\/vorosistvanwebaruhaz\/termek\/cd-hallgass-ha-jot-akarsz-3\/#primaryimage","url":"https:\/\/vorosistvan.hu\/vorosistvanwebaruhaz\/wp-content\/uploads\/2020\/11\/Hallgass3_borito_front.jpg","contentUrl":"https:\/\/vorosistvan.hu\/vorosistvanwebaruhaz\/wp-content\/uploads\/2020\/11\/Hallgass3_borito_front.jpg","width":600,"height":539},{"@type":"BreadcrumbList","@id":"https:\/\/vorosistvan.hu\/vorosistvanwebaruhaz\/termek\/cd-hallgass-ha-jot-akarsz-3\/#breadcrumb","itemListElement":[{"@type":"ListItem","position":1,"name":"Kezd\u0151lap","item":"https:\/\/vorosistvan.hu\/vorosistvanwebaruhaz\/"},{"@type":"ListItem","position":2,"name":"TERM\u00c9KEK","item":"https:\/\/vorosistvan.hu\/vorosistvanwebaruhaz\/termekek\/"},{"@type":"ListItem","position":3,"name":"CD Hallgass, ha j\u00f3t akarsz 3."}]},{"@type":"WebSite","@id":"https:\/\/vorosistvan.hu\/vorosistvanwebaruhaz\/#website","url":"https:\/\/vorosistvan.hu\/vorosistvanwebaruhaz\/","name":"V\u00f6r\u00f6s Istv\u00e1n web\u00e1ruh\u00e1z","description":"","potentialAction":[{"@type":"SearchAction","target":{"@type":"EntryPoint","urlTemplate":"https:\/\/vorosistvan.hu\/vorosistvanwebaruhaz\/?s={search_term_string}"},"query-input":{"@type":"PropertyValueSpecification","valueRequired":true,"valueName":"search_term_string"}}],"inLanguage":"hu"}]}},"_links":{"self":[{"href":"https:\/\/vorosistvan.hu\/vorosistvanwebaruhaz\/wp-json\/wp\/v2\/product\/370","targetHints":{"allow":["GET"]}}],"collection":[{"href":"https:\/\/vorosistvan.hu\/vorosistvanwebaruhaz\/wp-json\/wp\/v2\/product"}],"about":[{"href":"https:\/\/vorosistvan.hu\/vorosistvanwebaruhaz\/wp-json\/wp\/v2\/types\/product"}],"author":[{"embeddable":true,"href":"https:\/\/vorosistvan.hu\/vorosistvanwebaruhaz\/wp-json\/wp\/v2\/users\/1"}],"replies":[{"embeddable":true,"href":"https:\/\/vorosistvan.hu\/vorosistvanwebaruhaz\/wp-json\/wp\/v2\/comments?post=370"}],"wp:featuredmedia":[{"embeddable":true,"href":"https:\/\/vorosistvan.hu\/vorosistvanwebaruhaz\/wp-json\/wp\/v2\/media\/371"}],"wp:attachment":[{"href":"https:\/\/vorosistvan.hu\/vorosistvanwebaruhaz\/wp-json\/wp\/v2\/media?parent=370"}],"wp:term":[{"taxonomy":"product_brand","embeddable":true,"href":"https:\/\/vorosistvan.hu\/vorosistvanwebaruhaz\/wp-json\/wp\/v2\/product_brand?post=370"},{"taxonomy":"product_cat","embeddable":true,"href":"https:\/\/vorosistvan.hu\/vorosistvanwebaruhaz\/wp-json\/wp\/v2\/product_cat?post=370"},{"taxonomy":"product_tag","embeddable":true,"href":"https:\/\/vorosistvan.hu\/vorosistvanwebaruhaz\/wp-json\/wp\/v2\/product_tag?post=370"}],"curies":[{"name":"wp","href":"https:\/\/api.w.org\/{rel}","templated":true}]}}