{"id":376,"date":"2020-11-30T20:02:14","date_gmt":"2020-11-30T20:02:14","guid":{"rendered":"https:\/\/vorosistvan.hu\/vorosistvanwebaruhaz\/?post_type=product&#038;p=376"},"modified":"2023-11-02T20:58:18","modified_gmt":"2023-11-02T20:58:18","slug":"cd-hallgass-ha-jot-akarsz-5","status":"publish","type":"product","link":"https:\/\/vorosistvan.hu\/vorosistvanwebaruhaz\/termek\/cd-hallgass-ha-jot-akarsz-5\/","title":{"rendered":"CD Hallgass, ha j\u00f3t akarsz 5."},"content":{"rendered":"<h3><span style=\"color: #c60606;\"><strong>V\u00d6R\u00d6S ISTV\u00c1N: Hallgass, ha j\u00f3t akarsz! A Legjobb V\u00f6r\u00f6s Istv\u00e1n dalok 5. \/ CD<\/strong><\/span><\/h3>\n<p><strong>2017\u2013 VIP \u2013 CD<br \/>\nKiad\u00f3: V\u00f6r\u00f6s Istv\u00e1n Produkci\u00f3<\/strong><\/p>\n<p><em>Dalok:<\/em><\/p>\n<p>1. Bulg\u00e1ria<br \/>\n2.\u00a0K\u0151hegyek<br \/>\n3.\u00a0Akaratos t\u00fcnd\u00e9r<br \/>\n4.\u00a0V\u00e1gyom egy ny\u00e1ri napra<br \/>\n5.\u00a0Ny\u00e1ri \u00e9jszak\u00e1k<br \/>\n6. Semmi se k\u00f6telez\u0151<br \/>\n7.\u00a0El\u00e9g 1 mosoly (duett Majsai G\u00e1borral)<br \/>\n8. Kalandorok (90-es \u00e9vek verzi\u00f3)<br \/>\n9.\u00a0Egy\u00fctt is egyed\u00fcl (2017-es verzi\u00f3)<br \/>\n10. Ki\u00e9 ez az orsz\u00e1g<br \/>\n11. Marad a k\u00e9rd\u00e9s (akusztikus verzi\u00f3)<br \/>\n12. Kutya vil\u00e1g<br \/>\n13. Nem v\u00e1rok, m\u00edg lemegy a nap<br \/>\n14. Magaslesen<br \/>\n15. Egy reggeli kinn a szabadban (akusztikus verzi\u00f3)<\/p>\n","protected":false},"excerpt":{"rendered":"<p>V\u00d6R\u00d6S ISTV\u00c1N: Hallgass, ha j\u00f3t akarsz! A Legjobb V\u00f6r\u00f6s Istv\u00e1n dalok 5. \/ CD 2017\u2013 VIP \u2013 CD Kiad\u00f3: V\u00f6r\u00f6s Istv\u00e1n Produkci\u00f3 Dalok: 1. Bulg\u00e1ria 2.\u00a0K\u0151hegyek 3.\u00a0Akaratos t\u00fcnd\u00e9r 4.\u00a0V\u00e1gyom egy ny\u00e1ri napra 5.\u00a0Ny\u00e1ri \u00e9jszak\u00e1k 6. Semmi se k\u00f6telez\u0151 7.\u00a0El\u00e9g 1 mosoly (duett Majsai G\u00e1borral) 8. Kalandorok (90-es \u00e9vek verzi\u00f3) 9.\u00a0Egy\u00fctt is egyed\u00fcl (2017-es verzi\u00f3) 10.&hellip;&nbsp;<a href=\"https:\/\/vorosistvan.hu\/vorosistvanwebaruhaz\/termek\/cd-hallgass-ha-jot-akarsz-5\/\" rel=\"bookmark\">Read More &raquo;<span class=\"screen-reader-text\">CD Hallgass, ha j\u00f3t akarsz 5.<\/span><\/a><\/p>\n","protected":false},"author":1,"featured_media":377,"comment_status":"closed","ping_status":"closed","template":"","meta":{"neve_meta_sidebar":"","neve_meta_container":"","neve_meta_enable_content_width":"off","neve_meta_content_width":100,"neve_meta_title_alignment":"","neve_meta_author_avatar":"","neve_post_elements_order":"","neve_meta_disable_header":"","neve_meta_disable_footer":"","neve_meta_disable_title":""},"product_brand":[],"product_cat":[22],"product_tag":[],"class_list":{"0":"post-376","1":"product","2":"type-product","3":"status-publish","4":"has-post-thumbnail","6":"product_cat-cd-lemezek","7":"product_shipping_class-cd","9":"first","10":"instock","11":"shipping-taxable","12":"purchasable","13":"product-type-simple"},"yoast_head":"<!-- This site is optimized with the Yoast SEO plugin v27.4 - https:\/\/yoast.com\/product\/yoast-seo-wordpress\/ -->\n<title>Hallgass, ha j\u00f3t akarsz! A Legjobb V\u00f6r\u00f6s Istv\u00e1n dalok 5. \/ CD<\/title>\n<meta name=\"description\" content=\"V\u00d6R\u00d6S ISTV\u00c1N: Hallgass, ha j\u00f3t akarsz! A Legjobb V\u00f6r\u00f6s Istv\u00e1n dalok 5. \/ CD 15 \u00fajra hangszerelt, felj\u00e1tszott dal. Dalok a Progn\u00f3zist\u00f3l napjainkig.\" \/>\n<meta name=\"robots\" content=\"index, follow, max-snippet:-1, max-image-preview:large, max-video-preview:-1\" \/>\n<link rel=\"canonical\" href=\"https:\/\/vorosistvan.hu\/vorosistvanwebaruhaz\/termek\/cd-hallgass-ha-jot-akarsz-5\/\" \/>\n<meta property=\"og:locale\" content=\"hu_HU\" \/>\n<meta property=\"og:type\" content=\"article\" \/>\n<meta property=\"og:title\" content=\"Hallgass, ha j\u00f3t akarsz! A Legjobb V\u00f6r\u00f6s Istv\u00e1n dalok 5. \/ CD\" \/>\n<meta property=\"og:description\" content=\"V\u00d6R\u00d6S ISTV\u00c1N: Hallgass, ha j\u00f3t akarsz! A Legjobb V\u00f6r\u00f6s Istv\u00e1n dalok 5. \/ CD 15 \u00fajra hangszerelt, felj\u00e1tszott dal. Dalok a Progn\u00f3zist\u00f3l napjainkig.\" \/>\n<meta property=\"og:url\" content=\"https:\/\/vorosistvan.hu\/vorosistvanwebaruhaz\/termek\/cd-hallgass-ha-jot-akarsz-5\/\" \/>\n<meta property=\"og:site_name\" content=\"V\u00f6r\u00f6s Istv\u00e1n web\u00e1ruh\u00e1z\" \/>\n<meta property=\"article:modified_time\" content=\"2023-11-02T20:58:18+00:00\" \/>\n<meta property=\"og:image\" content=\"https:\/\/vorosistvan.hu\/vorosistvanwebaruhaz\/wp-content\/uploads\/2020\/11\/hallgass5_borito-1.jpg\" \/>\n\t<meta property=\"og:image:width\" content=\"1652\" \/>\n\t<meta property=\"og:image:height\" content=\"1579\" \/>\n\t<meta property=\"og:image:type\" content=\"image\/jpeg\" \/>\n<meta name=\"twitter:card\" content=\"summary_large_image\" \/>\n<meta name=\"twitter:label1\" content=\"Becs\u00fclt olvas\u00e1si id\u0151\" \/>\n\t<meta name=\"twitter:data1\" content=\"1 perc\" \/>\n<script type=\"application\/ld+json\" class=\"yoast-schema-graph\">{\"@context\":\"https:\\\/\\\/schema.org\",\"@graph\":[{\"@type\":\"WebPage\",\"@id\":\"https:\\\/\\\/vorosistvan.hu\\\/vorosistvanwebaruhaz\\\/termek\\\/cd-hallgass-ha-jot-akarsz-5\\\/\",\"url\":\"https:\\\/\\\/vorosistvan.hu\\\/vorosistvanwebaruhaz\\\/termek\\\/cd-hallgass-ha-jot-akarsz-5\\\/\",\"name\":\"Hallgass, ha j\u00f3t akarsz! A Legjobb V\u00f6r\u00f6s Istv\u00e1n dalok 5. \\\/ CD\",\"isPartOf\":{\"@id\":\"https:\\\/\\\/vorosistvan.hu\\\/vorosistvanwebaruhaz\\\/#website\"},\"primaryImageOfPage\":{\"@id\":\"https:\\\/\\\/vorosistvan.hu\\\/vorosistvanwebaruhaz\\\/termek\\\/cd-hallgass-ha-jot-akarsz-5\\\/#primaryimage\"},\"image\":{\"@id\":\"https:\\\/\\\/vorosistvan.hu\\\/vorosistvanwebaruhaz\\\/termek\\\/cd-hallgass-ha-jot-akarsz-5\\\/#primaryimage\"},\"thumbnailUrl\":\"https:\\\/\\\/vorosistvan.hu\\\/vorosistvanwebaruhaz\\\/wp-content\\\/uploads\\\/2020\\\/11\\\/hallgass5_borito-1.jpg\",\"datePublished\":\"2020-11-30T20:02:14+00:00\",\"dateModified\":\"2023-11-02T20:58:18+00:00\",\"description\":\"V\u00d6R\u00d6S ISTV\u00c1N: Hallgass, ha j\u00f3t akarsz! A Legjobb V\u00f6r\u00f6s Istv\u00e1n dalok 5. \\\/ CD 15 \u00fajra hangszerelt, felj\u00e1tszott dal. Dalok a Progn\u00f3zist\u00f3l napjainkig.\",\"breadcrumb\":{\"@id\":\"https:\\\/\\\/vorosistvan.hu\\\/vorosistvanwebaruhaz\\\/termek\\\/cd-hallgass-ha-jot-akarsz-5\\\/#breadcrumb\"},\"inLanguage\":\"hu\",\"potentialAction\":[{\"@type\":\"ReadAction\",\"target\":[\"https:\\\/\\\/vorosistvan.hu\\\/vorosistvanwebaruhaz\\\/termek\\\/cd-hallgass-ha-jot-akarsz-5\\\/\"]}]},{\"@type\":\"ImageObject\",\"inLanguage\":\"hu\",\"@id\":\"https:\\\/\\\/vorosistvan.hu\\\/vorosistvanwebaruhaz\\\/termek\\\/cd-hallgass-ha-jot-akarsz-5\\\/#primaryimage\",\"url\":\"https:\\\/\\\/vorosistvan.hu\\\/vorosistvanwebaruhaz\\\/wp-content\\\/uploads\\\/2020\\\/11\\\/hallgass5_borito-1.jpg\",\"contentUrl\":\"https:\\\/\\\/vorosistvan.hu\\\/vorosistvanwebaruhaz\\\/wp-content\\\/uploads\\\/2020\\\/11\\\/hallgass5_borito-1.jpg\",\"width\":1652,\"height\":1579},{\"@type\":\"BreadcrumbList\",\"@id\":\"https:\\\/\\\/vorosistvan.hu\\\/vorosistvanwebaruhaz\\\/termek\\\/cd-hallgass-ha-jot-akarsz-5\\\/#breadcrumb\",\"itemListElement\":[{\"@type\":\"ListItem\",\"position\":1,\"name\":\"Kezd\u0151lap\",\"item\":\"https:\\\/\\\/vorosistvan.hu\\\/vorosistvanwebaruhaz\\\/\"},{\"@type\":\"ListItem\",\"position\":2,\"name\":\"TERM\u00c9KEK\",\"item\":\"https:\\\/\\\/vorosistvan.hu\\\/vorosistvanwebaruhaz\\\/termekek\\\/\"},{\"@type\":\"ListItem\",\"position\":3,\"name\":\"CD Hallgass, ha j\u00f3t akarsz 5.\"}]},{\"@type\":\"WebSite\",\"@id\":\"https:\\\/\\\/vorosistvan.hu\\\/vorosistvanwebaruhaz\\\/#website\",\"url\":\"https:\\\/\\\/vorosistvan.hu\\\/vorosistvanwebaruhaz\\\/\",\"name\":\"V\u00f6r\u00f6s Istv\u00e1n web\u00e1ruh\u00e1z\",\"description\":\"\",\"potentialAction\":[{\"@type\":\"SearchAction\",\"target\":{\"@type\":\"EntryPoint\",\"urlTemplate\":\"https:\\\/\\\/vorosistvan.hu\\\/vorosistvanwebaruhaz\\\/?s={search_term_string}\"},\"query-input\":{\"@type\":\"PropertyValueSpecification\",\"valueRequired\":true,\"valueName\":\"search_term_string\"}}],\"inLanguage\":\"hu\"}]}<\/script>\n<!-- \/ Yoast SEO plugin. -->","yoast_head_json":{"title":"Hallgass, ha j\u00f3t akarsz! A Legjobb V\u00f6r\u00f6s Istv\u00e1n dalok 5. \/ CD","description":"V\u00d6R\u00d6S ISTV\u00c1N: Hallgass, ha j\u00f3t akarsz! A Legjobb V\u00f6r\u00f6s Istv\u00e1n dalok 5. \/ CD 15 \u00fajra hangszerelt, felj\u00e1tszott dal. Dalok a Progn\u00f3zist\u00f3l napjainkig.","robots":{"index":"index","follow":"follow","max-snippet":"max-snippet:-1","max-image-preview":"max-image-preview:large","max-video-preview":"max-video-preview:-1"},"canonical":"https:\/\/vorosistvan.hu\/vorosistvanwebaruhaz\/termek\/cd-hallgass-ha-jot-akarsz-5\/","og_locale":"hu_HU","og_type":"article","og_title":"Hallgass, ha j\u00f3t akarsz! A Legjobb V\u00f6r\u00f6s Istv\u00e1n dalok 5. \/ CD","og_description":"V\u00d6R\u00d6S ISTV\u00c1N: Hallgass, ha j\u00f3t akarsz! A Legjobb V\u00f6r\u00f6s Istv\u00e1n dalok 5. \/ CD 15 \u00fajra hangszerelt, felj\u00e1tszott dal. Dalok a Progn\u00f3zist\u00f3l napjainkig.","og_url":"https:\/\/vorosistvan.hu\/vorosistvanwebaruhaz\/termek\/cd-hallgass-ha-jot-akarsz-5\/","og_site_name":"V\u00f6r\u00f6s Istv\u00e1n web\u00e1ruh\u00e1z","article_modified_time":"2023-11-02T20:58:18+00:00","og_image":[{"width":1652,"height":1579,"url":"https:\/\/vorosistvan.hu\/vorosistvanwebaruhaz\/wp-content\/uploads\/2020\/11\/hallgass5_borito-1.jpg","type":"image\/jpeg"}],"twitter_card":"summary_large_image","twitter_misc":{"Becs\u00fclt olvas\u00e1si id\u0151":"1 perc"},"schema":{"@context":"https:\/\/schema.org","@graph":[{"@type":"WebPage","@id":"https:\/\/vorosistvan.hu\/vorosistvanwebaruhaz\/termek\/cd-hallgass-ha-jot-akarsz-5\/","url":"https:\/\/vorosistvan.hu\/vorosistvanwebaruhaz\/termek\/cd-hallgass-ha-jot-akarsz-5\/","name":"Hallgass, ha j\u00f3t akarsz! A Legjobb V\u00f6r\u00f6s Istv\u00e1n dalok 5. \/ CD","isPartOf":{"@id":"https:\/\/vorosistvan.hu\/vorosistvanwebaruhaz\/#website"},"primaryImageOfPage":{"@id":"https:\/\/vorosistvan.hu\/vorosistvanwebaruhaz\/termek\/cd-hallgass-ha-jot-akarsz-5\/#primaryimage"},"image":{"@id":"https:\/\/vorosistvan.hu\/vorosistvanwebaruhaz\/termek\/cd-hallgass-ha-jot-akarsz-5\/#primaryimage"},"thumbnailUrl":"https:\/\/vorosistvan.hu\/vorosistvanwebaruhaz\/wp-content\/uploads\/2020\/11\/hallgass5_borito-1.jpg","datePublished":"2020-11-30T20:02:14+00:00","dateModified":"2023-11-02T20:58:18+00:00","description":"V\u00d6R\u00d6S ISTV\u00c1N: Hallgass, ha j\u00f3t akarsz! A Legjobb V\u00f6r\u00f6s Istv\u00e1n dalok 5. \/ CD 15 \u00fajra hangszerelt, felj\u00e1tszott dal. Dalok a Progn\u00f3zist\u00f3l napjainkig.","breadcrumb":{"@id":"https:\/\/vorosistvan.hu\/vorosistvanwebaruhaz\/termek\/cd-hallgass-ha-jot-akarsz-5\/#breadcrumb"},"inLanguage":"hu","potentialAction":[{"@type":"ReadAction","target":["https:\/\/vorosistvan.hu\/vorosistvanwebaruhaz\/termek\/cd-hallgass-ha-jot-akarsz-5\/"]}]},{"@type":"ImageObject","inLanguage":"hu","@id":"https:\/\/vorosistvan.hu\/vorosistvanwebaruhaz\/termek\/cd-hallgass-ha-jot-akarsz-5\/#primaryimage","url":"https:\/\/vorosistvan.hu\/vorosistvanwebaruhaz\/wp-content\/uploads\/2020\/11\/hallgass5_borito-1.jpg","contentUrl":"https:\/\/vorosistvan.hu\/vorosistvanwebaruhaz\/wp-content\/uploads\/2020\/11\/hallgass5_borito-1.jpg","width":1652,"height":1579},{"@type":"BreadcrumbList","@id":"https:\/\/vorosistvan.hu\/vorosistvanwebaruhaz\/termek\/cd-hallgass-ha-jot-akarsz-5\/#breadcrumb","itemListElement":[{"@type":"ListItem","position":1,"name":"Kezd\u0151lap","item":"https:\/\/vorosistvan.hu\/vorosistvanwebaruhaz\/"},{"@type":"ListItem","position":2,"name":"TERM\u00c9KEK","item":"https:\/\/vorosistvan.hu\/vorosistvanwebaruhaz\/termekek\/"},{"@type":"ListItem","position":3,"name":"CD Hallgass, ha j\u00f3t akarsz 5."}]},{"@type":"WebSite","@id":"https:\/\/vorosistvan.hu\/vorosistvanwebaruhaz\/#website","url":"https:\/\/vorosistvan.hu\/vorosistvanwebaruhaz\/","name":"V\u00f6r\u00f6s Istv\u00e1n web\u00e1ruh\u00e1z","description":"","potentialAction":[{"@type":"SearchAction","target":{"@type":"EntryPoint","urlTemplate":"https:\/\/vorosistvan.hu\/vorosistvanwebaruhaz\/?s={search_term_string}"},"query-input":{"@type":"PropertyValueSpecification","valueRequired":true,"valueName":"search_term_string"}}],"inLanguage":"hu"}]}},"_links":{"self":[{"href":"https:\/\/vorosistvan.hu\/vorosistvanwebaruhaz\/wp-json\/wp\/v2\/product\/376","targetHints":{"allow":["GET"]}}],"collection":[{"href":"https:\/\/vorosistvan.hu\/vorosistvanwebaruhaz\/wp-json\/wp\/v2\/product"}],"about":[{"href":"https:\/\/vorosistvan.hu\/vorosistvanwebaruhaz\/wp-json\/wp\/v2\/types\/product"}],"author":[{"embeddable":true,"href":"https:\/\/vorosistvan.hu\/vorosistvanwebaruhaz\/wp-json\/wp\/v2\/users\/1"}],"replies":[{"embeddable":true,"href":"https:\/\/vorosistvan.hu\/vorosistvanwebaruhaz\/wp-json\/wp\/v2\/comments?post=376"}],"wp:featuredmedia":[{"embeddable":true,"href":"https:\/\/vorosistvan.hu\/vorosistvanwebaruhaz\/wp-json\/wp\/v2\/media\/377"}],"wp:attachment":[{"href":"https:\/\/vorosistvan.hu\/vorosistvanwebaruhaz\/wp-json\/wp\/v2\/media?parent=376"}],"wp:term":[{"taxonomy":"product_brand","embeddable":true,"href":"https:\/\/vorosistvan.hu\/vorosistvanwebaruhaz\/wp-json\/wp\/v2\/product_brand?post=376"},{"taxonomy":"product_cat","embeddable":true,"href":"https:\/\/vorosistvan.hu\/vorosistvanwebaruhaz\/wp-json\/wp\/v2\/product_cat?post=376"},{"taxonomy":"product_tag","embeddable":true,"href":"https:\/\/vorosistvan.hu\/vorosistvanwebaruhaz\/wp-json\/wp\/v2\/product_tag?post=376"}],"curies":[{"name":"wp","href":"https:\/\/api.w.org\/{rel}","templated":true}]}}