{"id":380,"date":"2020-11-30T20:16:51","date_gmt":"2020-11-30T20:16:51","guid":{"rendered":"https:\/\/vorosistvan.hu\/vorosistvanwebaruhaz\/?post_type=product&#038;p=380"},"modified":"2024-03-12T19:46:20","modified_gmt":"2024-03-12T19:46:20","slug":"dvd-tettenertuk-a-pillanatot","status":"publish","type":"product","link":"https:\/\/vorosistvan.hu\/vorosistvanwebaruhaz\/termek\/dvd-tettenertuk-a-pillanatot\/","title":{"rendered":"Tetten\u00e9rt\u00fck a pillanatot \/ DVD"},"content":{"rendered":"<h3><span style=\"color: #c60606;\"><strong>V\u00d6R\u00d6S ISTV\u00c1N: Tetten\u00e9rt\u00fck a pillanatot \u2013 koncert \/ DVD<\/strong><\/span><\/h3>\n<p><strong>2005 \u2013 VIP \u2013 DVD\u00a0<\/strong><\/p>\n<p><em>Dalok:<\/em><\/p>\n<p>1. L\u00e9lekveszt\u0151n utazunk<br \/>\n2. Valakit mindig k\u00fcld az \u00e9g<br \/>\n3. Hitt\u00fcnk a t\u00fcnd\u00e9rmes\u00e9knek<br \/>\n4. Ki\u00e9 ez az orsz\u00e1g<br \/>\n5. \u00c9s v\u00e9g\u00fcl a F\u00e9ny<br \/>\n6. Napszerelmesek<br \/>\n7. Semmi se k\u00f6telez\u0151<br \/>\n8. V\u00e9gre elrep\u00fclhet\u00fcnk<br \/>\n9. Neh\u00e9z eset<br \/>\n10. Elj\u00f6v\u00f6k \u00e9rted<br \/>\n11. El\u00e9g egy mosoly<br \/>\n12. Tetten\u00e9r\u00e9s<\/p>\n<p>Extr\u00e1k<br \/>\n1. 3 videoklip<br \/>\n2. Tetten \u00e9rt\u00fck a pillanatot<br \/>\n3. Diszkogr\u00e1fia<\/p>\n","protected":false},"excerpt":{"rendered":"<p>V\u00d6R\u00d6S ISTV\u00c1N: Tetten\u00e9rt\u00fck a pillanatot \u2013 koncert \/ DVD 2005 \u2013 VIP \u2013 DVD\u00a0 Dalok: 1. L\u00e9lekveszt\u0151n utazunk 2. Valakit mindig k\u00fcld az \u00e9g 3. Hitt\u00fcnk a t\u00fcnd\u00e9rmes\u00e9knek 4. Ki\u00e9 ez az orsz\u00e1g 5. \u00c9s v\u00e9g\u00fcl a F\u00e9ny 6. Napszerelmesek 7. Semmi se k\u00f6telez\u0151 8. V\u00e9gre elrep\u00fclhet\u00fcnk 9. Neh\u00e9z eset 10. Elj\u00f6v\u00f6k \u00e9rted 11. El\u00e9g&hellip;&nbsp;<a href=\"https:\/\/vorosistvan.hu\/vorosistvanwebaruhaz\/termek\/dvd-tettenertuk-a-pillanatot\/\" rel=\"bookmark\">Read More &raquo;<span class=\"screen-reader-text\">Tetten\u00e9rt\u00fck a pillanatot \/ DVD<\/span><\/a><\/p>\n","protected":false},"author":1,"featured_media":437,"comment_status":"closed","ping_status":"closed","template":"","meta":{"neve_meta_sidebar":"","neve_meta_container":"","neve_meta_enable_content_width":"off","neve_meta_content_width":100,"neve_meta_title_alignment":"","neve_meta_author_avatar":"","neve_post_elements_order":"","neve_meta_disable_header":"","neve_meta_disable_footer":"","neve_meta_disable_title":""},"product_brand":[],"product_cat":[23],"product_tag":[],"class_list":{"0":"post-380","1":"product","2":"type-product","3":"status-publish","4":"has-post-thumbnail","6":"product_cat-dvd-lemezek","7":"product_shipping_class-cd","9":"first","10":"instock","11":"shipping-taxable","12":"purchasable","13":"product-type-simple"},"yoast_head":"<!-- This site is optimized with the Yoast SEO plugin v27.4 - https:\/\/yoast.com\/product\/yoast-seo-wordpress\/ -->\n<title>Tetten\u00e9rt\u00fck a pillanatot \/ DVD - V\u00f6r\u00f6s Istv\u00e1n web\u00e1ruh\u00e1z<\/title>\n<meta name=\"robots\" content=\"index, follow, max-snippet:-1, max-image-preview:large, max-video-preview:-1\" \/>\n<link rel=\"canonical\" href=\"https:\/\/vorosistvan.hu\/vorosistvanwebaruhaz\/termek\/dvd-tettenertuk-a-pillanatot\/\" \/>\n<meta property=\"og:locale\" content=\"hu_HU\" \/>\n<meta property=\"og:type\" content=\"article\" \/>\n<meta property=\"og:title\" content=\"Tetten\u00e9rt\u00fck a pillanatot \/ DVD - V\u00f6r\u00f6s Istv\u00e1n web\u00e1ruh\u00e1z\" \/>\n<meta property=\"og:description\" content=\"V\u00d6R\u00d6S ISTV\u00c1N: Tetten\u00e9rt\u00fck a pillanatot \u2013 koncert \/ DVD 2005 \u2013 VIP \u2013 DVD\u00a0 Dalok: 1. L\u00e9lekveszt\u0151n utazunk 2. Valakit mindig k\u00fcld az \u00e9g 3. Hitt\u00fcnk a t\u00fcnd\u00e9rmes\u00e9knek 4. Ki\u00e9 ez az orsz\u00e1g 5. \u00c9s v\u00e9g\u00fcl a F\u00e9ny 6. Napszerelmesek 7. Semmi se k\u00f6telez\u0151 8. V\u00e9gre elrep\u00fclhet\u00fcnk 9. Neh\u00e9z eset 10. Elj\u00f6v\u00f6k \u00e9rted 11. El\u00e9g&hellip;&nbsp;Read More &raquo;Tetten\u00e9rt\u00fck a pillanatot \/ DVD\" \/>\n<meta property=\"og:url\" content=\"https:\/\/vorosistvan.hu\/vorosistvanwebaruhaz\/termek\/dvd-tettenertuk-a-pillanatot\/\" \/>\n<meta property=\"og:site_name\" content=\"V\u00f6r\u00f6s Istv\u00e1n web\u00e1ruh\u00e1z\" \/>\n<meta property=\"article:modified_time\" content=\"2024-03-12T19:46:20+00:00\" \/>\n<meta property=\"og:image\" content=\"https:\/\/vorosistvan.hu\/vorosistvanwebaruhaz\/wp-content\/uploads\/2020\/11\/02dvd.jpg\" \/>\n\t<meta property=\"og:image:width\" content=\"354\" \/>\n\t<meta property=\"og:image:height\" content=\"498\" \/>\n\t<meta property=\"og:image:type\" content=\"image\/jpeg\" \/>\n<meta name=\"twitter:card\" content=\"summary_large_image\" \/>\n<meta name=\"twitter:label1\" content=\"Becs\u00fclt olvas\u00e1si id\u0151\" \/>\n\t<meta name=\"twitter:data1\" content=\"1 perc\" \/>\n<script type=\"application\/ld+json\" class=\"yoast-schema-graph\">{\"@context\":\"https:\\\/\\\/schema.org\",\"@graph\":[{\"@type\":\"WebPage\",\"@id\":\"https:\\\/\\\/vorosistvan.hu\\\/vorosistvanwebaruhaz\\\/termek\\\/dvd-tettenertuk-a-pillanatot\\\/\",\"url\":\"https:\\\/\\\/vorosistvan.hu\\\/vorosistvanwebaruhaz\\\/termek\\\/dvd-tettenertuk-a-pillanatot\\\/\",\"name\":\"Tetten\u00e9rt\u00fck a pillanatot \\\/ DVD - V\u00f6r\u00f6s Istv\u00e1n web\u00e1ruh\u00e1z\",\"isPartOf\":{\"@id\":\"https:\\\/\\\/vorosistvan.hu\\\/vorosistvanwebaruhaz\\\/#website\"},\"primaryImageOfPage\":{\"@id\":\"https:\\\/\\\/vorosistvan.hu\\\/vorosistvanwebaruhaz\\\/termek\\\/dvd-tettenertuk-a-pillanatot\\\/#primaryimage\"},\"image\":{\"@id\":\"https:\\\/\\\/vorosistvan.hu\\\/vorosistvanwebaruhaz\\\/termek\\\/dvd-tettenertuk-a-pillanatot\\\/#primaryimage\"},\"thumbnailUrl\":\"https:\\\/\\\/vorosistvan.hu\\\/vorosistvanwebaruhaz\\\/wp-content\\\/uploads\\\/2020\\\/11\\\/02dvd.jpg\",\"datePublished\":\"2020-11-30T20:16:51+00:00\",\"dateModified\":\"2024-03-12T19:46:20+00:00\",\"breadcrumb\":{\"@id\":\"https:\\\/\\\/vorosistvan.hu\\\/vorosistvanwebaruhaz\\\/termek\\\/dvd-tettenertuk-a-pillanatot\\\/#breadcrumb\"},\"inLanguage\":\"hu\",\"potentialAction\":[{\"@type\":\"ReadAction\",\"target\":[\"https:\\\/\\\/vorosistvan.hu\\\/vorosistvanwebaruhaz\\\/termek\\\/dvd-tettenertuk-a-pillanatot\\\/\"]}]},{\"@type\":\"ImageObject\",\"inLanguage\":\"hu\",\"@id\":\"https:\\\/\\\/vorosistvan.hu\\\/vorosistvanwebaruhaz\\\/termek\\\/dvd-tettenertuk-a-pillanatot\\\/#primaryimage\",\"url\":\"https:\\\/\\\/vorosistvan.hu\\\/vorosistvanwebaruhaz\\\/wp-content\\\/uploads\\\/2020\\\/11\\\/02dvd.jpg\",\"contentUrl\":\"https:\\\/\\\/vorosistvan.hu\\\/vorosistvanwebaruhaz\\\/wp-content\\\/uploads\\\/2020\\\/11\\\/02dvd.jpg\",\"width\":354,\"height\":498},{\"@type\":\"BreadcrumbList\",\"@id\":\"https:\\\/\\\/vorosistvan.hu\\\/vorosistvanwebaruhaz\\\/termek\\\/dvd-tettenertuk-a-pillanatot\\\/#breadcrumb\",\"itemListElement\":[{\"@type\":\"ListItem\",\"position\":1,\"name\":\"Kezd\u0151lap\",\"item\":\"https:\\\/\\\/vorosistvan.hu\\\/vorosistvanwebaruhaz\\\/\"},{\"@type\":\"ListItem\",\"position\":2,\"name\":\"TERM\u00c9KEK\",\"item\":\"https:\\\/\\\/vorosistvan.hu\\\/vorosistvanwebaruhaz\\\/termekek\\\/\"},{\"@type\":\"ListItem\",\"position\":3,\"name\":\"Tetten\u00e9rt\u00fck a pillanatot \\\/ DVD\"}]},{\"@type\":\"WebSite\",\"@id\":\"https:\\\/\\\/vorosistvan.hu\\\/vorosistvanwebaruhaz\\\/#website\",\"url\":\"https:\\\/\\\/vorosistvan.hu\\\/vorosistvanwebaruhaz\\\/\",\"name\":\"V\u00f6r\u00f6s Istv\u00e1n web\u00e1ruh\u00e1z\",\"description\":\"\",\"potentialAction\":[{\"@type\":\"SearchAction\",\"target\":{\"@type\":\"EntryPoint\",\"urlTemplate\":\"https:\\\/\\\/vorosistvan.hu\\\/vorosistvanwebaruhaz\\\/?s={search_term_string}\"},\"query-input\":{\"@type\":\"PropertyValueSpecification\",\"valueRequired\":true,\"valueName\":\"search_term_string\"}}],\"inLanguage\":\"hu\"}]}<\/script>\n<!-- \/ Yoast SEO plugin. -->","yoast_head_json":{"title":"Tetten\u00e9rt\u00fck a pillanatot \/ DVD - V\u00f6r\u00f6s Istv\u00e1n web\u00e1ruh\u00e1z","robots":{"index":"index","follow":"follow","max-snippet":"max-snippet:-1","max-image-preview":"max-image-preview:large","max-video-preview":"max-video-preview:-1"},"canonical":"https:\/\/vorosistvan.hu\/vorosistvanwebaruhaz\/termek\/dvd-tettenertuk-a-pillanatot\/","og_locale":"hu_HU","og_type":"article","og_title":"Tetten\u00e9rt\u00fck a pillanatot \/ DVD - V\u00f6r\u00f6s Istv\u00e1n web\u00e1ruh\u00e1z","og_description":"V\u00d6R\u00d6S ISTV\u00c1N: Tetten\u00e9rt\u00fck a pillanatot \u2013 koncert \/ DVD 2005 \u2013 VIP \u2013 DVD\u00a0 Dalok: 1. L\u00e9lekveszt\u0151n utazunk 2. Valakit mindig k\u00fcld az \u00e9g 3. Hitt\u00fcnk a t\u00fcnd\u00e9rmes\u00e9knek 4. Ki\u00e9 ez az orsz\u00e1g 5. \u00c9s v\u00e9g\u00fcl a F\u00e9ny 6. Napszerelmesek 7. Semmi se k\u00f6telez\u0151 8. V\u00e9gre elrep\u00fclhet\u00fcnk 9. Neh\u00e9z eset 10. Elj\u00f6v\u00f6k \u00e9rted 11. El\u00e9g&hellip;&nbsp;Read More &raquo;Tetten\u00e9rt\u00fck a pillanatot \/ DVD","og_url":"https:\/\/vorosistvan.hu\/vorosistvanwebaruhaz\/termek\/dvd-tettenertuk-a-pillanatot\/","og_site_name":"V\u00f6r\u00f6s Istv\u00e1n web\u00e1ruh\u00e1z","article_modified_time":"2024-03-12T19:46:20+00:00","og_image":[{"width":354,"height":498,"url":"https:\/\/vorosistvan.hu\/vorosistvanwebaruhaz\/wp-content\/uploads\/2020\/11\/02dvd.jpg","type":"image\/jpeg"}],"twitter_card":"summary_large_image","twitter_misc":{"Becs\u00fclt olvas\u00e1si id\u0151":"1 perc"},"schema":{"@context":"https:\/\/schema.org","@graph":[{"@type":"WebPage","@id":"https:\/\/vorosistvan.hu\/vorosistvanwebaruhaz\/termek\/dvd-tettenertuk-a-pillanatot\/","url":"https:\/\/vorosistvan.hu\/vorosistvanwebaruhaz\/termek\/dvd-tettenertuk-a-pillanatot\/","name":"Tetten\u00e9rt\u00fck a pillanatot \/ DVD - V\u00f6r\u00f6s Istv\u00e1n web\u00e1ruh\u00e1z","isPartOf":{"@id":"https:\/\/vorosistvan.hu\/vorosistvanwebaruhaz\/#website"},"primaryImageOfPage":{"@id":"https:\/\/vorosistvan.hu\/vorosistvanwebaruhaz\/termek\/dvd-tettenertuk-a-pillanatot\/#primaryimage"},"image":{"@id":"https:\/\/vorosistvan.hu\/vorosistvanwebaruhaz\/termek\/dvd-tettenertuk-a-pillanatot\/#primaryimage"},"thumbnailUrl":"https:\/\/vorosistvan.hu\/vorosistvanwebaruhaz\/wp-content\/uploads\/2020\/11\/02dvd.jpg","datePublished":"2020-11-30T20:16:51+00:00","dateModified":"2024-03-12T19:46:20+00:00","breadcrumb":{"@id":"https:\/\/vorosistvan.hu\/vorosistvanwebaruhaz\/termek\/dvd-tettenertuk-a-pillanatot\/#breadcrumb"},"inLanguage":"hu","potentialAction":[{"@type":"ReadAction","target":["https:\/\/vorosistvan.hu\/vorosistvanwebaruhaz\/termek\/dvd-tettenertuk-a-pillanatot\/"]}]},{"@type":"ImageObject","inLanguage":"hu","@id":"https:\/\/vorosistvan.hu\/vorosistvanwebaruhaz\/termek\/dvd-tettenertuk-a-pillanatot\/#primaryimage","url":"https:\/\/vorosistvan.hu\/vorosistvanwebaruhaz\/wp-content\/uploads\/2020\/11\/02dvd.jpg","contentUrl":"https:\/\/vorosistvan.hu\/vorosistvanwebaruhaz\/wp-content\/uploads\/2020\/11\/02dvd.jpg","width":354,"height":498},{"@type":"BreadcrumbList","@id":"https:\/\/vorosistvan.hu\/vorosistvanwebaruhaz\/termek\/dvd-tettenertuk-a-pillanatot\/#breadcrumb","itemListElement":[{"@type":"ListItem","position":1,"name":"Kezd\u0151lap","item":"https:\/\/vorosistvan.hu\/vorosistvanwebaruhaz\/"},{"@type":"ListItem","position":2,"name":"TERM\u00c9KEK","item":"https:\/\/vorosistvan.hu\/vorosistvanwebaruhaz\/termekek\/"},{"@type":"ListItem","position":3,"name":"Tetten\u00e9rt\u00fck a pillanatot \/ DVD"}]},{"@type":"WebSite","@id":"https:\/\/vorosistvan.hu\/vorosistvanwebaruhaz\/#website","url":"https:\/\/vorosistvan.hu\/vorosistvanwebaruhaz\/","name":"V\u00f6r\u00f6s Istv\u00e1n web\u00e1ruh\u00e1z","description":"","potentialAction":[{"@type":"SearchAction","target":{"@type":"EntryPoint","urlTemplate":"https:\/\/vorosistvan.hu\/vorosistvanwebaruhaz\/?s={search_term_string}"},"query-input":{"@type":"PropertyValueSpecification","valueRequired":true,"valueName":"search_term_string"}}],"inLanguage":"hu"}]}},"_links":{"self":[{"href":"https:\/\/vorosistvan.hu\/vorosistvanwebaruhaz\/wp-json\/wp\/v2\/product\/380","targetHints":{"allow":["GET"]}}],"collection":[{"href":"https:\/\/vorosistvan.hu\/vorosistvanwebaruhaz\/wp-json\/wp\/v2\/product"}],"about":[{"href":"https:\/\/vorosistvan.hu\/vorosistvanwebaruhaz\/wp-json\/wp\/v2\/types\/product"}],"author":[{"embeddable":true,"href":"https:\/\/vorosistvan.hu\/vorosistvanwebaruhaz\/wp-json\/wp\/v2\/users\/1"}],"replies":[{"embeddable":true,"href":"https:\/\/vorosistvan.hu\/vorosistvanwebaruhaz\/wp-json\/wp\/v2\/comments?post=380"}],"wp:featuredmedia":[{"embeddable":true,"href":"https:\/\/vorosistvan.hu\/vorosistvanwebaruhaz\/wp-json\/wp\/v2\/media\/437"}],"wp:attachment":[{"href":"https:\/\/vorosistvan.hu\/vorosistvanwebaruhaz\/wp-json\/wp\/v2\/media?parent=380"}],"wp:term":[{"taxonomy":"product_brand","embeddable":true,"href":"https:\/\/vorosistvan.hu\/vorosistvanwebaruhaz\/wp-json\/wp\/v2\/product_brand?post=380"},{"taxonomy":"product_cat","embeddable":true,"href":"https:\/\/vorosistvan.hu\/vorosistvanwebaruhaz\/wp-json\/wp\/v2\/product_cat?post=380"},{"taxonomy":"product_tag","embeddable":true,"href":"https:\/\/vorosistvan.hu\/vorosistvanwebaruhaz\/wp-json\/wp\/v2\/product_tag?post=380"}],"curies":[{"name":"wp","href":"https:\/\/api.w.org\/{rel}","templated":true}]}}