{"id":4158,"date":"2022-10-03T14:02:33","date_gmt":"2022-10-03T14:02:33","guid":{"rendered":"https:\/\/vorosistvan.hu\/vorosistvanwebaruhaz\/?post_type=product&#038;p=4158"},"modified":"2023-11-02T20:06:57","modified_gmt":"2023-11-02T20:06:57","slug":"cd-hallgass-ha-jot-akarsz-a-legjobb-voros-istvan-dalok-7","status":"publish","type":"product","link":"https:\/\/vorosistvan.hu\/vorosistvanwebaruhaz\/termek\/cd-hallgass-ha-jot-akarsz-a-legjobb-voros-istvan-dalok-7\/","title":{"rendered":"CD &#8211; Hallgass, ha j\u00f3t akarsz! A legjobb V\u00f6r\u00f6s Istv\u00e1n dalok 7."},"content":{"rendered":"<h2 style=\"text-align: center;\"><strong><em>\u00a0<\/em><\/strong><\/h2>\n<h2 style=\"text-align: center;\"><strong>Hallgass, ha j\u00f3t akarsz! \u00a0A legjobb V\u00f6r\u00f6s Istv\u00e1n dalok 7.<\/strong><\/h2>\n<p>Megjelen\u00e9s \u00e9ve: 2022<\/p>\n<p>Kiad\u00f3: V\u00f6r\u00f6s Istv\u00e1n Produkci\u00f3 Kft.<\/p>\n<p>zene-sz\u00f6veg &#8211; hangszerel\u00e9s : V\u00f6r\u00f6s Istv\u00e1n<\/p>\n<p><b>A lemezen hallhatunk gospel k\u00f3russal felvett V\u00f6r\u00f6s Pisti dalt, bluest, von\u00f3sokkal f\u0171szerezett dalokat \u00e9s \u00fajra sz\u00f3l a szaxofon is.\u00a0<\/b><\/p>\n<ol>\n<li><strong>\u00c1mor (\u00faj)<\/strong><\/li>\n<li><strong>Ajt\u00f3k el\u0151tt <\/strong>von\u00f3sokkal<\/li>\n<li><strong>Olyannak szeress <\/strong>ex-\u00faj verzi\u00f3<\/li>\n<li><strong>Jeleket k\u00fcld\u00f6k <\/strong>\u00faj mix<\/li>\n<li><strong>A dal m\u00e9g most is a r\u00e9gi <\/strong>Fradi klip verzi\u00f3<\/li>\n<li><strong>Megv\u00e1r a Balaton <\/strong>retro verzi\u00f3<\/li>\n<li><strong>Marad a k\u00e9rd\u00e9s <\/strong>zenekaros \u00faj mix<\/li>\n<li><strong>Ny\u00faldomb Blues<\/strong> boogie verzi\u00f3<\/li>\n<li><strong>T\u00fcrelem <\/strong>ex-\u00faj verzi\u00f3<\/li>\n<li><strong>Ma \u00e9jszaka <\/strong>gospel k\u00f3russal<\/li>\n<li><strong>Mindent, csak azt nem <\/strong>szaxis verzi\u00f3<\/li>\n<li><strong>P\u00e1r \u00f3r\u00e1s \u00f6r\u00f6m <\/strong>duett St. Martinnal 1992<\/li>\n<\/ol>\n<p>+B\u00f3nus track: <strong>\u00a0Nem v\u00e1rok, m\u00edg lemegy a nap <\/strong>remix<\/p>\n","protected":false},"excerpt":{"rendered":"<p>\u00a0 Hallgass, ha j\u00f3t akarsz! \u00a0A legjobb V\u00f6r\u00f6s Istv\u00e1n dalok 7. Megjelen\u00e9s \u00e9ve: 2022 Kiad\u00f3: V\u00f6r\u00f6s Istv\u00e1n Produkci\u00f3 Kft. zene-sz\u00f6veg &#8211; hangszerel\u00e9s : V\u00f6r\u00f6s Istv\u00e1n A lemezen hallhatunk gospel k\u00f3russal felvett V\u00f6r\u00f6s Pisti dalt, bluest, von\u00f3sokkal f\u0171szerezett dalokat \u00e9s \u00fajra sz\u00f3l a szaxofon is.\u00a0 \u00c1mor (\u00faj) Ajt\u00f3k el\u0151tt von\u00f3sokkal Olyannak szeress ex-\u00faj verzi\u00f3 Jeleket k\u00fcld\u00f6k&hellip;&nbsp;<a href=\"https:\/\/vorosistvan.hu\/vorosistvanwebaruhaz\/termek\/cd-hallgass-ha-jot-akarsz-a-legjobb-voros-istvan-dalok-7\/\" rel=\"bookmark\">Read More &raquo;<span class=\"screen-reader-text\">CD &#8211; Hallgass, ha j\u00f3t akarsz! A legjobb V\u00f6r\u00f6s Istv\u00e1n dalok 7.<\/span><\/a><\/p>\n","protected":false},"author":1,"featured_media":4159,"comment_status":"closed","ping_status":"closed","template":"","meta":{"neve_meta_sidebar":"","neve_meta_container":"","neve_meta_enable_content_width":"on","neve_meta_content_width":70,"neve_meta_title_alignment":"","neve_meta_author_avatar":"","neve_post_elements_order":"","neve_meta_disable_header":"","neve_meta_disable_footer":"","neve_meta_disable_title":""},"product_brand":[],"product_cat":[22],"product_tag":[],"class_list":{"0":"post-4158","1":"product","2":"type-product","3":"status-publish","4":"has-post-thumbnail","6":"product_cat-cd-lemezek","7":"product_shipping_class-cd","9":"first","10":"instock","11":"shipping-taxable","12":"purchasable","13":"product-type-simple"},"yoast_head":"<!-- This site is optimized with the Yoast SEO plugin v27.4 - https:\/\/yoast.com\/product\/yoast-seo-wordpress\/ -->\n<title>CD Hallgass, ha j\u00f3t akarsz! \u00a0A legjobb V\u00f6r\u00f6s Istv\u00e1n dalok 7.<\/title>\n<meta name=\"description\" content=\"CD Hallgass, ha j\u00f3t akarsz! \u00a0A legjobb V\u00f6r\u00f6s Istv\u00e1n dalok 7. V\u00f6r\u00f6s Istv\u00e1n dalok \u00fajra hangszerelve, r\u00f6gz\u00edtve. \u00daj hangulatokat \u00e9breszt a hallgat\u00f3kban.\" \/>\n<meta name=\"robots\" content=\"index, follow, max-snippet:-1, max-image-preview:large, max-video-preview:-1\" \/>\n<link rel=\"canonical\" href=\"https:\/\/vorosistvan.hu\/vorosistvanwebaruhaz\/termek\/cd-hallgass-ha-jot-akarsz-a-legjobb-voros-istvan-dalok-7\/\" \/>\n<meta property=\"og:locale\" content=\"hu_HU\" \/>\n<meta property=\"og:type\" content=\"article\" \/>\n<meta property=\"og:title\" content=\"CD Hallgass, ha j\u00f3t akarsz! \u00a0A legjobb V\u00f6r\u00f6s Istv\u00e1n dalok 7.\" \/>\n<meta property=\"og:description\" content=\"CD Hallgass, ha j\u00f3t akarsz! \u00a0A legjobb V\u00f6r\u00f6s Istv\u00e1n dalok 7. V\u00f6r\u00f6s Istv\u00e1n dalok \u00fajra hangszerelve, r\u00f6gz\u00edtve. \u00daj hangulatokat \u00e9breszt a hallgat\u00f3kban.\" \/>\n<meta property=\"og:url\" content=\"https:\/\/vorosistvan.hu\/vorosistvanwebaruhaz\/termek\/cd-hallgass-ha-jot-akarsz-a-legjobb-voros-istvan-dalok-7\/\" \/>\n<meta property=\"og:site_name\" content=\"V\u00f6r\u00f6s Istv\u00e1n web\u00e1ruh\u00e1z\" \/>\n<meta property=\"article:modified_time\" content=\"2023-11-02T20:06:57+00:00\" \/>\n<meta property=\"og:image\" content=\"https:\/\/vorosistvan.hu\/vorosistvanwebaruhaz\/wp-content\/uploads\/2022\/10\/Hallgass-7-front-kicsi-meret.jpg\" \/>\n\t<meta property=\"og:image:width\" content=\"500\" \/>\n\t<meta property=\"og:image:height\" content=\"467\" \/>\n\t<meta property=\"og:image:type\" content=\"image\/jpeg\" \/>\n<meta name=\"twitter:card\" content=\"summary_large_image\" \/>\n<meta name=\"twitter:label1\" content=\"Becs\u00fclt olvas\u00e1si id\u0151\" \/>\n\t<meta name=\"twitter:data1\" content=\"1 perc\" \/>\n<script type=\"application\/ld+json\" class=\"yoast-schema-graph\">{\"@context\":\"https:\\\/\\\/schema.org\",\"@graph\":[{\"@type\":\"WebPage\",\"@id\":\"https:\\\/\\\/vorosistvan.hu\\\/vorosistvanwebaruhaz\\\/termek\\\/cd-hallgass-ha-jot-akarsz-a-legjobb-voros-istvan-dalok-7\\\/\",\"url\":\"https:\\\/\\\/vorosistvan.hu\\\/vorosistvanwebaruhaz\\\/termek\\\/cd-hallgass-ha-jot-akarsz-a-legjobb-voros-istvan-dalok-7\\\/\",\"name\":\"CD Hallgass, ha j\u00f3t akarsz! \u00a0A legjobb V\u00f6r\u00f6s Istv\u00e1n dalok 7.\",\"isPartOf\":{\"@id\":\"https:\\\/\\\/vorosistvan.hu\\\/vorosistvanwebaruhaz\\\/#website\"},\"primaryImageOfPage\":{\"@id\":\"https:\\\/\\\/vorosistvan.hu\\\/vorosistvanwebaruhaz\\\/termek\\\/cd-hallgass-ha-jot-akarsz-a-legjobb-voros-istvan-dalok-7\\\/#primaryimage\"},\"image\":{\"@id\":\"https:\\\/\\\/vorosistvan.hu\\\/vorosistvanwebaruhaz\\\/termek\\\/cd-hallgass-ha-jot-akarsz-a-legjobb-voros-istvan-dalok-7\\\/#primaryimage\"},\"thumbnailUrl\":\"https:\\\/\\\/vorosistvan.hu\\\/vorosistvanwebaruhaz\\\/wp-content\\\/uploads\\\/2022\\\/10\\\/Hallgass-7-front-kicsi-meret.jpg\",\"datePublished\":\"2022-10-03T14:02:33+00:00\",\"dateModified\":\"2023-11-02T20:06:57+00:00\",\"description\":\"CD Hallgass, ha j\u00f3t akarsz! \u00a0A legjobb V\u00f6r\u00f6s Istv\u00e1n dalok 7. V\u00f6r\u00f6s Istv\u00e1n dalok \u00fajra hangszerelve, r\u00f6gz\u00edtve. \u00daj hangulatokat \u00e9breszt a hallgat\u00f3kban.\",\"breadcrumb\":{\"@id\":\"https:\\\/\\\/vorosistvan.hu\\\/vorosistvanwebaruhaz\\\/termek\\\/cd-hallgass-ha-jot-akarsz-a-legjobb-voros-istvan-dalok-7\\\/#breadcrumb\"},\"inLanguage\":\"hu\",\"potentialAction\":[{\"@type\":\"ReadAction\",\"target\":[\"https:\\\/\\\/vorosistvan.hu\\\/vorosistvanwebaruhaz\\\/termek\\\/cd-hallgass-ha-jot-akarsz-a-legjobb-voros-istvan-dalok-7\\\/\"]}]},{\"@type\":\"ImageObject\",\"inLanguage\":\"hu\",\"@id\":\"https:\\\/\\\/vorosistvan.hu\\\/vorosistvanwebaruhaz\\\/termek\\\/cd-hallgass-ha-jot-akarsz-a-legjobb-voros-istvan-dalok-7\\\/#primaryimage\",\"url\":\"https:\\\/\\\/vorosistvan.hu\\\/vorosistvanwebaruhaz\\\/wp-content\\\/uploads\\\/2022\\\/10\\\/Hallgass-7-front-kicsi-meret.jpg\",\"contentUrl\":\"https:\\\/\\\/vorosistvan.hu\\\/vorosistvanwebaruhaz\\\/wp-content\\\/uploads\\\/2022\\\/10\\\/Hallgass-7-front-kicsi-meret.jpg\",\"width\":500,\"height\":467},{\"@type\":\"BreadcrumbList\",\"@id\":\"https:\\\/\\\/vorosistvan.hu\\\/vorosistvanwebaruhaz\\\/termek\\\/cd-hallgass-ha-jot-akarsz-a-legjobb-voros-istvan-dalok-7\\\/#breadcrumb\",\"itemListElement\":[{\"@type\":\"ListItem\",\"position\":1,\"name\":\"Kezd\u0151lap\",\"item\":\"https:\\\/\\\/vorosistvan.hu\\\/vorosistvanwebaruhaz\\\/\"},{\"@type\":\"ListItem\",\"position\":2,\"name\":\"TERM\u00c9KEK\",\"item\":\"https:\\\/\\\/vorosistvan.hu\\\/vorosistvanwebaruhaz\\\/termekek\\\/\"},{\"@type\":\"ListItem\",\"position\":3,\"name\":\"CD &#8211; Hallgass, ha j\u00f3t akarsz! A legjobb V\u00f6r\u00f6s Istv\u00e1n dalok 7.\"}]},{\"@type\":\"WebSite\",\"@id\":\"https:\\\/\\\/vorosistvan.hu\\\/vorosistvanwebaruhaz\\\/#website\",\"url\":\"https:\\\/\\\/vorosistvan.hu\\\/vorosistvanwebaruhaz\\\/\",\"name\":\"V\u00f6r\u00f6s Istv\u00e1n web\u00e1ruh\u00e1z\",\"description\":\"\",\"potentialAction\":[{\"@type\":\"SearchAction\",\"target\":{\"@type\":\"EntryPoint\",\"urlTemplate\":\"https:\\\/\\\/vorosistvan.hu\\\/vorosistvanwebaruhaz\\\/?s={search_term_string}\"},\"query-input\":{\"@type\":\"PropertyValueSpecification\",\"valueRequired\":true,\"valueName\":\"search_term_string\"}}],\"inLanguage\":\"hu\"}]}<\/script>\n<!-- \/ Yoast SEO plugin. -->","yoast_head_json":{"title":"CD Hallgass, ha j\u00f3t akarsz! \u00a0A legjobb V\u00f6r\u00f6s Istv\u00e1n dalok 7.","description":"CD Hallgass, ha j\u00f3t akarsz! \u00a0A legjobb V\u00f6r\u00f6s Istv\u00e1n dalok 7. V\u00f6r\u00f6s Istv\u00e1n dalok \u00fajra hangszerelve, r\u00f6gz\u00edtve. \u00daj hangulatokat \u00e9breszt a hallgat\u00f3kban.","robots":{"index":"index","follow":"follow","max-snippet":"max-snippet:-1","max-image-preview":"max-image-preview:large","max-video-preview":"max-video-preview:-1"},"canonical":"https:\/\/vorosistvan.hu\/vorosistvanwebaruhaz\/termek\/cd-hallgass-ha-jot-akarsz-a-legjobb-voros-istvan-dalok-7\/","og_locale":"hu_HU","og_type":"article","og_title":"CD Hallgass, ha j\u00f3t akarsz! \u00a0A legjobb V\u00f6r\u00f6s Istv\u00e1n dalok 7.","og_description":"CD Hallgass, ha j\u00f3t akarsz! \u00a0A legjobb V\u00f6r\u00f6s Istv\u00e1n dalok 7. V\u00f6r\u00f6s Istv\u00e1n dalok \u00fajra hangszerelve, r\u00f6gz\u00edtve. \u00daj hangulatokat \u00e9breszt a hallgat\u00f3kban.","og_url":"https:\/\/vorosistvan.hu\/vorosistvanwebaruhaz\/termek\/cd-hallgass-ha-jot-akarsz-a-legjobb-voros-istvan-dalok-7\/","og_site_name":"V\u00f6r\u00f6s Istv\u00e1n web\u00e1ruh\u00e1z","article_modified_time":"2023-11-02T20:06:57+00:00","og_image":[{"width":500,"height":467,"url":"https:\/\/vorosistvan.hu\/vorosistvanwebaruhaz\/wp-content\/uploads\/2022\/10\/Hallgass-7-front-kicsi-meret.jpg","type":"image\/jpeg"}],"twitter_card":"summary_large_image","twitter_misc":{"Becs\u00fclt olvas\u00e1si id\u0151":"1 perc"},"schema":{"@context":"https:\/\/schema.org","@graph":[{"@type":"WebPage","@id":"https:\/\/vorosistvan.hu\/vorosistvanwebaruhaz\/termek\/cd-hallgass-ha-jot-akarsz-a-legjobb-voros-istvan-dalok-7\/","url":"https:\/\/vorosistvan.hu\/vorosistvanwebaruhaz\/termek\/cd-hallgass-ha-jot-akarsz-a-legjobb-voros-istvan-dalok-7\/","name":"CD Hallgass, ha j\u00f3t akarsz! \u00a0A legjobb V\u00f6r\u00f6s Istv\u00e1n dalok 7.","isPartOf":{"@id":"https:\/\/vorosistvan.hu\/vorosistvanwebaruhaz\/#website"},"primaryImageOfPage":{"@id":"https:\/\/vorosistvan.hu\/vorosistvanwebaruhaz\/termek\/cd-hallgass-ha-jot-akarsz-a-legjobb-voros-istvan-dalok-7\/#primaryimage"},"image":{"@id":"https:\/\/vorosistvan.hu\/vorosistvanwebaruhaz\/termek\/cd-hallgass-ha-jot-akarsz-a-legjobb-voros-istvan-dalok-7\/#primaryimage"},"thumbnailUrl":"https:\/\/vorosistvan.hu\/vorosistvanwebaruhaz\/wp-content\/uploads\/2022\/10\/Hallgass-7-front-kicsi-meret.jpg","datePublished":"2022-10-03T14:02:33+00:00","dateModified":"2023-11-02T20:06:57+00:00","description":"CD Hallgass, ha j\u00f3t akarsz! \u00a0A legjobb V\u00f6r\u00f6s Istv\u00e1n dalok 7. V\u00f6r\u00f6s Istv\u00e1n dalok \u00fajra hangszerelve, r\u00f6gz\u00edtve. \u00daj hangulatokat \u00e9breszt a hallgat\u00f3kban.","breadcrumb":{"@id":"https:\/\/vorosistvan.hu\/vorosistvanwebaruhaz\/termek\/cd-hallgass-ha-jot-akarsz-a-legjobb-voros-istvan-dalok-7\/#breadcrumb"},"inLanguage":"hu","potentialAction":[{"@type":"ReadAction","target":["https:\/\/vorosistvan.hu\/vorosistvanwebaruhaz\/termek\/cd-hallgass-ha-jot-akarsz-a-legjobb-voros-istvan-dalok-7\/"]}]},{"@type":"ImageObject","inLanguage":"hu","@id":"https:\/\/vorosistvan.hu\/vorosistvanwebaruhaz\/termek\/cd-hallgass-ha-jot-akarsz-a-legjobb-voros-istvan-dalok-7\/#primaryimage","url":"https:\/\/vorosistvan.hu\/vorosistvanwebaruhaz\/wp-content\/uploads\/2022\/10\/Hallgass-7-front-kicsi-meret.jpg","contentUrl":"https:\/\/vorosistvan.hu\/vorosistvanwebaruhaz\/wp-content\/uploads\/2022\/10\/Hallgass-7-front-kicsi-meret.jpg","width":500,"height":467},{"@type":"BreadcrumbList","@id":"https:\/\/vorosistvan.hu\/vorosistvanwebaruhaz\/termek\/cd-hallgass-ha-jot-akarsz-a-legjobb-voros-istvan-dalok-7\/#breadcrumb","itemListElement":[{"@type":"ListItem","position":1,"name":"Kezd\u0151lap","item":"https:\/\/vorosistvan.hu\/vorosistvanwebaruhaz\/"},{"@type":"ListItem","position":2,"name":"TERM\u00c9KEK","item":"https:\/\/vorosistvan.hu\/vorosistvanwebaruhaz\/termekek\/"},{"@type":"ListItem","position":3,"name":"CD &#8211; Hallgass, ha j\u00f3t akarsz! A legjobb V\u00f6r\u00f6s Istv\u00e1n dalok 7."}]},{"@type":"WebSite","@id":"https:\/\/vorosistvan.hu\/vorosistvanwebaruhaz\/#website","url":"https:\/\/vorosistvan.hu\/vorosistvanwebaruhaz\/","name":"V\u00f6r\u00f6s Istv\u00e1n web\u00e1ruh\u00e1z","description":"","potentialAction":[{"@type":"SearchAction","target":{"@type":"EntryPoint","urlTemplate":"https:\/\/vorosistvan.hu\/vorosistvanwebaruhaz\/?s={search_term_string}"},"query-input":{"@type":"PropertyValueSpecification","valueRequired":true,"valueName":"search_term_string"}}],"inLanguage":"hu"}]}},"_links":{"self":[{"href":"https:\/\/vorosistvan.hu\/vorosistvanwebaruhaz\/wp-json\/wp\/v2\/product\/4158","targetHints":{"allow":["GET"]}}],"collection":[{"href":"https:\/\/vorosistvan.hu\/vorosistvanwebaruhaz\/wp-json\/wp\/v2\/product"}],"about":[{"href":"https:\/\/vorosistvan.hu\/vorosistvanwebaruhaz\/wp-json\/wp\/v2\/types\/product"}],"author":[{"embeddable":true,"href":"https:\/\/vorosistvan.hu\/vorosistvanwebaruhaz\/wp-json\/wp\/v2\/users\/1"}],"replies":[{"embeddable":true,"href":"https:\/\/vorosistvan.hu\/vorosistvanwebaruhaz\/wp-json\/wp\/v2\/comments?post=4158"}],"wp:featuredmedia":[{"embeddable":true,"href":"https:\/\/vorosistvan.hu\/vorosistvanwebaruhaz\/wp-json\/wp\/v2\/media\/4159"}],"wp:attachment":[{"href":"https:\/\/vorosistvan.hu\/vorosistvanwebaruhaz\/wp-json\/wp\/v2\/media?parent=4158"}],"wp:term":[{"taxonomy":"product_brand","embeddable":true,"href":"https:\/\/vorosistvan.hu\/vorosistvanwebaruhaz\/wp-json\/wp\/v2\/product_brand?post=4158"},{"taxonomy":"product_cat","embeddable":true,"href":"https:\/\/vorosistvan.hu\/vorosistvanwebaruhaz\/wp-json\/wp\/v2\/product_cat?post=4158"},{"taxonomy":"product_tag","embeddable":true,"href":"https:\/\/vorosistvan.hu\/vorosistvanwebaruhaz\/wp-json\/wp\/v2\/product_tag?post=4158"}],"curies":[{"name":"wp","href":"https:\/\/api.w.org\/{rel}","templated":true}]}}